{"id":16687,"date":"2021-11-16T21:15:45","date_gmt":"2021-11-16T21:15:45","guid":{"rendered":"http:\/\/staging.anfibio.com\/imprint\/"},"modified":"2024-10-04T07:27:12","modified_gmt":"2024-10-04T07:27:12","slug":"imprint","status":"publish","type":"page","link":"https:\/\/www.anfibio.com\/en\/imprint\/","title":{"rendered":"Imprint"},"content":{"rendered":"\t\t<div data-elementor-type=\"wp-page\" data-elementor-id=\"16687\" class=\"elementor elementor-16687 elementor-2380\" data-elementor-post-type=\"page\">\n\t\t\t\t\t\t<section class=\"elementor-section elementor-top-section elementor-element elementor-element-17a6f4c1 elementor-section-stretched elementor-section-boxed elementor-section-height-default elementor-section-height-default\" data-id=\"17a6f4c1\" data-element_type=\"section\" data-e-type=\"section\" id=\"veranstalter\" data-settings=\"{&quot;stretch_section&quot;:&quot;section-stretched&quot;,&quot;background_background&quot;:&quot;classic&quot;}\">\n\t\t\t\t\t\t\t<div class=\"elementor-background-overlay\"><\/div>\n\t\t\t\t\t\t\t<div class=\"elementor-container elementor-column-gap-default\">\n\t\t\t\t\t<div class=\"elementor-column elementor-col-100 elementor-top-column elementor-element elementor-element-76390581\" data-id=\"76390581\" data-element_type=\"column\" data-e-type=\"column\">\n\t\t\t<div class=\"elementor-widget-wrap elementor-element-populated\">\n\t\t\t\t\t\t<div class=\"elementor-element elementor-element-c7a8edb elementor-widget elementor-widget-heading\" data-id=\"c7a8edb\" data-element_type=\"widget\" data-e-type=\"widget\" data-widget_type=\"heading.default\">\n\t\t\t\t\t<h3 class=\"elementor-heading-title elementor-size-default\">Imprint<\/h3>\t\t\t\t<\/div>\n\t\t\t\t<div class=\"elementor-element elementor-element-65de6b0 elementor-widget elementor-widget-heading\" data-id=\"65de6b0\" data-element_type=\"widget\" data-e-type=\"widget\" data-widget_type=\"heading.default\">\n\t\t\t\t\t<h2 class=\"elementor-heading-title elementor-size-default\">Information provided according to Sec. 5 German Telemedia Act (TMG):<\/h2>\t\t\t\t<\/div>\n\t\t\t\t<div class=\"elementor-element elementor-element-099daa4 elementor-widget elementor-widget-text-editor\" data-id=\"099daa4\" data-element_type=\"widget\" data-e-type=\"widget\" data-widget_type=\"text-editor.default\">\n\t\t\t\t\t\t\t\t\t<p>Anfibio Packrafting, Schellin &amp; Kreinacker GbR<br>K\u00f6rnerplatz 6<br>04107 Leipzig<\/p>\t\t\t\t\t\t\t\t<\/div>\n\t\t\t\t<div class=\"elementor-element elementor-element-bb497f7 elementor-widget elementor-widget-heading\" data-id=\"bb497f7\" data-element_type=\"widget\" data-e-type=\"widget\" data-widget_type=\"heading.default\">\n\t\t\t\t\t<h2 class=\"elementor-heading-title elementor-size-default\">Represented by<\/h2>\t\t\t\t<\/div>\n\t\t\t\t<div class=\"elementor-element elementor-element-1d5f6f7 elementor-widget elementor-widget-text-editor\" data-id=\"1d5f6f7\" data-element_type=\"widget\" data-e-type=\"widget\" data-widget_type=\"text-editor.default\">\n\t\t\t\t\t\t\t\t\t<p>Marc Kreinacker and Sven Schellin<\/p>\t\t\t\t\t\t\t\t<\/div>\n\t\t\t\t<div class=\"elementor-element elementor-element-8a5fa67 elementor-widget elementor-widget-heading\" data-id=\"8a5fa67\" data-element_type=\"widget\" data-e-type=\"widget\" data-widget_type=\"heading.default\">\n\t\t\t\t\t<h2 class=\"elementor-heading-title elementor-size-default\">Contact<\/h2>\t\t\t\t<\/div>\n\t\t\t\t<div class=\"elementor-element elementor-element-3013d94 elementor-widget elementor-widget-text-editor\" data-id=\"3013d94\" data-element_type=\"widget\" data-e-type=\"widget\" data-widget_type=\"text-editor.default\">\n\t\t\t\t\t\t\t\t\t<p>Telephone: +49(0)341-39281264<\/p>\n<p>E-mail: info@anfibio.com<\/p>\t\t\t\t\t\t\t\t<\/div>\n\t\t\t\t<div class=\"elementor-element elementor-element-1123b55 elementor-widget elementor-widget-heading\" data-id=\"1123b55\" data-element_type=\"widget\" data-e-type=\"widget\" data-widget_type=\"heading.default\">\n\t\t\t\t\t<h2 class=\"elementor-heading-title elementor-size-default\">VAT<\/h2>\t\t\t\t<\/div>\n\t\t\t\t<div class=\"elementor-element elementor-element-f468e7a elementor-widget elementor-widget-text-editor\" data-id=\"f468e7a\" data-element_type=\"widget\" data-e-type=\"widget\" data-widget_type=\"text-editor.default\">\n\t\t\t\t\t\t\t\t\tVAT Id number according to Sec. 27 a German Value Added Tax Act: DE815376306\t\t\t\t\t\t\t\t<\/div>\n\t\t\t\t<div class=\"elementor-element elementor-element-002169c elementor-widget elementor-widget-heading\" data-id=\"002169c\" data-element_type=\"widget\" data-e-type=\"widget\" data-widget_type=\"heading.default\">\n\t\t\t\t\t<h2 class=\"elementor-heading-title elementor-size-default\">Dispute resolution<\/h2>\t\t\t\t<\/div>\n\t\t\t\t<div class=\"elementor-element elementor-element-98539ad elementor-widget elementor-widget-text-editor\" data-id=\"98539ad\" data-element_type=\"widget\" data-e-type=\"widget\" data-widget_type=\"text-editor.default\">\n\t\t\t\t\t\t\t\t\tThe European Commission provides a platform for online dispute resolution (OS): https:\/\/ec.europa.eu\/consumers\/odr.\n\nPlease find our e-mail in the impressum\/legal notice.\n\nWe do not take part in online dispute resolutions at consumer arbitration boards.\t\t\t\t\t\t\t\t<\/div>\n\t\t\t\t<div class=\"elementor-element elementor-element-9f08680 elementor-widget elementor-widget-heading\" data-id=\"9f08680\" data-element_type=\"widget\" data-e-type=\"widget\" data-widget_type=\"heading.default\">\n\t\t\t\t\t<h2 class=\"elementor-heading-title elementor-size-default\">Liability of contents<\/h2>\t\t\t\t<\/div>\n\t\t\t\t<div class=\"elementor-element elementor-element-794f52f elementor-widget elementor-widget-text-editor\" data-id=\"794f52f\" data-element_type=\"widget\" data-e-type=\"widget\" data-widget_type=\"text-editor.default\">\n\t\t\t\t\t\t\t\t\tAs service providers, we are liable for own contents of these websites according to Sec. 7, paragraph 1 German Telemedia Act (TMG) However, according to Sec. 8 to 10 German Telemedia Act (TMG), service providers are not obligated to permanently monitor submitted or stored information or to search for evidences that indicate illegal activities.\n\nLegal obligations to removing information or to blocking the use of information remain unchallenged. In this case, liability is only possible at the time of knowledge about a specific violation of law. Illegal contents will be removed immediately at the time we get knowledge of them.\t\t\t\t\t\t\t\t<\/div>\n\t\t\t\t<div class=\"elementor-element elementor-element-9aad64f elementor-widget elementor-widget-heading\" data-id=\"9aad64f\" data-element_type=\"widget\" data-e-type=\"widget\" data-widget_type=\"heading.default\">\n\t\t\t\t\t<h2 class=\"elementor-heading-title elementor-size-default\">Liability for links<\/h2>\t\t\t\t<\/div>\n\t\t\t\t<div class=\"elementor-element elementor-element-40e6d14 elementor-widget elementor-widget-text-editor\" data-id=\"40e6d14\" data-element_type=\"widget\" data-e-type=\"widget\" data-widget_type=\"text-editor.default\">\n\t\t\t\t\t\t\t\t\t<p>Our offer includes links to external third party websites. We have no influence on the contents of those websites, therefore we cannot guarantee for those contents. Providers or administrators of linked websites are always responsible for their own contents. The linked websites had been checked for possible violations of law at the time of the establishment of the link. Illegal contents were not detected at the time of the linking.<\/p><p>A permanent monitoring of the contents of linked websites cannot be imposed without reasonable indications that there has been a violation of law. Illegal links will be removed immediately at the time we get knowledge of them.<\/p>\t\t\t\t\t\t\t\t<\/div>\n\t\t\t\t<div class=\"elementor-element elementor-element-1b7e5b8 elementor-widget elementor-widget-heading\" data-id=\"1b7e5b8\" data-element_type=\"widget\" data-e-type=\"widget\" data-widget_type=\"heading.default\">\n\t\t\t\t\t<h2 class=\"elementor-heading-title elementor-size-default\">Copyright<\/h2>\t\t\t\t<\/div>\n\t\t\t\t<div class=\"elementor-element elementor-element-7701fa5 elementor-widget elementor-widget-text-editor\" data-id=\"7701fa5\" data-element_type=\"widget\" data-e-type=\"widget\" data-widget_type=\"text-editor.default\">\n\t\t\t\t\t\t\t\t\t<p>Contents and compilations published on these websites by the providers are subject to German copyright laws. Reproduction, editing, distribution as well as the use of any kind outside the scope of the copyright law require a written permission of the author or originator. Downloads and copies of these websites are permitted for private use only. The commercial use of our contents without permission of the originator is prohibited.<\/p>\n<p>&nbsp;<\/p>\n<p>Copyright laws of third parties are respected as long as the contents on these websites do not originate from the provider Contributions of third parties on this site are indicated as such. However, if you notice any violations of copyright law, please inform us. Such contents will be removed immediately.<\/p>\n<p>&nbsp;<\/p>\n<p>Photo credit: All rights reserved.<\/p>\n<p>&nbsp;<\/p>\n<p>Photos: Thomas Butzmann,&nbsp;<span style=\"color: var( --e-global-color-21c35d7 );font-family: Exo, sans-serif\">Sven Schellin, Marc Kreinacker,&nbsp;<\/span><span style=\"color: var( --e-global-color-21c35d7 );font-family: Exo, sans-serif\">Lutz R\u00f6\u00dfiger, Lisa Kristin Schr\u00f6tter, Christian Martischius, Daniel Viol, Denis Closen, Gabriel Gersch, Holger Lieberenz, Matthias Henke, Mirko Fitschener, Tim Heide, Gerard Anton, Chris Scott, Felix Fogelstaller, Theo Larn-Jones, Gordon Bieling, Hans J\u00f6rg Ransmayr, Kilian Reil, Nils Junker, Peter Sikker, Richard L\u00f6wenherz, Robert Neu, Sebastian Schweizer, Steve Graepel, Joni Palom\u00e4ki,&nbsp;Patosan Manriquez, Alan Klee,&nbsp;Taulant Hoxha,&nbsp;Juliane Hermelbracht, Nicholas Brooks, Peggy Fischer, Tobias Schorcht,&nbsp;<\/span><span style=\"font-family: Exo, sans-serif\">Anthony Komarnicki, PlasticBank<sup>\u00ae<\/sup>, Hans-Georg Moll, Jan Vincent Kleine,&nbsp;<\/span>erlebe.bayern &#8211; Thomas Linkel,&nbsp;Mi\u0161ka Izakovi\u010dov\u00e1, Paul Taylor<span style=\"font-family: Exo, sans-serif\"><br><\/span><\/p>\n<p><span style=\"font-family: Exo, sans-serif;color: var( --e-global-color-21c35d7 )\">&nbsp;<\/span><\/p>\n<p>Icons: www.flaticon.com<\/p>\n<p><span style=\"color: var( --e-global-color-21c35d7 );font-family: Exo, sans-serif\">&nbsp;<\/span><\/p>\n<p>Web design: digitalwert\u00ae Agentur f\u00fcr digitale Wertsch\u00f6pfung GmbH<\/p>\n<p><span style=\"color: var( --e-global-color-21c35d7 );font-family: Exo, sans-serif\">&nbsp;<\/span><\/p>\n<p>Content: Anfibio Packrafting, Schellin &amp; Kreinacker GbR<\/p>\t\t\t\t\t\t\t\t<\/div>\n\t\t\t\t\t<\/div>\n\t\t<\/div>\n\t\t\t\t\t<\/div>\n\t\t<\/section>\n\t\t\t\t<section class=\"elementor-section elementor-top-section elementor-element elementor-element-c472f95 elementor-section-stretched elementor-section-boxed elementor-section-height-default elementor-section-height-default\" data-id=\"c472f95\" data-element_type=\"section\" data-e-type=\"section\" data-settings=\"{&quot;stretch_section&quot;:&quot;section-stretched&quot;,&quot;background_background&quot;:&quot;classic&quot;}\">\n\t\t\t\t\t\t\t<div class=\"elementor-background-overlay\"><\/div>\n\t\t\t\t\t\t\t<div class=\"elementor-container elementor-column-gap-default\">\n\t\t\t\t\t<div class=\"elementor-column elementor-col-100 elementor-top-column elementor-element elementor-element-4856a25\" data-id=\"4856a25\" data-element_type=\"column\" data-e-type=\"column\">\n\t\t\t<div class=\"elementor-widget-wrap elementor-element-populated\">\n\t\t\t\t\t\t<div class=\"elementor-element elementor-element-f56098f elementor-widget elementor-widget-spacer\" data-id=\"f56098f\" data-element_type=\"widget\" data-e-type=\"widget\" data-widget_type=\"spacer.default\">\n\t\t\t\t\t\t\t<div class=\"elementor-spacer\">\n\t\t\t<div class=\"elementor-spacer-inner\"><\/div>\n\t\t<\/div>\n\t\t\t\t\t\t<\/div>\n\t\t\t\t\t<\/div>\n\t\t<\/div>\n\t\t\t\t\t<\/div>\n\t\t<\/section>\n\t\t\t\t<\/div>\n\t\t","protected":false},"excerpt":{"rendered":"<p>Imprint Information provided according to Sec. 5 German Telemedia Act (TMG): Anfibio Packrafting, Schellin &amp; Kreinacker GbRK\u00f6rnerplatz 604107 Leipzig Represented by Marc Kreinacker and Sven Schellin Contact Telephone: +49(0)341-39281264 E-mail: info@anfibio.com VAT VAT Id number according to Sec. 27 a German Value Added Tax Act: DE815376306 Dispute resolution The European Commission provides a platform for [&hellip;]<\/p>\n","protected":false},"author":6,"featured_media":0,"parent":0,"menu_order":7,"comment_status":"closed","ping_status":"closed","template":"","meta":{"_acf_changed":false,"footnotes":""},"class_list":["post-16687","page","type-page","status-publish","hentry"],"acf":[],"yoast_head":"<!-- This site is optimized with the Yoast SEO plugin v27.3 - https:\/\/yoast.com\/product\/yoast-seo-wordpress\/ -->\n<title>Imprint | Anfibio Packrafting<\/title>\n<meta name=\"description\" content=\"Here you can find the imprint of Anfibio Packrafting!\" \/>\n<meta name=\"robots\" content=\"index, follow, max-snippet:-1, max-image-preview:large, max-video-preview:-1\" \/>\n<link rel=\"canonical\" href=\"https:\/\/www.anfibio.com\/en\/imprint\/\" \/>\n<meta property=\"og:locale\" content=\"en_US\" \/>\n<meta property=\"og:type\" content=\"article\" \/>\n<meta property=\"og:title\" content=\"Imprint | Anfibio Packrafting\" \/>\n<meta property=\"og:description\" content=\"Here you can find the imprint of Anfibio Packrafting!\" \/>\n<meta property=\"og:url\" content=\"https:\/\/www.anfibio.com\/en\/imprint\/\" \/>\n<meta property=\"og:site_name\" content=\"Anfibio\" \/>\n<meta property=\"article:modified_time\" content=\"2024-10-04T07:27:12+00:00\" \/>\n<meta name=\"twitter:card\" content=\"summary_large_image\" \/>\n<meta name=\"twitter:label1\" content=\"Est. reading time\" \/>\n\t<meta name=\"twitter:data1\" content=\"3 minutes\" \/>\n<!-- \/ Yoast SEO plugin. -->","yoast_head_json":{"title":"Imprint | Anfibio Packrafting","description":"Here you can find the imprint of Anfibio Packrafting!","robots":{"index":"index","follow":"follow","max-snippet":"max-snippet:-1","max-image-preview":"max-image-preview:large","max-video-preview":"max-video-preview:-1"},"canonical":"https:\/\/www.anfibio.com\/en\/imprint\/","og_locale":"en_US","og_type":"article","og_title":"Imprint | Anfibio Packrafting","og_description":"Here you can find the imprint of Anfibio Packrafting!","og_url":"https:\/\/www.anfibio.com\/en\/imprint\/","og_site_name":"Anfibio","article_modified_time":"2024-10-04T07:27:12+00:00","twitter_card":"summary_large_image","twitter_misc":{"Est. reading time":"3 minutes"},"schema":{"@context":"https:\/\/schema.org","@graph":[{"@type":"WebPage","@id":"https:\/\/www.anfibio.com\/en\/imprint\/","url":"https:\/\/www.anfibio.com\/en\/imprint\/","name":"Imprint | Anfibio Packrafting","isPartOf":{"@id":"https:\/\/www.anfibio.com\/en\/#website"},"datePublished":"2021-11-16T21:15:45+00:00","dateModified":"2024-10-04T07:27:12+00:00","description":"Here you can find the imprint of Anfibio Packrafting!","breadcrumb":{"@id":"https:\/\/www.anfibio.com\/en\/imprint\/#breadcrumb"},"inLanguage":"en-US","potentialAction":[{"@type":"ReadAction","target":["https:\/\/www.anfibio.com\/en\/imprint\/"]}]},{"@type":"BreadcrumbList","@id":"https:\/\/www.anfibio.com\/en\/imprint\/#breadcrumb","itemListElement":[{"@type":"ListItem","position":1,"name":"Home","item":"https:\/\/www.anfibio.com\/en\/"},{"@type":"ListItem","position":2,"name":"Imprint"}]},{"@type":"WebSite","@id":"https:\/\/www.anfibio.com\/en\/#website","url":"https:\/\/www.anfibio.com\/en\/","name":"Anfibio Packrafting","description":"","potentialAction":[{"@type":"SearchAction","target":{"@type":"EntryPoint","urlTemplate":"https:\/\/www.anfibio.com\/en\/?s={search_term_string}"},"query-input":{"@type":"PropertyValueSpecification","valueRequired":true,"valueName":"search_term_string"}}],"inLanguage":"en-US"}]}},"_links":{"self":[{"href":"https:\/\/www.anfibio.com\/en\/wp-json\/wp\/v2\/pages\/16687","targetHints":{"allow":["GET"]}}],"collection":[{"href":"https:\/\/www.anfibio.com\/en\/wp-json\/wp\/v2\/pages"}],"about":[{"href":"https:\/\/www.anfibio.com\/en\/wp-json\/wp\/v2\/types\/page"}],"author":[{"embeddable":true,"href":"https:\/\/www.anfibio.com\/en\/wp-json\/wp\/v2\/users\/6"}],"replies":[{"embeddable":true,"href":"https:\/\/www.anfibio.com\/en\/wp-json\/wp\/v2\/comments?post=16687"}],"version-history":[{"count":0,"href":"https:\/\/www.anfibio.com\/en\/wp-json\/wp\/v2\/pages\/16687\/revisions"}],"wp:attachment":[{"href":"https:\/\/www.anfibio.com\/en\/wp-json\/wp\/v2\/media?parent=16687"}],"curies":[{"name":"wp","href":"https:\/\/api.w.org\/{rel}","templated":true}]}}