{"id":32156,"date":"2023-03-21T09:18:45","date_gmt":"2023-03-21T09:18:45","guid":{"rendered":"https:\/\/www.anfibio.com\/informes\/"},"modified":"2025-08-29T09:44:06","modified_gmt":"2025-08-29T09:44:06","slug":"informes","status":"publish","type":"page","link":"https:\/\/www.anfibio.com\/es\/informes\/","title":{"rendered":"Informes"},"content":{"rendered":"\t\t<div data-elementor-type=\"wp-page\" data-elementor-id=\"32156\" class=\"elementor elementor-32156 elementor-23525\" data-elementor-post-type=\"page\">\n\t\t\t\t\t\t<section class=\"elementor-section elementor-top-section elementor-element elementor-element-f2dd41d elementor-section-full_width elementor-section-height-min-height elementor-section-items-stretch elementor-section-stretched elementor-section-height-default\" data-id=\"f2dd41d\" data-element_type=\"section\" data-e-type=\"section\" data-settings=\"{&quot;stretch_section&quot;:&quot;section-stretched&quot;,&quot;background_background&quot;:&quot;classic&quot;}\">\n\t\t\t\t\t\t<div class=\"elementor-container elementor-column-gap-default\">\n\t\t\t\t\t<div class=\"elementor-column elementor-col-100 elementor-top-column elementor-element elementor-element-8e2d44c\" data-id=\"8e2d44c\" data-element_type=\"column\" data-e-type=\"column\" data-settings=\"{&quot;background_background&quot;:&quot;classic&quot;}\">\n\t\t\t<div class=\"elementor-widget-wrap elementor-element-populated\">\n\t\t\t\t\t<div class=\"elementor-background-overlay\"><\/div>\n\t\t\t\t\t\t<div class=\"elementor-element elementor-element-edf27d0 ao-banner-headline elementor-widget elementor-widget-text-editor\" data-id=\"edf27d0\" data-element_type=\"widget\" data-e-type=\"widget\" data-widget_type=\"text-editor.default\">\n\t\t\t\t\t\t\t\t\t<h1><span class=\"yellow\">Dentro de <\/span>\n<span style=\"color: #fff\"><br>Informes\n<\/span><\/h1>\t\t\t\t\t\t\t\t<\/div>\n\t\t\t\t\t<\/div>\n\t\t<\/div>\n\t\t\t\t\t<\/div>\n\t\t<\/section>\n\t\t\t\t<section class=\"elementor-section elementor-top-section elementor-element elementor-element-bbefb0e elementor-section-stretched elementor-section-boxed elementor-section-height-default elementor-section-height-default\" data-id=\"bbefb0e\" data-element_type=\"section\" data-e-type=\"section\" data-settings=\"{&quot;stretch_section&quot;:&quot;section-stretched&quot;,&quot;background_background&quot;:&quot;classic&quot;}\">\n\t\t\t\t\t\t<div class=\"elementor-container elementor-column-gap-default\">\n\t\t\t\t\t<div class=\"elementor-column elementor-col-50 elementor-top-column elementor-element elementor-element-33ea780\" data-id=\"33ea780\" data-element_type=\"column\" data-e-type=\"column\">\n\t\t\t<div class=\"elementor-widget-wrap elementor-element-populated\">\n\t\t\t\t\t\t<div class=\"elementor-element elementor-element-641da3d elementor-widget elementor-widget-text-editor\" data-id=\"641da3d\" data-element_type=\"widget\" data-e-type=\"widget\" data-widget_type=\"text-editor.default\">\n\t\t\t\t\t\t\t\t\t<p>Echa un vistazo exclusivo entre bastidores a Anfibio Packrafts.<\/p>\n\t\t\t\t\t\t\t\t<\/div>\n\t\t\t\t\t<\/div>\n\t\t<\/div>\n\t\t\t\t<div class=\"elementor-column elementor-col-50 elementor-top-column elementor-element elementor-element-279792e\" data-id=\"279792e\" data-element_type=\"column\" data-e-type=\"column\">\n\t\t\t<div class=\"elementor-widget-wrap elementor-element-populated\">\n\t\t\t\t\t\t<div class=\"elementor-element elementor-element-6557124 elementor-widget elementor-widget-text-editor\" data-id=\"6557124\" data-element_type=\"widget\" data-e-type=\"widget\" data-widget_type=\"text-editor.default\">\n\t\t\t\t\t\t\t\t\t<p>Aqu\u00ed presentamos perspectivas especiales e informes seleccionados que arrojan luz sobre nuestro trabajo desde una nueva perspectiva, lejos de lo habitual y esperado. Se trata de detalles, desarrollos e historias que, de otro modo, suelen pasar desapercibidos. Esto te dar\u00e1 una impresi\u00f3n m\u00e1s profunda de lo que es realmente Anfibio y de c\u00f3mo abrimos nuevos caminos constantemente.  <\/p>\n\t\t\t\t\t\t\t\t<\/div>\n\t\t\t\t\t<\/div>\n\t\t<\/div>\n\t\t\t\t\t<\/div>\n\t\t<\/section>\n\t\t\t\t<section class=\"elementor-section elementor-top-section elementor-element elementor-element-fe7b275 elementor-section-stretched elementor-section-boxed elementor-section-height-default elementor-section-height-default\" data-id=\"fe7b275\" data-element_type=\"section\" data-e-type=\"section\" data-settings=\"{&quot;stretch_section&quot;:&quot;section-stretched&quot;}\">\n\t\t\t\t\t\t<div class=\"elementor-container elementor-column-gap-default\">\n\t\t\t\t\t<div class=\"elementor-column elementor-col-100 elementor-top-column elementor-element elementor-element-0c4ba59\" data-id=\"0c4ba59\" data-element_type=\"column\" data-e-type=\"column\" data-settings=\"{&quot;background_background&quot;:&quot;classic&quot;}\">\n\t\t\t<div class=\"elementor-widget-wrap elementor-element-populated\">\n\t\t\t\t\t\t<section class=\"elementor-section elementor-inner-section elementor-element elementor-element-3273e91 elementor-section-full_width elementor-section-height-default elementor-section-height-default\" data-id=\"3273e91\" data-element_type=\"section\" data-e-type=\"section\">\n\t\t\t\t\t\t<div class=\"elementor-container elementor-column-gap-default\">\n\t\t\t\t\t<div class=\"elementor-column elementor-col-100 elementor-inner-column elementor-element elementor-element-4ee9319\" data-id=\"4ee9319\" data-element_type=\"column\" data-e-type=\"column\">\n\t\t\t<div class=\"elementor-widget-wrap elementor-element-populated\">\n\t\t\t\t\t\t<div class=\"elementor-element elementor-element-e65c3d3 elementor-grid-3 elementor-grid-tablet-2 elementor-grid-mobile-1 elementor-posts--thumbnail-top elementor-card-shadow-yes elementor-posts__hover-gradient elementor-widget elementor-widget-posts\" data-id=\"e65c3d3\" data-element_type=\"widget\" data-e-type=\"widget\" data-settings=\"{&quot;cards_columns&quot;:&quot;3&quot;,&quot;cards_columns_tablet&quot;:&quot;2&quot;,&quot;cards_columns_mobile&quot;:&quot;1&quot;,&quot;cards_row_gap&quot;:{&quot;unit&quot;:&quot;px&quot;,&quot;size&quot;:35,&quot;sizes&quot;:[]},&quot;cards_row_gap_tablet&quot;:{&quot;unit&quot;:&quot;px&quot;,&quot;size&quot;:&quot;&quot;,&quot;sizes&quot;:[]},&quot;cards_row_gap_mobile&quot;:{&quot;unit&quot;:&quot;px&quot;,&quot;size&quot;:&quot;&quot;,&quot;sizes&quot;:[]}}\" data-widget_type=\"posts.cards\">\n\t\t\t\t<div class=\"elementor-widget-container\">\n\t\t\t\t\t\t\t<div class=\"elementor-posts-container elementor-posts elementor-posts--skin-cards elementor-grid\" role=\"list\">\n\t\t\t\t<article class=\"elementor-post elementor-grid-item post-34985 post type-post status-publish format-standard has-post-thumbnail hentry category-story-es\" role=\"listitem\">\n\t\t\t<div class=\"elementor-post__card\">\n\t\t\t\t<a class=\"elementor-post__thumbnail__link\" href=\"https:\/\/www.anfibio.com\/es\/de-vuelta-a-bordo-con-un-soplo-de-aire-fresco-en-anfibio\/\" tabindex=\"-1\" ><div class=\"elementor-post__thumbnail\"><img fetchpriority=\"high\" decoding=\"async\" width=\"300\" height=\"200\" src=\"https:\/\/www.anfibio.com\/wp-content\/uploads\/2025\/08\/anfibio-packrafting-mariela-4-300x200.jpg\" class=\"attachment-medium size-medium wp-image-33092\" alt=\"\" srcset=\"https:\/\/www.anfibio.com\/wp-content\/uploads\/2025\/08\/anfibio-packrafting-mariela-4-300x200.jpg 300w, https:\/\/www.anfibio.com\/wp-content\/uploads\/2025\/08\/anfibio-packrafting-mariela-4-1024x683.jpg 1024w, https:\/\/www.anfibio.com\/wp-content\/uploads\/2025\/08\/anfibio-packrafting-mariela-4-768x512.jpg 768w, https:\/\/www.anfibio.com\/wp-content\/uploads\/2025\/08\/anfibio-packrafting-mariela-4-1536x1024.jpg 1536w, https:\/\/www.anfibio.com\/wp-content\/uploads\/2025\/08\/anfibio-packrafting-mariela-4.jpg 1920w\" sizes=\"(max-width: 300px) 100vw, 300px\" \/><\/div><\/a>\n\t\t\t\t<div class=\"elementor-post__badge\">Story<\/div>\n\t\t\t\t<div class=\"elementor-post__text\">\n\t\t\t\t<h3 class=\"elementor-post__title\">\n\t\t\t<a href=\"https:\/\/www.anfibio.com\/es\/de-vuelta-a-bordo-con-un-soplo-de-aire-fresco-en-anfibio\/\" >\n\t\t\t\tDe vuelta a bordo: Con un soplo de aire fresco en Anfibio\t\t\t<\/a>\n\t\t<\/h3>\n\t\t\t\t<div class=\"elementor-post__excerpt\">\n\t\t\t<p>Habiendo formado parte del equipo de Anfibio anteriormente, he encontrado mi camino de vuelta tras unos a\u00f1os de pausa, con nuevos conocimientos, nuevas ideas y el mismo entusiasmo que la primera vez.<\/p>\n\t\t<\/div>\n\t\t\n\t\t<a class=\"elementor-post__read-more\" href=\"https:\/\/www.anfibio.com\/es\/de-vuelta-a-bordo-con-un-soplo-de-aire-fresco-en-anfibio\/\" aria-label=\"M\u00e1s informaci\u00f3n sobre De vuelta a bordo: Con un soplo de aire fresco en Anfibio\" tabindex=\"-1\" >\n\t\t\tSaber m\u00e1s \"\t\t<\/a>\n\n\t\t\t\t<\/div>\n\t\t\t\t<div class=\"elementor-post__meta-data\">\n\t\t\t\t\t<span class=\"elementor-post-date\">\n\t\t\t7 de julio de 2025\t\t<\/span>\n\t\t\t\t<\/div>\n\t\t\t\t\t<\/div>\n\t\t<\/article>\n\t\t\t\t<article class=\"elementor-post elementor-grid-item post-32434 post type-post status-publish format-standard has-post-thumbnail hentry category-uncategorized-es\" role=\"listitem\">\n\t\t\t<div class=\"elementor-post__card\">\n\t\t\t\t<a class=\"elementor-post__thumbnail__link\" href=\"https:\/\/www.anfibio.com\/es\/packrafter-tragado-por-una-ballena-en-chile\/\" tabindex=\"-1\" ><div class=\"elementor-post__thumbnail\"><img decoding=\"async\" width=\"300\" height=\"228\" src=\"https:\/\/www.anfibio.com\/wp-content\/uploads\/2023\/12\/whale-proof-anfibio-buoyboy-300x228.png\" class=\"attachment-medium size-medium wp-image-35037\" alt=\"\" srcset=\"https:\/\/www.anfibio.com\/wp-content\/uploads\/2023\/12\/whale-proof-anfibio-buoyboy-300x228.png 300w, https:\/\/www.anfibio.com\/wp-content\/uploads\/2023\/12\/whale-proof-anfibio-buoyboy-768x585.png 768w, https:\/\/www.anfibio.com\/wp-content\/uploads\/2023\/12\/whale-proof-anfibio-buoyboy.png 923w\" sizes=\"(max-width: 300px) 100vw, 300px\" \/><\/div><\/a>\n\t\t\t\t<div class=\"elementor-post__badge\">Uncategorized-en<\/div>\n\t\t\t\t<div class=\"elementor-post__text\">\n\t\t\t\t<h3 class=\"elementor-post__title\">\n\t\t\t<a href=\"https:\/\/www.anfibio.com\/es\/packrafter-tragado-por-una-ballena-en-chile\/\" >\n\t\t\t\tPackrafter tragado por una ballena en Chile\t\t\t<\/a>\n\t\t<\/h3>\n\t\t\t\t<div class=\"elementor-post__excerpt\">\n\t\t\t<p>\u00a1Incre\u00edble, pero cierto! Una ballena jorobada se traga a un palista en pleno sur de Chile. En esta entrevista, Adri\u00e1n, de 24 a\u00f1os, explica c\u00f3mo se desarroll\u00f3 la historia en las fr\u00edas aguas de la Patagonia y qu\u00e9 tiene que ver Anfibio con ella.  <\/p>\n\t\t<\/div>\n\t\t\n\t\t<a class=\"elementor-post__read-more\" href=\"https:\/\/www.anfibio.com\/es\/packrafter-tragado-por-una-ballena-en-chile\/\" aria-label=\"M\u00e1s informaci\u00f3n sobre Packrafter tragado por una ballena en Chile\" tabindex=\"-1\" >\n\t\t\tSaber m\u00e1s \"\t\t<\/a>\n\n\t\t\t\t<\/div>\n\t\t\t\t<div class=\"elementor-post__meta-data\">\n\t\t\t\t\t<span class=\"elementor-post-date\">\n\t\t\t14 de febrero de 2025\t\t<\/span>\n\t\t\t\t<\/div>\n\t\t\t\t\t<\/div>\n\t\t<\/article>\n\t\t\t\t<article class=\"elementor-post elementor-grid-item post-34994 post type-post status-publish format-standard has-post-thumbnail hentry category-packrafts-es\" role=\"listitem\">\n\t\t\t<div class=\"elementor-post__card\">\n\t\t\t\t<a class=\"elementor-post__thumbnail__link\" href=\"https:\/\/www.anfibio.com\/es\/anfibio-packraft-en-la-revista-de-inventores-einfach-genial-de-la-television-mdr\/\" tabindex=\"-1\" ><div class=\"elementor-post__thumbnail\"><img decoding=\"async\" width=\"300\" height=\"169\" src=\"https:\/\/www.anfibio.com\/wp-content\/uploads\/2023\/12\/anfibio-packrafting-blog-bild3-300x169.jpg\" class=\"attachment-medium size-medium wp-image-35020\" alt=\"\" srcset=\"https:\/\/www.anfibio.com\/wp-content\/uploads\/2023\/12\/anfibio-packrafting-blog-bild3-300x169.jpg 300w, https:\/\/www.anfibio.com\/wp-content\/uploads\/2023\/12\/anfibio-packrafting-blog-bild3.jpg 700w\" sizes=\"(max-width: 300px) 100vw, 300px\" \/><\/div><\/a>\n\t\t\t\t<div class=\"elementor-post__badge\">Packrafts<\/div>\n\t\t\t\t<div class=\"elementor-post__text\">\n\t\t\t\t<h3 class=\"elementor-post__title\">\n\t\t\t<a href=\"https:\/\/www.anfibio.com\/es\/anfibio-packraft-en-la-revista-de-inventores-einfach-genial-de-la-television-mdr\/\" >\n\t\t\t\tAnfibio Packraft en la revista de inventores &#8220;Einfach Genial&#8221; de la televisi\u00f3n MDR\t\t\t<\/a>\n\t\t<\/h3>\n\t\t\t\t<div class=\"elementor-post__excerpt\">\n\t\t\t<p>Fuimos invitados en el programa &#8220;Einfach Genial&#8221; y presentamos las \u00faltimas novedades, en particular las innovaciones de los Packrafts Anfibio Revo CL y Revo XL: desde el VenturiTube hasta el TwinTail.<\/p>\n\t\t<\/div>\n\t\t\n\t\t<a class=\"elementor-post__read-more\" href=\"https:\/\/www.anfibio.com\/es\/anfibio-packraft-en-la-revista-de-inventores-einfach-genial-de-la-television-mdr\/\" aria-label=\"M\u00e1s informaci\u00f3n sobre Anfibio Packraft en la revista de inventores &#8220;Einfach Genial&#8221; de la televisi\u00f3n MDR\" tabindex=\"-1\" >\n\t\t\tSaber m\u00e1s \"\t\t<\/a>\n\n\t\t\t\t<\/div>\n\t\t\t\t<div class=\"elementor-post__meta-data\">\n\t\t\t\t\t<span class=\"elementor-post-date\">\n\t\t\t1 de junio de 2022\t\t<\/span>\n\t\t\t\t<\/div>\n\t\t\t\t\t<\/div>\n\t\t<\/article>\n\t\t\t\t<article class=\"elementor-post elementor-grid-item post-35002 post type-post status-publish format-standard has-post-thumbnail hentry category-entrevista\" role=\"listitem\">\n\t\t\t<div class=\"elementor-post__card\">\n\t\t\t\t<a class=\"elementor-post__thumbnail__link\" href=\"https:\/\/www.anfibio.com\/es\/entrevista-faz\/\" tabindex=\"-1\" ><div class=\"elementor-post__thumbnail\"><img loading=\"lazy\" decoding=\"async\" width=\"300\" height=\"160\" src=\"https:\/\/www.anfibio.com\/wp-content\/uploads\/2025\/08\/anfibio-packrafting-sven-schellin-reports-1-300x160.jpg\" class=\"attachment-medium size-medium wp-image-33399\" alt=\"\" srcset=\"https:\/\/www.anfibio.com\/wp-content\/uploads\/2025\/08\/anfibio-packrafting-sven-schellin-reports-1-300x160.jpg 300w, https:\/\/www.anfibio.com\/wp-content\/uploads\/2025\/08\/anfibio-packrafting-sven-schellin-reports-1-1024x547.jpg 1024w, https:\/\/www.anfibio.com\/wp-content\/uploads\/2025\/08\/anfibio-packrafting-sven-schellin-reports-1-768x410.jpg 768w, https:\/\/www.anfibio.com\/wp-content\/uploads\/2025\/08\/anfibio-packrafting-sven-schellin-reports-1-1536x821.jpg 1536w, https:\/\/www.anfibio.com\/wp-content\/uploads\/2025\/08\/anfibio-packrafting-sven-schellin-reports-1.jpg 1920w\" sizes=\"(max-width: 300px) 100vw, 300px\" \/><\/div><\/a>\n\t\t\t\t<div class=\"elementor-post__badge\">Entrevista<\/div>\n\t\t\t\t<div class=\"elementor-post__text\">\n\t\t\t\t<h3 class=\"elementor-post__title\">\n\t\t\t<a href=\"https:\/\/www.anfibio.com\/es\/entrevista-faz\/\" >\n\t\t\t\tEntrevista FAZ\t\t\t<\/a>\n\t\t<\/h3>\n\t\t\t\t<div class=\"elementor-post__excerpt\">\n\t\t\t<p>16 preguntas a Sven Schellin (Anfibio Packrafting) sobre el packrafting en general y Anfibio en particular. Por Alexander Davydov (FAZ). <\/p>\n\t\t<\/div>\n\t\t\n\t\t<a class=\"elementor-post__read-more\" href=\"https:\/\/www.anfibio.com\/es\/entrevista-faz\/\" aria-label=\"M\u00e1s informaci\u00f3n sobre Entrevista FAZ\" tabindex=\"-1\" >\n\t\t\tSaber m\u00e1s \"\t\t<\/a>\n\n\t\t\t\t<\/div>\n\t\t\t\t<div class=\"elementor-post__meta-data\">\n\t\t\t\t\t<span class=\"elementor-post-date\">\n\t\t\t7 de agosto de 2020\t\t<\/span>\n\t\t\t\t<\/div>\n\t\t\t\t\t<\/div>\n\t\t<\/article>\n\t\t\t\t<\/div>\n\t\t\n\t\t\t\t\t\t<\/div>\n\t\t\t\t<\/div>\n\t\t\t\t\t<\/div>\n\t\t<\/div>\n\t\t\t\t\t<\/div>\n\t\t<\/section>\n\t\t\t\t\t<\/div>\n\t\t<\/div>\n\t\t\t\t\t<\/div>\n\t\t<\/section>\n\t\t\t\t<section class=\"elementor-section elementor-top-section elementor-element elementor-element-d0fbb21 elementor-section-stretched elementor-section-boxed elementor-section-height-default elementor-section-height-default\" data-id=\"d0fbb21\" data-element_type=\"section\" data-e-type=\"section\" data-settings=\"{&quot;stretch_section&quot;:&quot;section-stretched&quot;,&quot;background_background&quot;:&quot;classic&quot;}\">\n\t\t\t\t\t\t\t<div class=\"elementor-background-overlay\"><\/div>\n\t\t\t\t\t\t\t<div class=\"elementor-container elementor-column-gap-default\">\n\t\t\t\t\t<div class=\"elementor-column elementor-col-100 elementor-top-column elementor-element elementor-element-411d39f\" data-id=\"411d39f\" data-element_type=\"column\" data-e-type=\"column\">\n\t\t\t<div class=\"elementor-widget-wrap elementor-element-populated\">\n\t\t\t\t\t\t<div class=\"elementor-element elementor-element-ee5ea0f elementor-widget elementor-widget-spacer\" data-id=\"ee5ea0f\" data-element_type=\"widget\" data-e-type=\"widget\" data-widget_type=\"spacer.default\">\n\t\t\t\t\t\t\t<div class=\"elementor-spacer\">\n\t\t\t<div class=\"elementor-spacer-inner\"><\/div>\n\t\t<\/div>\n\t\t\t\t\t\t<\/div>\n\t\t\t\t\t<\/div>\n\t\t<\/div>\n\t\t\t\t\t<\/div>\n\t\t<\/section>\n\t\t\t\t<\/div>\n\t\t","protected":false},"excerpt":{"rendered":"<p>Dentro de Informes Echa un vistazo exclusivo entre bastidores a Anfibio Packrafts. Aqu\u00ed presentamos perspectivas especiales e informes seleccionados que arrojan luz sobre nuestro trabajo desde una nueva perspectiva, lejos de lo habitual y esperado. Se trata de detalles, desarrollos e historias que, de otro modo, suelen pasar desapercibidos. Esto te dar\u00e1 una impresi\u00f3n m\u00e1s [&hellip;]<\/p>\n","protected":false},"author":6,"featured_media":33016,"parent":0,"menu_order":0,"comment_status":"open","ping_status":"closed","template":"","meta":{"_acf_changed":false,"footnotes":""},"class_list":["post-32156","page","type-page","status-publish","has-post-thumbnail","hentry"],"acf":[],"yoast_head":"<!-- This site is optimized with the Yoast SEO plugin v27.3 - https:\/\/yoast.com\/product\/yoast-seo-wordpress\/ -->\n<title>Informes - Anfibio<\/title>\n<meta name=\"robots\" content=\"index, follow, max-snippet:-1, max-image-preview:large, max-video-preview:-1\" \/>\n<link rel=\"canonical\" href=\"https:\/\/www.anfibio.com\/es\/informes\/\" \/>\n<meta property=\"og:locale\" content=\"es_ES\" \/>\n<meta property=\"og:type\" content=\"article\" \/>\n<meta property=\"og:title\" content=\"Informes - Anfibio\" \/>\n<meta property=\"og:description\" content=\"Dentro de Informes Echa un vistazo exclusivo entre bastidores a Anfibio Packrafts. Aqu\u00ed presentamos perspectivas especiales e informes seleccionados que arrojan luz sobre nuestro trabajo desde una nueva perspectiva, lejos de lo habitual y esperado. Se trata de detalles, desarrollos e historias que, de otro modo, suelen pasar desapercibidos. Esto te dar\u00e1 una impresi\u00f3n m\u00e1s [&hellip;]\" \/>\n<meta property=\"og:url\" content=\"https:\/\/www.anfibio.com\/es\/informes\/\" \/>\n<meta property=\"og:site_name\" content=\"Anfibio\" \/>\n<meta property=\"article:modified_time\" content=\"2025-08-29T09:44:06+00:00\" \/>\n<meta property=\"og:image\" content=\"https:\/\/www.anfibio.com\/wp-content\/uploads\/2025\/08\/anfibio-packrafting-sven-schellin-reports-mdr.jpg\" \/>\n\t<meta property=\"og:image:width\" content=\"1920\" \/>\n\t<meta property=\"og:image:height\" content=\"1280\" \/>\n\t<meta property=\"og:image:type\" content=\"image\/jpeg\" \/>\n<meta name=\"twitter:card\" content=\"summary_large_image\" \/>\n<meta name=\"twitter:label1\" content=\"Tiempo de lectura\" \/>\n\t<meta name=\"twitter:data1\" content=\"1 minuto\" \/>\n<!-- \/ Yoast SEO plugin. -->","yoast_head_json":{"title":"Informes - Anfibio","robots":{"index":"index","follow":"follow","max-snippet":"max-snippet:-1","max-image-preview":"max-image-preview:large","max-video-preview":"max-video-preview:-1"},"canonical":"https:\/\/www.anfibio.com\/es\/informes\/","og_locale":"es_ES","og_type":"article","og_title":"Informes - Anfibio","og_description":"Dentro de Informes Echa un vistazo exclusivo entre bastidores a Anfibio Packrafts. Aqu\u00ed presentamos perspectivas especiales e informes seleccionados que arrojan luz sobre nuestro trabajo desde una nueva perspectiva, lejos de lo habitual y esperado. Se trata de detalles, desarrollos e historias que, de otro modo, suelen pasar desapercibidos. Esto te dar\u00e1 una impresi\u00f3n m\u00e1s [&hellip;]","og_url":"https:\/\/www.anfibio.com\/es\/informes\/","og_site_name":"Anfibio","article_modified_time":"2025-08-29T09:44:06+00:00","og_image":[{"width":1920,"height":1280,"url":"https:\/\/www.anfibio.com\/wp-content\/uploads\/2025\/08\/anfibio-packrafting-sven-schellin-reports-mdr.jpg","type":"image\/jpeg"}],"twitter_card":"summary_large_image","twitter_misc":{"Tiempo de lectura":"1 minuto"},"schema":{"@context":"https:\/\/schema.org","@graph":[{"@type":"WebPage","@id":"https:\/\/www.anfibio.com\/es\/informes\/","url":"https:\/\/www.anfibio.com\/es\/informes\/","name":"Informes - Anfibio","isPartOf":{"@id":"https:\/\/www.anfibio.com\/es\/#website"},"primaryImageOfPage":{"@id":"https:\/\/www.anfibio.com\/es\/informes\/#primaryimage"},"image":{"@id":"https:\/\/www.anfibio.com\/es\/informes\/#primaryimage"},"thumbnailUrl":"https:\/\/www.anfibio.com\/wp-content\/uploads\/2025\/08\/anfibio-packrafting-sven-schellin-reports-mdr.jpg","datePublished":"2023-03-21T09:18:45+00:00","dateModified":"2025-08-29T09:44:06+00:00","breadcrumb":{"@id":"https:\/\/www.anfibio.com\/es\/informes\/#breadcrumb"},"inLanguage":"es","potentialAction":[{"@type":"ReadAction","target":["https:\/\/www.anfibio.com\/es\/informes\/"]}]},{"@type":"ImageObject","inLanguage":"es","@id":"https:\/\/www.anfibio.com\/es\/informes\/#primaryimage","url":"https:\/\/www.anfibio.com\/wp-content\/uploads\/2025\/08\/anfibio-packrafting-sven-schellin-reports-mdr.jpg","contentUrl":"https:\/\/www.anfibio.com\/wp-content\/uploads\/2025\/08\/anfibio-packrafting-sven-schellin-reports-mdr.jpg","width":1920,"height":1280},{"@type":"BreadcrumbList","@id":"https:\/\/www.anfibio.com\/es\/informes\/#breadcrumb","itemListElement":[{"@type":"ListItem","position":1,"name":"Home","item":"https:\/\/www.anfibio.com\/es\/"},{"@type":"ListItem","position":2,"name":"Informes"}]},{"@type":"WebSite","@id":"https:\/\/www.anfibio.com\/es\/#website","url":"https:\/\/www.anfibio.com\/es\/","name":"Anfibio Packrafting","description":"","potentialAction":[{"@type":"SearchAction","target":{"@type":"EntryPoint","urlTemplate":"https:\/\/www.anfibio.com\/es\/?s={search_term_string}"},"query-input":{"@type":"PropertyValueSpecification","valueRequired":true,"valueName":"search_term_string"}}],"inLanguage":"es"}]}},"_links":{"self":[{"href":"https:\/\/www.anfibio.com\/es\/wp-json\/wp\/v2\/pages\/32156","targetHints":{"allow":["GET"]}}],"collection":[{"href":"https:\/\/www.anfibio.com\/es\/wp-json\/wp\/v2\/pages"}],"about":[{"href":"https:\/\/www.anfibio.com\/es\/wp-json\/wp\/v2\/types\/page"}],"author":[{"embeddable":true,"href":"https:\/\/www.anfibio.com\/es\/wp-json\/wp\/v2\/users\/6"}],"replies":[{"embeddable":true,"href":"https:\/\/www.anfibio.com\/es\/wp-json\/wp\/v2\/comments?post=32156"}],"version-history":[{"count":0,"href":"https:\/\/www.anfibio.com\/es\/wp-json\/wp\/v2\/pages\/32156\/revisions"}],"wp:featuredmedia":[{"embeddable":true,"href":"https:\/\/www.anfibio.com\/es\/wp-json\/wp\/v2\/media\/33016"}],"wp:attachment":[{"href":"https:\/\/www.anfibio.com\/es\/wp-json\/wp\/v2\/media?parent=32156"}],"curies":[{"name":"wp","href":"https:\/\/api.w.org\/{rel}","templated":true}]}}