{"id":34248,"date":"2022-02-09T13:15:17","date_gmt":"2022-02-09T13:15:17","guid":{"rendered":"https:\/\/www.anfibio.com\/bulletin-dinformation\/"},"modified":"2025-09-15T12:07:15","modified_gmt":"2025-09-15T12:07:15","slug":"bulletin-dinformation","status":"publish","type":"page","link":"https:\/\/www.anfibio.com\/fr\/bulletin-dinformation\/","title":{"rendered":"Bulletin d&#8217;information"},"content":{"rendered":"\t\t<div data-elementor-type=\"wp-page\" data-elementor-id=\"34248\" class=\"elementor elementor-34248 elementor-6047\" data-elementor-post-type=\"page\">\n\t\t\t\t\t\t<section class=\"elementor-section elementor-top-section elementor-element elementor-element-5f1415c elementor-section-stretched elementor-section-boxed elementor-section-height-default elementor-section-height-default\" data-id=\"5f1415c\" data-element_type=\"section\" data-e-type=\"section\" data-settings=\"{&quot;stretch_section&quot;:&quot;section-stretched&quot;,&quot;background_background&quot;:&quot;classic&quot;}\">\n\t\t\t\t\t\t<div class=\"elementor-container elementor-column-gap-default\">\n\t\t\t\t\t<div class=\"elementor-column elementor-col-100 elementor-top-column elementor-element elementor-element-bb26dbb\" data-id=\"bb26dbb\" data-element_type=\"column\" data-e-type=\"column\">\n\t\t\t<div class=\"elementor-widget-wrap elementor-element-populated\">\n\t\t\t\t\t\t<div class=\"elementor-element elementor-element-b4e728a text-rotate elementor-widget elementor-widget-heading\" data-id=\"b4e728a\" data-element_type=\"widget\" data-e-type=\"widget\" data-widget_type=\"heading.default\">\n\t\t\t\t\t<h1 class=\"elementor-heading-title elementor-size-default\">Notre lettre d'information<\/h1>\t\t\t\t<\/div>\n\t\t\t\t<div class=\"elementor-element elementor-element-c31cbf5 text-rotate elementor-widget elementor-widget-heading\" data-id=\"c31cbf5\" data-element_type=\"widget\" data-e-type=\"widget\" data-widget_type=\"heading.default\">\n\t\t\t\t\t<h2 class=\"elementor-heading-title elementor-size-default\"><h3>Nouveaut\u00e9s produits, informations sur les \u00e9v\u00e9nements et rapports de voyage<\/h3><\/h2>\t\t\t\t<\/div>\n\t\t\t\t<section class=\"elementor-section elementor-inner-section elementor-element elementor-element-176b10d elementor-section-full_width elementor-section-height-default elementor-section-height-default\" data-id=\"176b10d\" data-element_type=\"section\" data-e-type=\"section\">\n\t\t\t\t\t\t<div class=\"elementor-container elementor-column-gap-default\">\n\t\t\t\t\t<div class=\"elementor-column elementor-col-50 elementor-inner-column elementor-element elementor-element-b47e10d\" data-id=\"b47e10d\" data-element_type=\"column\" data-e-type=\"column\">\n\t\t\t<div class=\"elementor-widget-wrap elementor-element-populated\">\n\t\t\t\t\t\t<div class=\"elementor-element elementor-element-f21b802 elementor-widget elementor-widget-text-editor\" data-id=\"f21b802\" data-element_type=\"widget\" data-e-type=\"widget\" data-widget_type=\"text-editor.default\">\n\t\t\t\t\t\t\t\t\t<p>Ne manquez plus aucune nouvelle ! Avec notre newsletter, vous \u00eates toujours inform\u00e9s et \u00e0 la pointe de l&#8217;actualit\u00e9. Nous n&#8217;envoyons notre newsletter que tous les trois mois environ, mais elle traite de sujets passionnants.  <\/p><p> <\/p><p>Aucune donn\u00e9e n&#8217;est transmise \u00e0 des tiers. L&#8217;inscription peut \u00eatre annul\u00e9e \u00e0 tout moment. <\/p>\t\t\t\t\t\t\t\t<\/div>\n\t\t\t\t\t<\/div>\n\t\t<\/div>\n\t\t\t\t<div class=\"elementor-column elementor-col-50 elementor-inner-column elementor-element elementor-element-c3cb9b7\" data-id=\"c3cb9b7\" data-element_type=\"column\" data-e-type=\"column\">\n\t\t\t<div class=\"elementor-widget-wrap elementor-element-populated\">\n\t\t\t\t\t\t<div class=\"elementor-element elementor-element-c7396e6 elementor-hidden-desktop elementor-hidden-tablet elementor-hidden-mobile elementor-button-align-stretch elementor-widget elementor-widget-form\" data-id=\"c7396e6\" data-element_type=\"widget\" data-e-type=\"widget\" data-settings=\"{&quot;step_next_label&quot;:&quot;Suivant&quot;,&quot;step_previous_label&quot;:&quot;Previous&quot;,&quot;step_type&quot;:&quot;none&quot;,&quot;step_icon_shape&quot;:&quot;none&quot;,&quot;button_width&quot;:&quot;50&quot;}\" data-widget_type=\"form.default\">\n\t\t\t\t\t\t\t<form class=\"elementor-form\" method=\"post\" id=\"subscribe\" name=\"Nouvelle forme\" aria-label=\"Nouvelle forme\">\n\t\t\t<input type=\"hidden\" name=\"post_id\" value=\"34248\"\/>\n\t\t\t<input type=\"hidden\" name=\"form_id\" value=\"c7396e6\"\/>\n\t\t\t<input type=\"hidden\" name=\"referer_title\" value=\"Bulletin d&#039;information | Anfibio Packrafting\" \/>\n\n\t\t\t\t\t\t\t<input type=\"hidden\" name=\"queried_id\" value=\"34248\"\/>\n\t\t\t\n\t\t\t<div class=\"elementor-form-fields-wrapper elementor-labels-\">\n\t\t\t\t\t\t\t\t<div class=\"elementor-field-type-html elementor-field-group elementor-column elementor-field-group-field_07cd3a7 elementor-col-100\">\n\t\t\t\t\t<form id=\"subscribe\" method=\"post\" action=\"https:\/\/www.newstroll.de\/app\/sub\/\" target=\"_new\">\t\t\t\t<\/div>\n\t\t\t\t\t\t\t\t<div class=\"elementor-field-type-select elementor-field-group elementor-column elementor-field-group-sprache elementor-col-100 elementor-field-required\">\n\t\t\t\t\t\t\t\t\t\t\t\t<label for=\"form-field-sprache\" class=\"elementor-field-label elementor-screen-only\">\n\t\t\t\t\t\t\t\tChoisir la langue\t\t\t\t\t\t\t<\/label>\n\t\t\t\t\t\t\t\t<div class=\"elementor-field elementor-select-wrapper remove-before \">\n\t\t\t<div class=\"select-caret-down-wrapper\">\n\t\t\t\t<svg aria-hidden=\"true\" class=\"e-font-icon-svg e-eicon-caret-down\" viewBox=\"0 0 571.4 571.4\" xmlns=\"http:\/\/www.w3.org\/2000\/svg\"><path d=\"M571 393Q571 407 561 418L311 668Q300 679 286 679T261 668L11 418Q0 407 0 393T11 368 36 357H536Q550 357 561 368T571 393Z\"><\/path><\/svg>\t\t\t<\/div>\n\t\t\t<select name=\"form_fields[sprache]\" id=\"form-field-sprache\" class=\"elementor-field-textual elementor-size-lg\" required=\"required\">\n\t\t\t\t\t\t\t\t\t<option value=\"\"><\/option>\n\t\t\t\t\t\t\t\t\t<option value=\"110106\">Allemand<\/option>\n\t\t\t\t\t\t\t\t\t<option value=\"110109\">Anglais<\/option>\n\t\t\t\t\t\t\t<\/select>\n\t\t<\/div>\n\t\t\t\t\t\t<\/div>\n\t\t\t\t\t\t\t\t<div class=\"elementor-field-type-html elementor-field-group elementor-column elementor-field-group-field_98a97ea elementor-col-100\">\n\t\t\t\t\tVotre pr\u00e9nom et votre nom de famille\t\t\t\t<\/div>\n\t\t\t\t\t\t\t\t<div class=\"elementor-field-type-text elementor-field-group elementor-column elementor-field-group-vorname elementor-col-50\">\n\t\t\t\t\t\t\t\t\t\t\t\t\t<input size=\"1\" type=\"text\" name=\"form_fields[vorname]\" id=\"form-field-vorname\" class=\"elementor-field elementor-size-lg  elementor-field-textual\" placeholder=\"Pr\u00e9nom\">\n\t\t\t\t\t\t\t\t\t\t\t<\/div>\n\t\t\t\t\t\t\t\t<div class=\"elementor-field-type-text elementor-field-group elementor-column elementor-field-group-nachname elementor-col-50\">\n\t\t\t\t\t\t\t\t\t\t\t\t\t<input size=\"1\" type=\"text\" name=\"form_fields[nachname]\" id=\"form-field-nachname\" class=\"elementor-field elementor-size-lg  elementor-field-textual\" placeholder=\"Nom de famille\">\n\t\t\t\t\t\t\t\t\t\t\t<\/div>\n\t\t\t\t\t\t\t\t<div class=\"elementor-field-type-select elementor-field-group elementor-column elementor-field-group-geschaeftskunden elementor-col-100\">\n\t\t\t\t\t\t\t\t\t\t\t\t<label for=\"form-field-geschaeftskunden\" class=\"elementor-field-label elementor-screen-only\">\n\t\t\t\t\t\t\t\tClients professionnels\t\t\t\t\t\t\t<\/label>\n\t\t\t\t\t\t\t\t<div class=\"elementor-field elementor-select-wrapper remove-before \">\n\t\t\t<div class=\"select-caret-down-wrapper\">\n\t\t\t\t<svg aria-hidden=\"true\" class=\"e-font-icon-svg e-eicon-caret-down\" viewBox=\"0 0 571.4 571.4\" xmlns=\"http:\/\/www.w3.org\/2000\/svg\"><path d=\"M571 393Q571 407 561 418L311 668Q300 679 286 679T261 668L11 418Q0 407 0 393T11 368 36 357H536Q550 357 561 368T571 393Z\"><\/path><\/svg>\t\t\t<\/div>\n\t\t\t<select name=\"form_fields[geschaeftskunden]\" id=\"form-field-geschaeftskunden\" class=\"elementor-field-textual elementor-size-lg\">\n\t\t\t\t\t\t\t\t\t<option value=\"\"><\/option>\n\t\t\t\t\t\t\t\t\t<option value=\"Oui\">Oui<\/option>\n\t\t\t\t\t\t\t\t\t<option value=\"Non\">Non<\/option>\n\t\t\t\t\t\t\t<\/select>\n\t\t<\/div>\n\t\t\t\t\t\t<\/div>\n\t\t\t\t\t\t\t\t<div class=\"elementor-field-type-email elementor-field-group elementor-column elementor-field-group-email elementor-col-100 elementor-field-required\">\n\t\t\t\t\t\t\t\t\t\t\t\t<label for=\"form-field-email\" class=\"elementor-field-label elementor-screen-only\">\n\t\t\t\t\t\t\t\tE-mail\t\t\t\t\t\t\t<\/label>\n\t\t\t\t\t\t\t\t\t\t\t\t\t\t<input size=\"1\" type=\"email\" name=\"form_fields[email]\" id=\"form-field-email\" class=\"elementor-field elementor-size-lg  elementor-field-textual\" placeholder=\"E-mail\" required=\"required\">\n\t\t\t\t\t\t\t\t\t\t\t<\/div>\n\t\t\t\t\t\t\t\t<div class=\"elementor-field-type-acceptance elementor-field-group elementor-column elementor-field-group-field_114a938 elementor-col-100\">\n\t\t\t\t\t\t\t<div class=\"elementor-field-subgroup\">\n\t\t\t<span class=\"elementor-field-option\">\n\t\t\t\t<input type=\"checkbox\" name=\"form_fields[field_114a938]\" id=\"form-field-field_114a938\" class=\"elementor-field elementor-size-lg  elementor-acceptance-field\">\n\t\t\t\t<label for=\"form-field-field_114a938\">J'accepte la politique de confidentialit\u00e9<\/label>\t\t\t<\/span>\n\t\t<\/div>\n\t\t\t\t\t\t<\/div>\n\t\t\t\t\t\t\t\t<div class=\"elementor-field-group elementor-column elementor-field-type-submit elementor-col-50 e-form__buttons\">\n\t\t\t\t\t<button class=\"elementor-button elementor-size-sm\" type=\"submit\">\n\t\t\t\t\t\t<span class=\"elementor-button-content-wrapper\">\n\t\t\t\t\t\t\t\t\t\t\t\t\t\t\t\t\t\t\t\t\t\t<span class=\"elementor-button-text\">S'abonner maintenant<\/span>\n\t\t\t\t\t\t\t\t\t\t\t\t\t<\/span>\n\t\t\t\t\t<\/button>\n\t\t\t\t<\/div>\n\t\t\t<\/div>\n\t\t<\/form>\n\t\t\t\t\t\t<\/div>\n\t\t\t\t<div class=\"elementor-element elementor-element-446baf4 elementor-widget elementor-widget-html\" data-id=\"446baf4\" data-element_type=\"widget\" data-e-type=\"widget\" data-widget_type=\"html.default\">\n\t\t\t\t\t\n<div class=\"elementor-element elementor-element-c7396e6 elementor-button-align-stretch elementor-widget elementor-widget-form is-mac\" data-id=\"c7396e6\" data-element_type=\"widget\" data-settings=\"{\"step_next_label\":\"Next\",\"step_previous_label\":\"Previous\",\"step_type\":\"none\",\"step_icon_shape\":\"none\",\"button_width\":\"100\"}\" data-widget_type=\"form.default\">\n    <div class=\"elementor-widget-container\">\n  <form method=\"post\" action=\"https:\/\/newsletter.anfibio.com\/app\/sub\/\" target=\"_new\">\n  <\/form><form id=\"subscribe\" method=\"post\" action=\"https:\/\/www.newstroll.de\/app\/sub\/\" target=\"_new\" class=\"elementor-form\">\n    <div class=\"elementor-form-fields-wrapper elementor-labels-above\">\n      <div class=\"elementor-field-type-select elementor-field-group elementor-column elementor-field-group-sprache elementor-col-100 elementor-field-required\">\n        <label for=\"form-field-sprache\" class=\"elementor-field-label elementor-field-label elementor-screen-only\">Choisir la langue<\/label>\n        <div class=\"elementor-field elementor-select-wrapper \">\n          <select name=\"gruppe\" class=\"form-control elementor-field elementor-size-lg  elementor-field-textual\">\n            <option value=\"110106\">Language | Langue : fran\u00e7ais<\/option>\n            <option value=\"110109\">Language | Langue : English<\/option>\n          <\/select>\n        <\/div>\n      <\/div>\n      <div class=\"elementor-field-type-text elementor-field-group elementor-column elementor-field-group-vorname elementor-col-100\">\n        <label for=\"Vorname\" class=\"elementor-field-label elementor-field-label elementor-screen-only\">Pr\u00e9nom<\/label>\n        <input type=\"text\" class=\"form-control elementor-field elementor-size-lg  elementor-field-textual\" name=\"Vorname\" placeholder=\"Pr\u00e9nom\">\n      <\/div>\n      <div class=\"elementor-field-type-select elementor-field-group elementor-column elementor-field-group-geschaeftskunden elementor-col-100\">\n        <label for=\"Nachname\" class=\"elementor-field-label elementor-field-label elementor-screen-only\">Nom de famille<\/label>\n        <input type=\"text\" class=\"form-control elementor-field elementor-size-lg  elementor-field-textual\" name=\"Nachname\" placeholder=\"Nom de famille\">\n      <\/div>\n      <div class=\"elementor-field-type-select elementor-field-group elementor-column elementor-field-group-geschaeftskunden elementor-col-100\">\n        <label for=\"form-field-geschaeftskunden\" class=\"elementor-field-label elementor-field-label elementor-screen-only\">Clients professionnels<\/label>\n        <div class=\"elementor-field elementor-select-wrapper \">\n          <select class=\"form-control elementor-field elementor-size-lg  elementor-field-textual\" name=\"B2B\">\n            <option value=\"Nein\">Client professionnel : Non<\/option>\n            <option value=\"Ja\">Client professionnel : oui<\/option>\n          <\/select>\n        <\/div>\n      <\/div>\n      <div class=\"elementor-field-type-email elementor-field-group elementor-column elementor-field-group-email elementor-col-100 elementor-field-required\">\n        <label for=\"form-field-email\" class=\"elementor-field-label elementor-field-label elementor-screen-only\">E-mail*<\/label>\n        <input type=\"email\" class=\"form-control elementor-field elementor-size-lg  elementor-field-textual\" name=\"email\" placeholder=\"Votre adresse \u00e9lectronique*.\" required=\"required\" aria-required=\"true\">\n      <\/div>\n \n\n    <div class=\" elementor-column elementor-field-type-submit elementor-col-50 \">\n      <button type=\"submit\" value=\"S'abonner \u00e0 la newsletter\" class=\"elementor-button elementor-size-sm\"> <span class=\"elementor-button-text\">S'abonner maintenant<\/span><\/button><\/div>\n      <div class=\" elementor-column elementor-field-type-submit elementor-col-50 \">\n      <input class=\"btn\" type=\"submit\" name=\"optout\" value=\"Se d\u00e9sabonner de la newsletter\" style=\"color:#326496;\">\n    <\/div>   <\/div>\n    <br><br>    <p>Pour plus d'informations sur la protection des donn\u00e9es, la mesure d'audience et votre droit de r\u00e9tractation, veuillez consulter notre <a href=\"https:\/\/www.anfibio.com\/datenschutz\/\" target=\"_blank\">politique de confidentialit\u00e9<\/a>.<\/p>\n  <\/form>\n\n<\/div>\n<\/div>\t\t\t\t<\/div>\n\t\t\t\t\t<\/div>\n\t\t<\/div>\n\t\t\t\t\t<\/div>\n\t\t<\/section>\n\t\t\t\t\t<\/div>\n\t\t<\/div>\n\t\t\t\t\t<\/div>\n\t\t<\/section>\n\t\t\t\t<section class=\"elementor-section elementor-top-section elementor-element elementor-element-1d01b59 elementor-section-stretched elementor-section-boxed elementor-section-height-default elementor-section-height-default\" data-id=\"1d01b59\" data-element_type=\"section\" data-e-type=\"section\" data-settings=\"{&quot;stretch_section&quot;:&quot;section-stretched&quot;,&quot;background_background&quot;:&quot;classic&quot;}\">\n\t\t\t\t\t\t\t<div class=\"elementor-background-overlay\"><\/div>\n\t\t\t\t\t\t\t<div class=\"elementor-container elementor-column-gap-default\">\n\t\t\t\t\t<div class=\"elementor-column elementor-col-100 elementor-top-column elementor-element elementor-element-f07b8a6\" data-id=\"f07b8a6\" data-element_type=\"column\" data-e-type=\"column\">\n\t\t\t<div class=\"elementor-widget-wrap elementor-element-populated\">\n\t\t\t\t\t\t<div class=\"elementor-element elementor-element-c1c52c5 elementor-widget elementor-widget-spacer\" data-id=\"c1c52c5\" data-element_type=\"widget\" data-e-type=\"widget\" data-widget_type=\"spacer.default\">\n\t\t\t\t\t\t\t<div class=\"elementor-spacer\">\n\t\t\t<div class=\"elementor-spacer-inner\"><\/div>\n\t\t<\/div>\n\t\t\t\t\t\t<\/div>\n\t\t\t\t\t<\/div>\n\t\t<\/div>\n\t\t\t\t\t<\/div>\n\t\t<\/section>\n\t\t\t\t<\/div>\n\t\t","protected":false},"excerpt":{"rendered":"<p>Notre lettre d&#8217;information Nouveaut\u00e9s produits, informations sur les \u00e9v\u00e9nements et rapports de voyage Ne manquez plus aucune nouvelle ! Avec notre newsletter, vous \u00eates toujours inform\u00e9s et \u00e0 la pointe de l&#8217;actualit\u00e9. Nous n&#8217;envoyons notre newsletter que tous les trois mois environ, mais elle traite de sujets passionnants. Aucune donn\u00e9e n&#8217;est transmise \u00e0 des tiers. [&hellip;]<\/p>\n","protected":false},"author":5,"featured_media":0,"parent":0,"menu_order":0,"comment_status":"closed","ping_status":"closed","template":"","meta":{"_acf_changed":false,"footnotes":""},"class_list":["post-34248","page","type-page","status-publish","hentry"],"acf":[],"yoast_head":"<!-- This site is optimized with the Yoast SEO plugin v27.3 - https:\/\/yoast.com\/product\/yoast-seo-wordpress\/ -->\n<title>Bulletin d&#039;information | Anfibio Packrafting<\/title>\n<meta name=\"description\" content=\"Recevez en avant-premi\u00e8re les nouveaut\u00e9s produits, les annonces d&#039;\u00e9v\u00e9nements et les r\u00e9cits de voyage avec la newsletter Anfibio Packrafting.\" \/>\n<meta name=\"robots\" content=\"index, follow, max-snippet:-1, max-image-preview:large, max-video-preview:-1\" \/>\n<link rel=\"canonical\" href=\"https:\/\/www.anfibio.com\/fr\/bulletin-dinformation\/\" \/>\n<meta property=\"og:locale\" content=\"fr_FR\" \/>\n<meta property=\"og:type\" content=\"article\" \/>\n<meta property=\"og:title\" content=\"Bulletin d&#039;information | Anfibio Packrafting\" \/>\n<meta property=\"og:description\" content=\"Recevez en avant-premi\u00e8re les nouveaut\u00e9s produits, les annonces d&#039;\u00e9v\u00e9nements et les r\u00e9cits de voyage avec la newsletter Anfibio Packrafting.\" \/>\n<meta property=\"og:url\" content=\"https:\/\/www.anfibio.com\/fr\/bulletin-dinformation\/\" \/>\n<meta property=\"og:site_name\" content=\"Anfibio\" \/>\n<meta property=\"article:modified_time\" content=\"2025-09-15T12:07:15+00:00\" \/>\n<meta name=\"twitter:card\" content=\"summary_large_image\" \/>\n<meta name=\"twitter:label1\" content=\"Dur\u00e9e de lecture estim\u00e9e\" \/>\n\t<meta name=\"twitter:data1\" content=\"1 minute\" \/>\n<!-- \/ Yoast SEO plugin. -->","yoast_head_json":{"title":"Bulletin d'information | Anfibio Packrafting","description":"Recevez en avant-premi\u00e8re les nouveaut\u00e9s produits, les annonces d'\u00e9v\u00e9nements et les r\u00e9cits de voyage avec la newsletter Anfibio Packrafting.","robots":{"index":"index","follow":"follow","max-snippet":"max-snippet:-1","max-image-preview":"max-image-preview:large","max-video-preview":"max-video-preview:-1"},"canonical":"https:\/\/www.anfibio.com\/fr\/bulletin-dinformation\/","og_locale":"fr_FR","og_type":"article","og_title":"Bulletin d'information | Anfibio Packrafting","og_description":"Recevez en avant-premi\u00e8re les nouveaut\u00e9s produits, les annonces d'\u00e9v\u00e9nements et les r\u00e9cits de voyage avec la newsletter Anfibio Packrafting.","og_url":"https:\/\/www.anfibio.com\/fr\/bulletin-dinformation\/","og_site_name":"Anfibio","article_modified_time":"2025-09-15T12:07:15+00:00","twitter_card":"summary_large_image","twitter_misc":{"Dur\u00e9e de lecture estim\u00e9e":"1 minute"},"schema":{"@context":"https:\/\/schema.org","@graph":[{"@type":"WebPage","@id":"https:\/\/www.anfibio.com\/fr\/bulletin-dinformation\/","url":"https:\/\/www.anfibio.com\/fr\/bulletin-dinformation\/","name":"Bulletin d'information | Anfibio Packrafting","isPartOf":{"@id":"https:\/\/www.anfibio.com\/fr\/#website"},"datePublished":"2022-02-09T13:15:17+00:00","dateModified":"2025-09-15T12:07:15+00:00","description":"Recevez en avant-premi\u00e8re les nouveaut\u00e9s produits, les annonces d'\u00e9v\u00e9nements et les r\u00e9cits de voyage avec la newsletter Anfibio Packrafting.","breadcrumb":{"@id":"https:\/\/www.anfibio.com\/fr\/bulletin-dinformation\/#breadcrumb"},"inLanguage":"fr-FR","potentialAction":[{"@type":"ReadAction","target":["https:\/\/www.anfibio.com\/fr\/bulletin-dinformation\/"]}]},{"@type":"BreadcrumbList","@id":"https:\/\/www.anfibio.com\/fr\/bulletin-dinformation\/#breadcrumb","itemListElement":[{"@type":"ListItem","position":1,"name":"Home","item":"https:\/\/www.anfibio.com\/fr\/"},{"@type":"ListItem","position":2,"name":"Bulletin d&#8217;information"}]},{"@type":"WebSite","@id":"https:\/\/www.anfibio.com\/fr\/#website","url":"https:\/\/www.anfibio.com\/fr\/","name":"Anfibio Packrafting","description":"","potentialAction":[{"@type":"SearchAction","target":{"@type":"EntryPoint","urlTemplate":"https:\/\/www.anfibio.com\/fr\/?s={search_term_string}"},"query-input":{"@type":"PropertyValueSpecification","valueRequired":true,"valueName":"search_term_string"}}],"inLanguage":"fr-FR"}]}},"_links":{"self":[{"href":"https:\/\/www.anfibio.com\/fr\/wp-json\/wp\/v2\/pages\/34248","targetHints":{"allow":["GET"]}}],"collection":[{"href":"https:\/\/www.anfibio.com\/fr\/wp-json\/wp\/v2\/pages"}],"about":[{"href":"https:\/\/www.anfibio.com\/fr\/wp-json\/wp\/v2\/types\/page"}],"author":[{"embeddable":true,"href":"https:\/\/www.anfibio.com\/fr\/wp-json\/wp\/v2\/users\/5"}],"replies":[{"embeddable":true,"href":"https:\/\/www.anfibio.com\/fr\/wp-json\/wp\/v2\/comments?post=34248"}],"version-history":[{"count":0,"href":"https:\/\/www.anfibio.com\/fr\/wp-json\/wp\/v2\/pages\/34248\/revisions"}],"wp:attachment":[{"href":"https:\/\/www.anfibio.com\/fr\/wp-json\/wp\/v2\/media?parent=34248"}],"curies":[{"name":"wp","href":"https:\/\/api.w.org\/{rel}","templated":true}]}}