{"id":34493,"date":"2021-11-16T21:15:45","date_gmt":"2021-11-16T21:15:45","guid":{"rendered":"https:\/\/www.anfibio.com\/mentions-legales\/"},"modified":"2025-09-15T12:07:40","modified_gmt":"2025-09-15T12:07:40","slug":"mentions-legales","status":"publish","type":"page","link":"https:\/\/www.anfibio.com\/fr\/mentions-legales\/","title":{"rendered":"Mentions l\u00e9gales"},"content":{"rendered":"\t\t<div data-elementor-type=\"wp-page\" data-elementor-id=\"34493\" class=\"elementor elementor-34493 elementor-2380\" data-elementor-post-type=\"page\">\n\t\t\t\t\t\t<section class=\"elementor-section elementor-top-section elementor-element elementor-element-17a6f4c1 elementor-section-stretched elementor-section-boxed elementor-section-height-default elementor-section-height-default\" data-id=\"17a6f4c1\" data-element_type=\"section\" data-e-type=\"section\" id=\"veranstalter\" data-settings=\"{&quot;stretch_section&quot;:&quot;section-stretched&quot;,&quot;background_background&quot;:&quot;classic&quot;}\">\n\t\t\t\t\t\t\t<div class=\"elementor-background-overlay\"><\/div>\n\t\t\t\t\t\t\t<div class=\"elementor-container elementor-column-gap-default\">\n\t\t\t\t\t<div class=\"elementor-column elementor-col-100 elementor-top-column elementor-element elementor-element-76390581\" data-id=\"76390581\" data-element_type=\"column\" data-e-type=\"column\">\n\t\t\t<div class=\"elementor-widget-wrap elementor-element-populated\">\n\t\t\t\t\t\t<div class=\"elementor-element elementor-element-c7a8edb elementor-widget elementor-widget-heading\" data-id=\"c7a8edb\" data-element_type=\"widget\" data-e-type=\"widget\" data-widget_type=\"heading.default\">\n\t\t\t\t\t<h1 class=\"elementor-heading-title elementor-size-default\">Mentions l\u00e9gales<\/h1>\t\t\t\t<\/div>\n\t\t\t\t<div class=\"elementor-element elementor-element-65de6b0 elementor-widget elementor-widget-heading\" data-id=\"65de6b0\" data-element_type=\"widget\" data-e-type=\"widget\" data-widget_type=\"heading.default\">\n\t\t\t\t\t<h2 class=\"elementor-heading-title elementor-size-default\">Informations conform\u00e9ment au \u00a7 5 TMG<\/h2>\t\t\t\t<\/div>\n\t\t\t\t<div class=\"elementor-element elementor-element-099daa4 elementor-widget elementor-widget-text-editor\" data-id=\"099daa4\" data-element_type=\"widget\" data-e-type=\"widget\" data-widget_type=\"text-editor.default\">\n\t\t\t\t\t\t\t\t\t<p>Anfibio Packrafting, Schellin &amp; Kreinacker GbR<br>K\u00f6rnerplatz 6<br>04107 Leipzig<\/p>\t\t\t\t\t\t\t\t<\/div>\n\t\t\t\t<div class=\"elementor-element elementor-element-bb497f7 elementor-widget elementor-widget-heading\" data-id=\"bb497f7\" data-element_type=\"widget\" data-e-type=\"widget\" data-widget_type=\"heading.default\">\n\t\t\t\t\t<h2 class=\"elementor-heading-title elementor-size-default\">Repr\u00e9sent\u00e9 par<\/h2>\t\t\t\t<\/div>\n\t\t\t\t<div class=\"elementor-element elementor-element-1d5f6f7 elementor-widget elementor-widget-text-editor\" data-id=\"1d5f6f7\" data-element_type=\"widget\" data-e-type=\"widget\" data-widget_type=\"text-editor.default\">\n\t\t\t\t\t\t\t\t\t<p>Marc Kreinacker et Sven Schellin<\/p>\t\t\t\t\t\t\t\t<\/div>\n\t\t\t\t<div class=\"elementor-element elementor-element-8a5fa67 elementor-widget elementor-widget-heading\" data-id=\"8a5fa67\" data-element_type=\"widget\" data-e-type=\"widget\" data-widget_type=\"heading.default\">\n\t\t\t\t\t<h2 class=\"elementor-heading-title elementor-size-default\">Contact<\/h2>\t\t\t\t<\/div>\n\t\t\t\t<div class=\"elementor-element elementor-element-3013d94 elementor-widget elementor-widget-text-editor\" data-id=\"3013d94\" data-element_type=\"widget\" data-e-type=\"widget\" data-widget_type=\"text-editor.default\">\n\t\t\t\t\t\t\t\t\t<p>T\u00e9l\u00e9phone : +49(0)341-39281264<\/p>\n<p>Courrier \u00e9lectronique : info@anfibio.com<\/p>\t\t\t\t\t\t\t\t<\/div>\n\t\t\t\t<div class=\"elementor-element elementor-element-1123b55 elementor-widget elementor-widget-heading\" data-id=\"1123b55\" data-element_type=\"widget\" data-e-type=\"widget\" data-widget_type=\"heading.default\">\n\t\t\t\t\t<h2 class=\"elementor-heading-title elementor-size-default\">Taxe sur les ventes<\/h2>\t\t\t\t<\/div>\n\t\t\t\t<div class=\"elementor-element elementor-element-f468e7a elementor-widget elementor-widget-text-editor\" data-id=\"f468e7a\" data-element_type=\"widget\" data-e-type=\"widget\" data-widget_type=\"text-editor.default\">\n\t\t\t\t\t\t\t\t\tNum\u00e9ro d&#8217;identification de la taxe sur le chiffre d&#8217;affaires conform\u00e9ment au \u00a727 a de la loi sur la taxe sur le chiffre d&#8217;affaires : DE815376306\t\t\t\t\t\t\t\t<\/div>\n\t\t\t\t<div class=\"elementor-element elementor-element-002169c elementor-widget elementor-widget-heading\" data-id=\"002169c\" data-element_type=\"widget\" data-e-type=\"widget\" data-widget_type=\"heading.default\">\n\t\t\t\t\t<h2 class=\"elementor-heading-title elementor-size-default\">R\u00e8glement des litiges<\/h2>\t\t\t\t<\/div>\n\t\t\t\t<div class=\"elementor-element elementor-element-98539ad elementor-widget elementor-widget-text-editor\" data-id=\"98539ad\" data-element_type=\"widget\" data-e-type=\"widget\" data-widget_type=\"text-editor.default\">\n\t\t\t\t\t\t\t\t\tLa Commission europ\u00e9enne met \u00e0 disposition une plateforme de r\u00e8glement en ligne des litiges (RLL) : https:\/\/ec.europa.eu\/consumers\/odr.\n\nVous trouverez notre adresse e-mail en haut dans les mentions l\u00e9gales.\n\nNous ne sommes pas pr\u00eats ou oblig\u00e9s de participer \u00e0 des proc\u00e9dures de r\u00e8glement des litiges devant un organisme de conciliation des consommateurs.\t\t\t\t\t\t\t\t<\/div>\n\t\t\t\t<div class=\"elementor-element elementor-element-9f08680 elementor-widget elementor-widget-heading\" data-id=\"9f08680\" data-element_type=\"widget\" data-e-type=\"widget\" data-widget_type=\"heading.default\">\n\t\t\t\t\t<h2 class=\"elementor-heading-title elementor-size-default\">Responsabilit\u00e9 du contenu<\/h2>\t\t\t\t<\/div>\n\t\t\t\t<div class=\"elementor-element elementor-element-794f52f elementor-widget elementor-widget-text-editor\" data-id=\"794f52f\" data-element_type=\"widget\" data-e-type=\"widget\" data-widget_type=\"text-editor.default\">\n\t\t\t\t\t\t\t\t\tEn tant que prestataire de services, nous sommes responsables, conform\u00e9ment au \u00a7 7 alin\u00e9a 1 de la loi allemande sur les t\u00e9l\u00e9m\u00e9dias (TMG), de nos propres contenus sur ces pages selon les lois g\u00e9n\u00e9rales. Conform\u00e9ment aux \u00a7\u00a7 8 \u00e0 10 de la TMG, nous ne sommes toutefois pas tenus, en tant que prestataire de services, de surveiller les informations externes transmises ou enregistr\u00e9es ou de rechercher les circonstances qui indiquent une activit\u00e9 ill\u00e9gale.  \n\nL&#8217;obligation de supprimer ou de bloquer l&#8217;utilisation d&#8217;informations conform\u00e9ment aux lois g\u00e9n\u00e9rales n&#8217;est pas affect\u00e9e par cette disposition. Une responsabilit\u00e9 \u00e0 cet \u00e9gard n&#8217;est toutefois possible qu&#8217;\u00e0 partir du moment o\u00f9 une violation concr\u00e8te de la loi est connue. D\u00e8s la prise de connaissance d&#8217;une telle violation, nous supprimerons imm\u00e9diatement le contenu en question.  \t\t\t\t\t\t\t\t<\/div>\n\t\t\t\t<div class=\"elementor-element elementor-element-9aad64f elementor-widget elementor-widget-heading\" data-id=\"9aad64f\" data-element_type=\"widget\" data-e-type=\"widget\" data-widget_type=\"heading.default\">\n\t\t\t\t\t<h2 class=\"elementor-heading-title elementor-size-default\">Responsabilit\u00e9 des liens<\/h2>\t\t\t\t<\/div>\n\t\t\t\t<div class=\"elementor-element elementor-element-40e6d14 elementor-widget elementor-widget-text-editor\" data-id=\"40e6d14\" data-element_type=\"widget\" data-e-type=\"widget\" data-widget_type=\"text-editor.default\">\n\t\t\t\t\t\t\t\t\t<p>Notre offre contient des liens vers des sites Web externes de tiers, sur lesquels nous n&#8217;avons aucune influence. Nous ne pouvons donc pas nous porter garants de ces contenus externes. Le fournisseur ou l&#8217;exploitant des pages li\u00e9es est toujours responsable du contenu de ces pages. Les pages li\u00e9es ont \u00e9t\u00e9 v\u00e9rifi\u00e9es au moment de la cr\u00e9ation du lien afin de s&#8217;assurer qu&#8217;elles n&#8217;enfreignaient pas la loi. Aucun contenu ill\u00e9gal n&#8217;a \u00e9t\u00e9 identifi\u00e9 au moment de la cr\u00e9ation des liens.    <\/p><p>Un contr\u00f4le permanent du contenu des pages li\u00e9es n&#8217;est cependant pas exigible sans indices concrets d&#8217;une violation de la loi. Si nous prenons connaissance d&#8217;une violation de la loi, nous supprimerons imm\u00e9diatement les liens en question. <\/p>\t\t\t\t\t\t\t\t<\/div>\n\t\t\t\t<div class=\"elementor-element elementor-element-1b7e5b8 elementor-widget elementor-widget-heading\" data-id=\"1b7e5b8\" data-element_type=\"widget\" data-e-type=\"widget\" data-widget_type=\"heading.default\">\n\t\t\t\t\t<h2 class=\"elementor-heading-title elementor-size-default\">Droit d'auteur<\/h2>\t\t\t\t<\/div>\n\t\t\t\t<div class=\"elementor-element elementor-element-7701fa5 elementor-widget elementor-widget-text-editor\" data-id=\"7701fa5\" data-element_type=\"widget\" data-e-type=\"widget\" data-widget_type=\"text-editor.default\">\n\t\t\t\t\t\t\t\t\t<p>Les contenus et \u0153uvres cr\u00e9\u00e9s par les exploitants de ces pages sont soumis au droit d&#8217;auteur allemand. La reproduction, le traitement, la diffusion et tout type d&#8217;exploitation en dehors des limites du droit d&#8217;auteur requi\u00e8rent l&#8217;accord \u00e9crit de l&#8217;auteur ou du cr\u00e9ateur concern\u00e9. Les t\u00e9l\u00e9chargements et les copies de ce site ne sont autoris\u00e9s que pour un usage priv\u00e9 et non commercial.  <\/p>\n<p>&nbsp;<\/p>\n<p>Dans la mesure o\u00f9 les contenus de ce site n&#8217;ont pas \u00e9t\u00e9 cr\u00e9\u00e9s par l&#8217;exploitant, les droits d&#8217;auteur de tiers sont respect\u00e9s. En particulier, les contenus de tiers sont identifi\u00e9s comme tels. Si vous constatez n\u00e9anmoins une violation des droits d&#8217;auteur, nous vous prions de nous en informer. D\u00e8s que nous aurons connaissance d&#8217;une violation de la loi, nous supprimerons imm\u00e9diatement le contenu en question.   <\/p>\n<p>&nbsp;<\/p>\n<p>Cr\u00e9dit photo : tous droits r\u00e9serv\u00e9s.<\/p>\n<p>&nbsp;<\/p>\n<p>Photos : Thomas Butzmann, <span style=\"color: var( --e-global-color-21c35d7 );font-family: Exo, sans-serif\">Sven Schellin, Marc Kreinacker, <\/span><span style=\"color: var( --e-global-color-21c35d7 );font-family: Exo, sans-serif\">Lutz R\u00f6\u00dfiger, Lisa Kristin Schr\u00f6tter, Christian Martischius, Daniel Viol, Denis Closen, Gabriel Gersch, Holger Lieberenz, Matthias Henke, Mirko Fitschener, Tim Heide, Gerard Anton, Chris Scott, Felix Fogelstaller, Theo Larn-Jones, Gordon Bieling, Hans J\u00f6rg Ransmayr, Kilian Reil, Nils Junker, Peter Sikker, Richard L\u00f6wenherz, Robert Neu, Sebastian Schweizer, Steve Graepel, Joni Palom\u00e4ki, Patosan Manriquez, Alan Klee, Taulant Hoxha, Juliane Hermelbracht, Nicholas Brooks, Peggy Fischer, Tobias Schorcht, <\/span><span style=\"font-family: Exo, sans-serif;color: var( --e-global-color-21c35d7 )\">Anthony Komarnicki, <\/span><span style=\"font-family: Exo, sans-serif\"><sup>PlasticBank\u00ae<\/sup>, Hans-Georg Moll, Jan Vincent Kleine, <\/span>erlebe.bayern &#8211; Thomas Linkel, Mi\u0161ka Izakovi\u010dov\u00e1, Paul Taylor<\/p>\n<p><br><\/p>\n<p>Ic\u00f4nes : www.flaticon.com<\/p>\n<p><br><\/p>\n<p>Conception Web : digitalwert\u00ae Agentur f\u00fcr digitale Wertsch\u00f6pfung GmbH<\/p>\n<p><br><\/p>\n<p>Contenu : Anfibio Packrafting, Schellin &amp; Kreinacker GbR<\/p>\t\t\t\t\t\t\t\t<\/div>\n\t\t\t\t\t<\/div>\n\t\t<\/div>\n\t\t\t\t\t<\/div>\n\t\t<\/section>\n\t\t\t\t<section class=\"elementor-section elementor-top-section elementor-element elementor-element-c472f95 elementor-section-stretched elementor-section-boxed elementor-section-height-default elementor-section-height-default\" data-id=\"c472f95\" data-element_type=\"section\" data-e-type=\"section\" data-settings=\"{&quot;stretch_section&quot;:&quot;section-stretched&quot;,&quot;background_background&quot;:&quot;classic&quot;}\">\n\t\t\t\t\t\t\t<div class=\"elementor-background-overlay\"><\/div>\n\t\t\t\t\t\t\t<div class=\"elementor-container elementor-column-gap-default\">\n\t\t\t\t\t<div class=\"elementor-column elementor-col-100 elementor-top-column elementor-element elementor-element-4856a25\" data-id=\"4856a25\" data-element_type=\"column\" data-e-type=\"column\">\n\t\t\t<div class=\"elementor-widget-wrap elementor-element-populated\">\n\t\t\t\t\t\t<div class=\"elementor-element elementor-element-f56098f elementor-widget elementor-widget-spacer\" data-id=\"f56098f\" data-element_type=\"widget\" data-e-type=\"widget\" data-widget_type=\"spacer.default\">\n\t\t\t\t\t\t\t<div class=\"elementor-spacer\">\n\t\t\t<div class=\"elementor-spacer-inner\"><\/div>\n\t\t<\/div>\n\t\t\t\t\t\t<\/div>\n\t\t\t\t\t<\/div>\n\t\t<\/div>\n\t\t\t\t\t<\/div>\n\t\t<\/section>\n\t\t\t\t<\/div>\n\t\t","protected":false},"excerpt":{"rendered":"<p>Mentions l\u00e9gales Informations conform\u00e9ment au \u00a7 5 TMG Anfibio Packrafting, Schellin &amp; Kreinacker GbRK\u00f6rnerplatz 604107 Leipzig Repr\u00e9sent\u00e9 par Marc Kreinacker et Sven Schellin Contact T\u00e9l\u00e9phone : +49(0)341-39281264 Courrier \u00e9lectronique : info@anfibio.com Taxe sur les ventes Num\u00e9ro d&#8217;identification de la taxe sur le chiffre d&#8217;affaires conform\u00e9ment au \u00a727 a de la loi sur la taxe sur [&hellip;]<\/p>\n","protected":false},"author":6,"featured_media":0,"parent":0,"menu_order":7,"comment_status":"closed","ping_status":"closed","template":"","meta":{"_acf_changed":false,"footnotes":""},"class_list":["post-34493","page","type-page","status-publish","hentry"],"acf":[],"yoast_head":"<!-- This site is optimized with the Yoast SEO plugin v27.3 - https:\/\/yoast.com\/product\/yoast-seo-wordpress\/ -->\n<title>Mentions l\u00e9gales | Anfibio Packrafting<\/title>\n<meta name=\"description\" content=\"Vous trouverez ici les mentions l\u00e9gales d&#039;Anfibio Packrafting !\" \/>\n<meta name=\"robots\" content=\"index, follow, max-snippet:-1, max-image-preview:large, max-video-preview:-1\" \/>\n<link rel=\"canonical\" href=\"https:\/\/www.anfibio.com\/fr\/mentions-legales\/\" \/>\n<meta property=\"og:locale\" content=\"fr_FR\" \/>\n<meta property=\"og:type\" content=\"article\" \/>\n<meta property=\"og:title\" content=\"Mentions l\u00e9gales | Anfibio Packrafting\" \/>\n<meta property=\"og:description\" content=\"Vous trouverez ici les mentions l\u00e9gales d&#039;Anfibio Packrafting !\" \/>\n<meta property=\"og:url\" content=\"https:\/\/www.anfibio.com\/fr\/mentions-legales\/\" \/>\n<meta property=\"og:site_name\" content=\"Anfibio\" \/>\n<meta property=\"article:modified_time\" content=\"2025-09-15T12:07:40+00:00\" \/>\n<meta name=\"twitter:card\" content=\"summary_large_image\" \/>\n<meta name=\"twitter:label1\" content=\"Dur\u00e9e de lecture estim\u00e9e\" \/>\n\t<meta name=\"twitter:data1\" content=\"3 minutes\" \/>\n<!-- \/ Yoast SEO plugin. -->","yoast_head_json":{"title":"Mentions l\u00e9gales | Anfibio Packrafting","description":"Vous trouverez ici les mentions l\u00e9gales d'Anfibio Packrafting !","robots":{"index":"index","follow":"follow","max-snippet":"max-snippet:-1","max-image-preview":"max-image-preview:large","max-video-preview":"max-video-preview:-1"},"canonical":"https:\/\/www.anfibio.com\/fr\/mentions-legales\/","og_locale":"fr_FR","og_type":"article","og_title":"Mentions l\u00e9gales | Anfibio Packrafting","og_description":"Vous trouverez ici les mentions l\u00e9gales d'Anfibio Packrafting !","og_url":"https:\/\/www.anfibio.com\/fr\/mentions-legales\/","og_site_name":"Anfibio","article_modified_time":"2025-09-15T12:07:40+00:00","twitter_card":"summary_large_image","twitter_misc":{"Dur\u00e9e de lecture estim\u00e9e":"3 minutes"},"schema":{"@context":"https:\/\/schema.org","@graph":[{"@type":"WebPage","@id":"https:\/\/www.anfibio.com\/fr\/mentions-legales\/","url":"https:\/\/www.anfibio.com\/fr\/mentions-legales\/","name":"Mentions l\u00e9gales | Anfibio Packrafting","isPartOf":{"@id":"https:\/\/www.anfibio.com\/fr\/#website"},"datePublished":"2021-11-16T21:15:45+00:00","dateModified":"2025-09-15T12:07:40+00:00","description":"Vous trouverez ici les mentions l\u00e9gales d'Anfibio Packrafting !","breadcrumb":{"@id":"https:\/\/www.anfibio.com\/fr\/mentions-legales\/#breadcrumb"},"inLanguage":"fr-FR","potentialAction":[{"@type":"ReadAction","target":["https:\/\/www.anfibio.com\/fr\/mentions-legales\/"]}]},{"@type":"BreadcrumbList","@id":"https:\/\/www.anfibio.com\/fr\/mentions-legales\/#breadcrumb","itemListElement":[{"@type":"ListItem","position":1,"name":"Home","item":"https:\/\/www.anfibio.com\/fr\/"},{"@type":"ListItem","position":2,"name":"Mentions l\u00e9gales"}]},{"@type":"WebSite","@id":"https:\/\/www.anfibio.com\/fr\/#website","url":"https:\/\/www.anfibio.com\/fr\/","name":"Anfibio Packrafting","description":"","potentialAction":[{"@type":"SearchAction","target":{"@type":"EntryPoint","urlTemplate":"https:\/\/www.anfibio.com\/fr\/?s={search_term_string}"},"query-input":{"@type":"PropertyValueSpecification","valueRequired":true,"valueName":"search_term_string"}}],"inLanguage":"fr-FR"}]}},"_links":{"self":[{"href":"https:\/\/www.anfibio.com\/fr\/wp-json\/wp\/v2\/pages\/34493","targetHints":{"allow":["GET"]}}],"collection":[{"href":"https:\/\/www.anfibio.com\/fr\/wp-json\/wp\/v2\/pages"}],"about":[{"href":"https:\/\/www.anfibio.com\/fr\/wp-json\/wp\/v2\/types\/page"}],"author":[{"embeddable":true,"href":"https:\/\/www.anfibio.com\/fr\/wp-json\/wp\/v2\/users\/6"}],"replies":[{"embeddable":true,"href":"https:\/\/www.anfibio.com\/fr\/wp-json\/wp\/v2\/comments?post=34493"}],"version-history":[{"count":0,"href":"https:\/\/www.anfibio.com\/fr\/wp-json\/wp\/v2\/pages\/34493\/revisions"}],"wp:attachment":[{"href":"https:\/\/www.anfibio.com\/fr\/wp-json\/wp\/v2\/media?parent=34493"}],"curies":[{"name":"wp","href":"https:\/\/api.w.org\/{rel}","templated":true}]}}