{"id":37123,"date":"2023-03-21T09:18:45","date_gmt":"2023-03-21T09:18:45","guid":{"rendered":"https:\/\/www.anfibio.com\/raporty\/"},"modified":"2026-01-12T13:36:04","modified_gmt":"2026-01-12T13:36:04","slug":"raporty","status":"publish","type":"page","link":"https:\/\/www.anfibio.com\/pl\/raporty\/","title":{"rendered":"Raporty"},"content":{"rendered":"\t\t<div data-elementor-type=\"wp-page\" data-elementor-id=\"37123\" class=\"elementor elementor-37123 elementor-23525\" data-elementor-post-type=\"page\">\n\t\t\t\t\t\t<section class=\"elementor-section elementor-top-section elementor-element elementor-element-f2dd41d elementor-section-full_width elementor-section-height-min-height elementor-section-items-stretch elementor-section-stretched elementor-section-height-default\" data-id=\"f2dd41d\" data-element_type=\"section\" data-e-type=\"section\" data-settings=\"{&quot;stretch_section&quot;:&quot;section-stretched&quot;,&quot;background_background&quot;:&quot;classic&quot;}\">\n\t\t\t\t\t\t<div class=\"elementor-container elementor-column-gap-default\">\n\t\t\t\t\t<div class=\"elementor-column elementor-col-100 elementor-top-column elementor-element elementor-element-8e2d44c\" data-id=\"8e2d44c\" data-element_type=\"column\" data-e-type=\"column\" data-settings=\"{&quot;background_background&quot;:&quot;classic&quot;}\">\n\t\t\t<div class=\"elementor-widget-wrap elementor-element-populated\">\n\t\t\t\t\t<div class=\"elementor-background-overlay\"><\/div>\n\t\t\t\t\t\t<div class=\"elementor-element elementor-element-edf27d0 ao-banner-headline elementor-widget elementor-widget-text-editor\" data-id=\"edf27d0\" data-element_type=\"widget\" data-e-type=\"widget\" data-widget_type=\"text-editor.default\">\n\t\t\t\t<div class=\"elementor-widget-container\">\n\t\t\t\t\t\t\t\t\t<h1><span class=\"yellow\">Wewn\u0105trz <\/span>\n<span style=\"color: #fff\"><br>Raporty\n<\/span><\/h1>\t\t\t\t\t\t\t\t<\/div>\n\t\t\t\t<\/div>\n\t\t\t\t\t<\/div>\n\t\t<\/div>\n\t\t\t\t\t<\/div>\n\t\t<\/section>\n\t\t\t\t<section class=\"elementor-section elementor-top-section elementor-element elementor-element-bbefb0e elementor-section-stretched elementor-section-boxed elementor-section-height-default elementor-section-height-default\" data-id=\"bbefb0e\" data-element_type=\"section\" data-e-type=\"section\" data-settings=\"{&quot;stretch_section&quot;:&quot;section-stretched&quot;,&quot;background_background&quot;:&quot;classic&quot;}\">\n\t\t\t\t\t\t<div class=\"elementor-container elementor-column-gap-default\">\n\t\t\t\t\t<div class=\"elementor-column elementor-col-50 elementor-top-column elementor-element elementor-element-33ea780\" data-id=\"33ea780\" data-element_type=\"column\" data-e-type=\"column\">\n\t\t\t<div class=\"elementor-widget-wrap elementor-element-populated\">\n\t\t\t\t\t\t<div class=\"elementor-element elementor-element-641da3d elementor-widget elementor-widget-text-editor\" data-id=\"641da3d\" data-element_type=\"widget\" data-e-type=\"widget\" data-widget_type=\"text-editor.default\">\n\t\t\t\t<div class=\"elementor-widget-container\">\n\t\t\t\t\t\t\t\t\t<p>Ciekawe, prowokuj\u0105ce do my\u015blenia, ekscytuj\u0105ce. To jest nasz k\u0105cik czatu. <\/p>\t\t\t\t\t\t\t\t<\/div>\n\t\t\t\t<\/div>\n\t\t\t\t\t<\/div>\n\t\t<\/div>\n\t\t\t\t<div class=\"elementor-column elementor-col-50 elementor-top-column elementor-element elementor-element-279792e\" data-id=\"279792e\" data-element_type=\"column\" data-e-type=\"column\">\n\t\t\t<div class=\"elementor-widget-wrap elementor-element-populated\">\n\t\t\t\t\t\t<div class=\"elementor-element elementor-element-6557124 elementor-widget elementor-widget-text-editor\" data-id=\"6557124\" data-element_type=\"widget\" data-e-type=\"widget\" data-widget_type=\"text-editor.default\">\n\t\t\t\t<div class=\"elementor-widget-container\">\n\t\t\t\t\t\t\t\t\t<p>Oto spojrzenie za kulisy, z dala od tego, co zwyk\u0142e i oczekiwane. Anfibio z innej perspektywy.  Jak na zdj\u0119ciu powy\u017cej. Zrobione przez naszego Thomasa Butzmanna. <\/p>\t\t\t\t\t\t\t\t<\/div>\n\t\t\t\t<\/div>\n\t\t\t\t\t<\/div>\n\t\t<\/div>\n\t\t\t\t\t<\/div>\n\t\t<\/section>\n\t\t\t\t<section class=\"elementor-section elementor-top-section elementor-element elementor-element-fe7b275 elementor-section-stretched elementor-section-boxed elementor-section-height-default elementor-section-height-default\" data-id=\"fe7b275\" data-element_type=\"section\" data-e-type=\"section\" data-settings=\"{&quot;stretch_section&quot;:&quot;section-stretched&quot;}\">\n\t\t\t\t\t\t<div class=\"elementor-container elementor-column-gap-default\">\n\t\t\t\t\t<div class=\"elementor-column elementor-col-100 elementor-top-column elementor-element elementor-element-0c4ba59\" data-id=\"0c4ba59\" data-element_type=\"column\" data-e-type=\"column\" data-settings=\"{&quot;background_background&quot;:&quot;classic&quot;}\">\n\t\t\t<div class=\"elementor-widget-wrap elementor-element-populated\">\n\t\t\t\t\t\t<section class=\"elementor-section elementor-inner-section elementor-element elementor-element-3273e91 elementor-section-full_width elementor-section-height-default elementor-section-height-default\" data-id=\"3273e91\" data-element_type=\"section\" data-e-type=\"section\">\n\t\t\t\t\t\t<div class=\"elementor-container elementor-column-gap-default\">\n\t\t\t\t\t<div class=\"elementor-column elementor-col-100 elementor-inner-column elementor-element elementor-element-4ee9319\" data-id=\"4ee9319\" data-element_type=\"column\" data-e-type=\"column\">\n\t\t\t<div class=\"elementor-widget-wrap elementor-element-populated\">\n\t\t\t\t\t\t<div class=\"elementor-element elementor-element-e65c3d3 elementor-grid-3 elementor-grid-tablet-2 elementor-grid-mobile-1 elementor-posts--thumbnail-top elementor-card-shadow-yes elementor-posts__hover-gradient elementor-widget elementor-widget-posts\" data-id=\"e65c3d3\" data-element_type=\"widget\" data-e-type=\"widget\" data-settings=\"{&quot;cards_columns&quot;:&quot;3&quot;,&quot;cards_columns_tablet&quot;:&quot;2&quot;,&quot;cards_columns_mobile&quot;:&quot;1&quot;,&quot;cards_row_gap&quot;:{&quot;unit&quot;:&quot;px&quot;,&quot;size&quot;:35,&quot;sizes&quot;:[]},&quot;cards_row_gap_tablet&quot;:{&quot;unit&quot;:&quot;px&quot;,&quot;size&quot;:&quot;&quot;,&quot;sizes&quot;:[]},&quot;cards_row_gap_mobile&quot;:{&quot;unit&quot;:&quot;px&quot;,&quot;size&quot;:&quot;&quot;,&quot;sizes&quot;:[]}}\" data-widget_type=\"posts.cards\">\n\t\t\t\t<div class=\"elementor-widget-container\">\n\t\t\t\t\t\t\t<div class=\"elementor-posts-container elementor-posts elementor-posts--skin-cards elementor-grid\" role=\"list\">\n\t\t\t\t<article class=\"elementor-post elementor-grid-item post-37028 post type-post status-publish format-standard has-post-thumbnail hentry category-historia\" role=\"listitem\">\n\t\t\t<div class=\"elementor-post__card\">\n\t\t\t\t<a class=\"elementor-post__thumbnail__link\" href=\"https:\/\/www.anfibio.com\/pl\/powrot-na-poklad-powiew-swiezosci-w-anfibio\/\" tabindex=\"-1\" ><div class=\"elementor-post__thumbnail\"><img fetchpriority=\"high\" decoding=\"async\" width=\"300\" height=\"200\" src=\"https:\/\/www.anfibio.com\/wp-content\/uploads\/2025\/08\/anfibio-packrafting-mariela-4-300x200.jpg\" class=\"attachment-medium size-medium wp-image-37029\" alt=\"\" srcset=\"https:\/\/www.anfibio.com\/wp-content\/uploads\/2025\/08\/anfibio-packrafting-mariela-4-300x200.jpg 300w, https:\/\/www.anfibio.com\/wp-content\/uploads\/2025\/08\/anfibio-packrafting-mariela-4-1024x683.jpg 1024w, https:\/\/www.anfibio.com\/wp-content\/uploads\/2025\/08\/anfibio-packrafting-mariela-4-768x512.jpg 768w, https:\/\/www.anfibio.com\/wp-content\/uploads\/2025\/08\/anfibio-packrafting-mariela-4-1536x1024.jpg 1536w, https:\/\/www.anfibio.com\/wp-content\/uploads\/2025\/08\/anfibio-packrafting-mariela-4.jpg 1920w\" sizes=\"(max-width: 300px) 100vw, 300px\" \/><\/div><\/a>\n\t\t\t\t<div class=\"elementor-post__badge\">Historia<\/div>\n\t\t\t\t<div class=\"elementor-post__text\">\n\t\t\t\t<h3 class=\"elementor-post__title\">\n\t\t\t<a href=\"https:\/\/www.anfibio.com\/pl\/powrot-na-poklad-powiew-swiezosci-w-anfibio\/\" >\n\t\t\t\tPowr\u00f3t na pok\u0142ad: powiew \u015bwie\u017co\u015bci w Anfibio\t\t\t<\/a>\n\t\t<\/h3>\n\t\t\t\t<div class=\"elementor-post__excerpt\">\n\t\t\t<p>B\u0119d\u0105c wcze\u015bniej cz\u0119\u015bci\u0105 zespo\u0142u Anfibio, wr\u00f3ci\u0142em po kilku latach przerwy, ze \u015bwie\u017c\u0105 wiedz\u0105, nowymi pomys\u0142ami i takim samym entuzjazmem jak za pierwszym razem.<\/p>\t\t<\/div>\n\t\t\t\t\t<div class=\"elementor-post__read-more-wrapper\">\n\t\t\n\t\t<a class=\"elementor-post__read-more\" href=\"https:\/\/www.anfibio.com\/pl\/powrot-na-poklad-powiew-swiezosci-w-anfibio\/\" aria-label=\"Read more about Powr\u00f3t na pok\u0142ad: powiew \u015bwie\u017co\u015bci w Anfibio\" tabindex=\"-1\" >\n\t\t\tDowiedz si\u0119 wi\u0119cej \"\t\t<\/a>\n\n\t\t\t\t\t<\/div>\n\t\t\t\t<\/div>\n\t\t\t\t<div class=\"elementor-post__meta-data\">\n\t\t\t\t\t<span class=\"elementor-post-date\">\n\t\t\t2025-07-07\t\t<\/span>\n\t\t\t\t<\/div>\n\t\t\t\t\t<\/div>\n\t\t<\/article>\n\t\t\t\t<article class=\"elementor-post elementor-grid-item post-37068 post type-post status-publish format-standard has-post-thumbnail hentry category-historia\" role=\"listitem\">\n\t\t\t<div class=\"elementor-post__card\">\n\t\t\t\t<a class=\"elementor-post__thumbnail__link\" href=\"https:\/\/www.anfibio.com\/pl\/packrafter-polkniety-przez-wieloryba-w-chile\/\" tabindex=\"-1\" ><div class=\"elementor-post__thumbnail\"><img decoding=\"async\" width=\"300\" height=\"228\" src=\"https:\/\/www.anfibio.com\/wp-content\/uploads\/2023\/12\/whale-proof-anfibio-buoyboy-300x228.png\" class=\"attachment-medium size-medium wp-image-37827\" alt=\"\" srcset=\"https:\/\/www.anfibio.com\/wp-content\/uploads\/2023\/12\/whale-proof-anfibio-buoyboy-300x228.png 300w, https:\/\/www.anfibio.com\/wp-content\/uploads\/2023\/12\/whale-proof-anfibio-buoyboy-768x585.png 768w, https:\/\/www.anfibio.com\/wp-content\/uploads\/2023\/12\/whale-proof-anfibio-buoyboy.png 923w\" sizes=\"(max-width: 300px) 100vw, 300px\" \/><\/div><\/a>\n\t\t\t\t<div class=\"elementor-post__badge\">Historia<\/div>\n\t\t\t\t<div class=\"elementor-post__text\">\n\t\t\t\t<h3 class=\"elementor-post__title\">\n\t\t\t<a href=\"https:\/\/www.anfibio.com\/pl\/packrafter-polkniety-przez-wieloryba-w-chile\/\" >\n\t\t\t\tPackrafter po\u0142kni\u0119ty przez wieloryba w Chile\t\t\t<\/a>\n\t\t<\/h3>\n\t\t\t\t<div class=\"elementor-post__excerpt\">\n\t\t\t<p>Niewiarygodne, ale prawdziwe! Wieloryb humbak po\u0142yka wio\u015blarza na samym po\u0142udniu Chile. W tym wywiadzie 24-letni Adrian wyja\u015bnia, jak rozwin\u0119\u0142a si\u0119 ta historia w zimnych wodach Patagonii i co Anfibio ma z tym wsp\u00f3lnego. <\/p>\t\t<\/div>\n\t\t\t\t\t<div class=\"elementor-post__read-more-wrapper\">\n\t\t\n\t\t<a class=\"elementor-post__read-more\" href=\"https:\/\/www.anfibio.com\/pl\/packrafter-polkniety-przez-wieloryba-w-chile\/\" aria-label=\"Read more about Packrafter po\u0142kni\u0119ty przez wieloryba w Chile\" tabindex=\"-1\" >\n\t\t\tDowiedz si\u0119 wi\u0119cej \"\t\t<\/a>\n\n\t\t\t\t\t<\/div>\n\t\t\t\t<\/div>\n\t\t\t\t<div class=\"elementor-post__meta-data\">\n\t\t\t\t\t<span class=\"elementor-post-date\">\n\t\t\t2025-02-14\t\t<\/span>\n\t\t\t\t<\/div>\n\t\t\t\t\t<\/div>\n\t\t<\/article>\n\t\t\t\t<article class=\"elementor-post elementor-grid-item post-37242 post type-post status-publish format-standard has-post-thumbnail hentry category-packrafts\" role=\"listitem\">\n\t\t\t<div class=\"elementor-post__card\">\n\t\t\t\t<a class=\"elementor-post__thumbnail__link\" href=\"https:\/\/www.anfibio.com\/pl\/anfibio-packraft-w-magazynie-dla-wynalazcow-einfach-genial-w-telewizji-mdr\/\" tabindex=\"-1\" ><div class=\"elementor-post__thumbnail\"><img decoding=\"async\" width=\"300\" height=\"169\" src=\"https:\/\/www.anfibio.com\/wp-content\/uploads\/2023\/12\/anfibio-packrafting-blog-bild3-300x169.jpg\" class=\"attachment-medium size-medium wp-image-37828\" alt=\"\" srcset=\"https:\/\/www.anfibio.com\/wp-content\/uploads\/2023\/12\/anfibio-packrafting-blog-bild3-300x169.jpg 300w, https:\/\/www.anfibio.com\/wp-content\/uploads\/2023\/12\/anfibio-packrafting-blog-bild3.jpg 700w\" sizes=\"(max-width: 300px) 100vw, 300px\" \/><\/div><\/a>\n\t\t\t\t<div class=\"elementor-post__badge\">Packrafts<\/div>\n\t\t\t\t<div class=\"elementor-post__text\">\n\t\t\t\t<h3 class=\"elementor-post__title\">\n\t\t\t<a href=\"https:\/\/www.anfibio.com\/pl\/anfibio-packraft-w-magazynie-dla-wynalazcow-einfach-genial-w-telewizji-mdr\/\" >\n\t\t\t\tAnfibio Packraft w magazynie dla wynalazc\u00f3w &#8220;Einfach Genial&#8221; w telewizji MDR\t\t\t<\/a>\n\t\t<\/h3>\n\t\t\t\t<div class=\"elementor-post__excerpt\">\n\t\t\t<p>Byli\u015bmy go\u015b\u0107mi programu &#8220;Einfach Genial&#8221; i zaprezentowali\u015bmy najnowsze osi\u0105gni\u0119cia, w szczeg\u00f3lno\u015bci innowacje Packrafts Anfibio Revo CL i Revo XL &#8211; od VenturiTube do TwinTail.<\/p>\t\t<\/div>\n\t\t\t\t\t<div class=\"elementor-post__read-more-wrapper\">\n\t\t\n\t\t<a class=\"elementor-post__read-more\" href=\"https:\/\/www.anfibio.com\/pl\/anfibio-packraft-w-magazynie-dla-wynalazcow-einfach-genial-w-telewizji-mdr\/\" aria-label=\"Read more about Anfibio Packraft w magazynie dla wynalazc\u00f3w &#8220;Einfach Genial&#8221; w telewizji MDR\" tabindex=\"-1\" >\n\t\t\tDowiedz si\u0119 wi\u0119cej \"\t\t<\/a>\n\n\t\t\t\t\t<\/div>\n\t\t\t\t<\/div>\n\t\t\t\t<div class=\"elementor-post__meta-data\">\n\t\t\t\t\t<span class=\"elementor-post-date\">\n\t\t\t2022-06-01\t\t<\/span>\n\t\t\t\t<\/div>\n\t\t\t\t\t<\/div>\n\t\t<\/article>\n\t\t\t\t<article class=\"elementor-post elementor-grid-item post-37249 post type-post status-publish format-standard has-post-thumbnail hentry category-wywiad\" role=\"listitem\">\n\t\t\t<div class=\"elementor-post__card\">\n\t\t\t\t<a class=\"elementor-post__thumbnail__link\" href=\"https:\/\/www.anfibio.com\/pl\/wywiad-faz\/\" tabindex=\"-1\" ><div class=\"elementor-post__thumbnail\"><img loading=\"lazy\" decoding=\"async\" width=\"300\" height=\"160\" src=\"https:\/\/www.anfibio.com\/wp-content\/uploads\/2025\/08\/anfibio-packrafting-sven-schellin-reports-1-300x160.jpg\" class=\"attachment-medium size-medium wp-image-37829\" alt=\"\" srcset=\"https:\/\/www.anfibio.com\/wp-content\/uploads\/2025\/08\/anfibio-packrafting-sven-schellin-reports-1-300x160.jpg 300w, https:\/\/www.anfibio.com\/wp-content\/uploads\/2025\/08\/anfibio-packrafting-sven-schellin-reports-1-1024x547.jpg 1024w, https:\/\/www.anfibio.com\/wp-content\/uploads\/2025\/08\/anfibio-packrafting-sven-schellin-reports-1-768x410.jpg 768w, https:\/\/www.anfibio.com\/wp-content\/uploads\/2025\/08\/anfibio-packrafting-sven-schellin-reports-1-1536x821.jpg 1536w, https:\/\/www.anfibio.com\/wp-content\/uploads\/2025\/08\/anfibio-packrafting-sven-schellin-reports-1.jpg 1920w\" sizes=\"(max-width: 300px) 100vw, 300px\" \/><\/div><\/a>\n\t\t\t\t<div class=\"elementor-post__badge\">Wywiad<\/div>\n\t\t\t\t<div class=\"elementor-post__text\">\n\t\t\t\t<h3 class=\"elementor-post__title\">\n\t\t\t<a href=\"https:\/\/www.anfibio.com\/pl\/wywiad-faz\/\" >\n\t\t\t\tWywiad FAZ\t\t\t<\/a>\n\t\t<\/h3>\n\t\t\t\t<div class=\"elementor-post__excerpt\">\n\t\t\t<p>16 pyta\u0144 do Svena Schellina (Anfibio Packrafting) na temat packraftingu w og\u00f3le i Anfibio w szczeg\u00f3lno\u015bci. Alexander Davydov (FAZ). <\/p>\t\t<\/div>\n\t\t\t\t\t<div class=\"elementor-post__read-more-wrapper\">\n\t\t\n\t\t<a class=\"elementor-post__read-more\" href=\"https:\/\/www.anfibio.com\/pl\/wywiad-faz\/\" aria-label=\"Read more about Wywiad FAZ\" tabindex=\"-1\" >\n\t\t\tDowiedz si\u0119 wi\u0119cej \"\t\t<\/a>\n\n\t\t\t\t\t<\/div>\n\t\t\t\t<\/div>\n\t\t\t\t<div class=\"elementor-post__meta-data\">\n\t\t\t\t\t<span class=\"elementor-post-date\">\n\t\t\t2020-08-07\t\t<\/span>\n\t\t\t\t<\/div>\n\t\t\t\t\t<\/div>\n\t\t<\/article>\n\t\t\t\t<\/div>\n\t\t\n\t\t\t\t\t\t<\/div>\n\t\t\t\t<\/div>\n\t\t\t\t\t<\/div>\n\t\t<\/div>\n\t\t\t\t\t<\/div>\n\t\t<\/section>\n\t\t\t\t\t<\/div>\n\t\t<\/div>\n\t\t\t\t\t<\/div>\n\t\t<\/section>\n\t\t\t\t<section class=\"elementor-section elementor-top-section elementor-element elementor-element-d0fbb21 elementor-section-stretched elementor-section-boxed elementor-section-height-default elementor-section-height-default\" data-id=\"d0fbb21\" data-element_type=\"section\" data-e-type=\"section\" data-settings=\"{&quot;stretch_section&quot;:&quot;section-stretched&quot;,&quot;background_background&quot;:&quot;classic&quot;}\">\n\t\t\t\t\t\t\t<div class=\"elementor-background-overlay\"><\/div>\n\t\t\t\t\t\t\t<div class=\"elementor-container elementor-column-gap-default\">\n\t\t\t\t\t<div class=\"elementor-column elementor-col-100 elementor-top-column elementor-element elementor-element-411d39f\" data-id=\"411d39f\" data-element_type=\"column\" data-e-type=\"column\">\n\t\t\t<div class=\"elementor-widget-wrap elementor-element-populated\">\n\t\t\t\t\t\t<div class=\"elementor-element elementor-element-ee5ea0f elementor-widget elementor-widget-spacer\" data-id=\"ee5ea0f\" data-element_type=\"widget\" data-e-type=\"widget\" data-widget_type=\"spacer.default\">\n\t\t\t\t<div class=\"elementor-widget-container\">\n\t\t\t\t\t\t\t<div class=\"elementor-spacer\">\n\t\t\t<div class=\"elementor-spacer-inner\"><\/div>\n\t\t<\/div>\n\t\t\t\t\t\t<\/div>\n\t\t\t\t<\/div>\n\t\t\t\t\t<\/div>\n\t\t<\/div>\n\t\t\t\t\t<\/div>\n\t\t<\/section>\n\t\t\t\t<\/div>\n\t\t","protected":false},"excerpt":{"rendered":"<p>Wewn\u0105trz Raporty Ciekawe, prowokuj\u0105ce do my\u015blenia, ekscytuj\u0105ce. To jest nasz k\u0105cik czatu. Oto spojrzenie za kulisy, z dala od tego, co zwyk\u0142e i oczekiwane. Anfibio z innej perspektywy. Jak na zdj\u0119ciu powy\u017cej. Zrobione przez naszego Thomasa Butzmanna.<\/p>\n","protected":false},"author":6,"featured_media":0,"parent":0,"menu_order":0,"comment_status":"open","ping_status":"closed","template":"","meta":{"_acf_changed":false,"footnotes":""},"class_list":["post-37123","page","type-page","status-publish","hentry"],"acf":[],"yoast_head":"<!-- This site is optimized with the Yoast SEO plugin v27.3 - https:\/\/yoast.com\/product\/yoast-seo-wordpress\/ -->\n<title>Raporty - Anfibio<\/title>\n<meta name=\"robots\" content=\"index, follow, max-snippet:-1, max-image-preview:large, max-video-preview:-1\" \/>\n<link rel=\"canonical\" href=\"https:\/\/www.anfibio.com\/pl\/raporty\/\" \/>\n<meta property=\"og:locale\" content=\"pl_PL\" \/>\n<meta property=\"og:type\" content=\"article\" \/>\n<meta property=\"og:title\" content=\"Raporty - Anfibio\" \/>\n<meta property=\"og:description\" content=\"Wewn\u0105trz Raporty Ciekawe, prowokuj\u0105ce do my\u015blenia, ekscytuj\u0105ce. To jest nasz k\u0105cik czatu. Oto spojrzenie za kulisy, z dala od tego, co zwyk\u0142e i oczekiwane. Anfibio z innej perspektywy. Jak na zdj\u0119ciu powy\u017cej. Zrobione przez naszego Thomasa Butzmanna.\" \/>\n<meta property=\"og:url\" content=\"https:\/\/www.anfibio.com\/pl\/raporty\/\" \/>\n<meta property=\"og:site_name\" content=\"Anfibio\" \/>\n<meta property=\"article:modified_time\" content=\"2026-01-12T13:36:04+00:00\" \/>\n<meta name=\"twitter:card\" content=\"summary_large_image\" \/>\n<!-- \/ Yoast SEO plugin. -->","yoast_head_json":{"title":"Raporty - Anfibio","robots":{"index":"index","follow":"follow","max-snippet":"max-snippet:-1","max-image-preview":"max-image-preview:large","max-video-preview":"max-video-preview:-1"},"canonical":"https:\/\/www.anfibio.com\/pl\/raporty\/","og_locale":"pl_PL","og_type":"article","og_title":"Raporty - Anfibio","og_description":"Wewn\u0105trz Raporty Ciekawe, prowokuj\u0105ce do my\u015blenia, ekscytuj\u0105ce. To jest nasz k\u0105cik czatu. Oto spojrzenie za kulisy, z dala od tego, co zwyk\u0142e i oczekiwane. Anfibio z innej perspektywy. Jak na zdj\u0119ciu powy\u017cej. Zrobione przez naszego Thomasa Butzmanna.","og_url":"https:\/\/www.anfibio.com\/pl\/raporty\/","og_site_name":"Anfibio","article_modified_time":"2026-01-12T13:36:04+00:00","twitter_card":"summary_large_image","schema":{"@context":"https:\/\/schema.org","@graph":[{"@type":"WebPage","@id":"https:\/\/www.anfibio.com\/pl\/raporty\/","url":"https:\/\/www.anfibio.com\/pl\/raporty\/","name":"Raporty - Anfibio","isPartOf":{"@id":"https:\/\/www.anfibio.com\/pl\/#website"},"datePublished":"2023-03-21T09:18:45+00:00","dateModified":"2026-01-12T13:36:04+00:00","breadcrumb":{"@id":"https:\/\/www.anfibio.com\/pl\/raporty\/#breadcrumb"},"inLanguage":"pl-PL","potentialAction":[{"@type":"ReadAction","target":["https:\/\/www.anfibio.com\/pl\/raporty\/"]}]},{"@type":"BreadcrumbList","@id":"https:\/\/www.anfibio.com\/pl\/raporty\/#breadcrumb","itemListElement":[{"@type":"ListItem","position":1,"name":"Home","item":"https:\/\/www.anfibio.com\/pl\/"},{"@type":"ListItem","position":2,"name":"Raporty"}]},{"@type":"WebSite","@id":"https:\/\/www.anfibio.com\/pl\/#website","url":"https:\/\/www.anfibio.com\/pl\/","name":"Anfibio Packrafting","description":"","potentialAction":[{"@type":"SearchAction","target":{"@type":"EntryPoint","urlTemplate":"https:\/\/www.anfibio.com\/pl\/?s={search_term_string}"},"query-input":{"@type":"PropertyValueSpecification","valueRequired":true,"valueName":"search_term_string"}}],"inLanguage":"pl-PL"}]}},"_links":{"self":[{"href":"https:\/\/www.anfibio.com\/pl\/wp-json\/wp\/v2\/pages\/37123","targetHints":{"allow":["GET"]}}],"collection":[{"href":"https:\/\/www.anfibio.com\/pl\/wp-json\/wp\/v2\/pages"}],"about":[{"href":"https:\/\/www.anfibio.com\/pl\/wp-json\/wp\/v2\/types\/page"}],"author":[{"embeddable":true,"href":"https:\/\/www.anfibio.com\/pl\/wp-json\/wp\/v2\/users\/6"}],"replies":[{"embeddable":true,"href":"https:\/\/www.anfibio.com\/pl\/wp-json\/wp\/v2\/comments?post=37123"}],"version-history":[{"count":2,"href":"https:\/\/www.anfibio.com\/pl\/wp-json\/wp\/v2\/pages\/37123\/revisions"}],"predecessor-version":[{"id":37125,"href":"https:\/\/www.anfibio.com\/pl\/wp-json\/wp\/v2\/pages\/37123\/revisions\/37125"}],"wp:attachment":[{"href":"https:\/\/www.anfibio.com\/pl\/wp-json\/wp\/v2\/media?parent=37123"}],"curies":[{"name":"wp","href":"https:\/\/api.w.org\/{rel}","templated":true}]}}