{"id":37168,"date":"2022-02-09T13:15:17","date_gmt":"2022-02-09T13:15:17","guid":{"rendered":"https:\/\/www.anfibio.com\/newsletter\/"},"modified":"2026-01-12T13:36:15","modified_gmt":"2026-01-12T13:36:15","slug":"newsletter","status":"publish","type":"page","link":"https:\/\/www.anfibio.com\/pl\/newsletter\/","title":{"rendered":"Newsletter"},"content":{"rendered":"\t\t<div data-elementor-type=\"wp-page\" data-elementor-id=\"37168\" class=\"elementor elementor-37168 elementor-6047\" data-elementor-post-type=\"page\">\n\t\t\t\t\t\t<section class=\"elementor-section elementor-top-section elementor-element elementor-element-5f1415c elementor-section-stretched elementor-section-boxed elementor-section-height-default elementor-section-height-default\" data-id=\"5f1415c\" data-element_type=\"section\" data-e-type=\"section\" data-settings=\"{&quot;stretch_section&quot;:&quot;section-stretched&quot;,&quot;background_background&quot;:&quot;classic&quot;}\">\n\t\t\t\t\t\t<div class=\"elementor-container elementor-column-gap-default\">\n\t\t\t\t\t<div class=\"elementor-column elementor-col-100 elementor-top-column elementor-element elementor-element-bb26dbb\" data-id=\"bb26dbb\" data-element_type=\"column\" data-e-type=\"column\">\n\t\t\t<div class=\"elementor-widget-wrap elementor-element-populated\">\n\t\t\t\t\t\t<div class=\"elementor-element elementor-element-b4e728a text-rotate elementor-widget elementor-widget-heading\" data-id=\"b4e728a\" data-element_type=\"widget\" data-e-type=\"widget\" data-widget_type=\"heading.default\">\n\t\t\t\t<div class=\"elementor-widget-container\">\n\t\t\t\t\t<h1 class=\"elementor-heading-title elementor-size-default\">Nasz biuletyn<\/h1>\t\t\t\t<\/div>\n\t\t\t\t<\/div>\n\t\t\t\t<div class=\"elementor-element elementor-element-c31cbf5 text-rotate elementor-widget elementor-widget-heading\" data-id=\"c31cbf5\" data-element_type=\"widget\" data-e-type=\"widget\" data-widget_type=\"heading.default\">\n\t\t\t\t<div class=\"elementor-widget-container\">\n\t\t\t\t\t<h2 class=\"elementor-heading-title elementor-size-default\"><h3>Nowo\u015bci produktowe, informacje o wydarzeniach i raporty z podr\u00f3\u017cy<\/h3><\/h2>\t\t\t\t<\/div>\n\t\t\t\t<\/div>\n\t\t\t\t<section class=\"elementor-section elementor-inner-section elementor-element elementor-element-176b10d elementor-section-full_width elementor-section-height-default elementor-section-height-default\" data-id=\"176b10d\" data-element_type=\"section\" data-e-type=\"section\">\n\t\t\t\t\t\t<div class=\"elementor-container elementor-column-gap-default\">\n\t\t\t\t\t<div class=\"elementor-column elementor-col-50 elementor-inner-column elementor-element elementor-element-b47e10d\" data-id=\"b47e10d\" data-element_type=\"column\" data-e-type=\"column\">\n\t\t\t<div class=\"elementor-widget-wrap elementor-element-populated\">\n\t\t\t\t\t\t<div class=\"elementor-element elementor-element-f21b802 elementor-widget elementor-widget-text-editor\" data-id=\"f21b802\" data-element_type=\"widget\" data-e-type=\"widget\" data-widget_type=\"text-editor.default\">\n\t\t\t\t<div class=\"elementor-widget-container\">\n\t\t\t\t\t\t\t\t\t<p>Nigdy wi\u0119cej nie przegap \u017cadnych nowo\u015bci! Dzi\u0119ki naszemu newsletterowi b\u0119dziesz zawsze na bie\u017c\u0105co. Skrzynka odbiorcza e-mail zawsze pozostanie pod kontrol\u0105 &#8211; nasz biuletyn wysy\u0142amy tylko raz na trzy miesi\u0105ce, ale jest on pe\u0142en ekscytuj\u0105cych temat\u00f3w.  <\/p><p> <\/p><p>Dane nie b\u0119d\u0105 przekazywane stronom trzecim. Rejestracj\u0119 mo\u017cna anulowa\u0107 w dowolnym momencie. <\/p>\t\t\t\t\t\t\t\t<\/div>\n\t\t\t\t<\/div>\n\t\t\t\t\t<\/div>\n\t\t<\/div>\n\t\t\t\t<div class=\"elementor-column elementor-col-50 elementor-inner-column elementor-element elementor-element-c3cb9b7\" data-id=\"c3cb9b7\" data-element_type=\"column\" data-e-type=\"column\">\n\t\t\t<div class=\"elementor-widget-wrap elementor-element-populated\">\n\t\t\t\t\t\t<div class=\"elementor-element elementor-element-c7396e6 elementor-hidden-desktop elementor-hidden-tablet elementor-hidden-mobile elementor-button-align-stretch elementor-widget elementor-widget-form\" data-id=\"c7396e6\" data-element_type=\"widget\" data-e-type=\"widget\" data-settings=\"{&quot;step_next_label&quot;:&quot;Nast\\u0119pny&quot;,&quot;step_previous_label&quot;:&quot;Poprzedni&quot;,&quot;step_type&quot;:&quot;none&quot;,&quot;step_icon_shape&quot;:&quot;none&quot;,&quot;button_width&quot;:&quot;50&quot;}\" data-widget_type=\"form.default\">\n\t\t\t\t<div class=\"elementor-widget-container\">\n\t\t\t\t\t\t\t<form class=\"elementor-form\" method=\"post\" id=\"subscribe\" name=\"Nowy formularz\" aria-label=\"Nowy formularz\">\n\t\t\t<input type=\"hidden\" name=\"post_id\" value=\"37168\"\/>\n\t\t\t<input type=\"hidden\" name=\"form_id\" value=\"c7396e6\"\/>\n\t\t\t<input type=\"hidden\" name=\"referer_title\" value=\"Anfibio\" \/>\n\n\t\t\t\n\t\t\t<div class=\"elementor-form-fields-wrapper elementor-labels-\">\n\t\t\t\t\t\t\t\t<div class=\"elementor-field-type-html elementor-field-group elementor-column elementor-field-group-field_07cd3a7 elementor-col-100\">\n\t\t\t\t\t<form id=\"subscribe\" method=\"post\" action=\"https:\/\/www.newstroll.de\/app\/sub\/\" target=\"_new\">\t\t\t\t<\/div>\n\t\t\t\t\t\t\t\t<div class=\"elementor-field-type-select elementor-field-group elementor-column elementor-field-group-sprache elementor-col-100 elementor-field-required\">\n\t\t\t\t\t\t\t\t\t\t\t\t<label for=\"form-field-sprache\" class=\"elementor-field-label elementor-screen-only\">\n\t\t\t\t\t\t\t\tWybierz j\u0119zyk\t\t\t\t\t\t\t<\/label>\n\t\t\t\t\t\t\t\t<div class=\"elementor-field elementor-select-wrapper remove-before \">\n\t\t\t<div class=\"select-caret-down-wrapper\">\n\t\t\t\t<svg aria-hidden=\"true\" class=\"e-font-icon-svg e-eicon-caret-down\" viewBox=\"0 0 571.4 571.4\" xmlns=\"http:\/\/www.w3.org\/2000\/svg\"><path d=\"M571 393Q571 407 561 418L311 668Q300 679 286 679T261 668L11 418Q0 407 0 393T11 368 36 357H536Q550 357 561 368T571 393Z\"><\/path><\/svg>\t\t\t<\/div>\n\t\t\t<select name=\"form_fields[sprache]\" id=\"form-field-sprache\" class=\"elementor-field-textual elementor-size-lg\" required=\"required\">\n\t\t\t\t\t\t\t\t\t<option value=\"\"><\/option>\n\t\t\t\t\t\t\t\t\t<option value=\"110106\">Niemiecki<\/option>\n\t\t\t\t\t\t\t\t\t<option value=\"110109\">Angielski<\/option>\n\t\t\t\t\t\t\t<\/select>\n\t\t<\/div>\n\t\t\t\t\t\t<\/div>\n\t\t\t\t\t\t\t\t<div class=\"elementor-field-type-html elementor-field-group elementor-column elementor-field-group-field_98a97ea elementor-col-100\">\n\t\t\t\t\tImi\u0119 i nazwisko u\u017cytkownika\t\t\t\t<\/div>\n\t\t\t\t\t\t\t\t<div class=\"elementor-field-type-text elementor-field-group elementor-column elementor-field-group-vorname elementor-col-50\">\n\t\t\t\t\t\t\t\t\t\t\t\t\t<input size=\"1\" type=\"text\" name=\"form_fields[vorname]\" id=\"form-field-vorname\" class=\"elementor-field elementor-size-lg  elementor-field-textual\" placeholder=\"Imi\u0119\">\n\t\t\t\t\t\t\t\t\t\t\t<\/div>\n\t\t\t\t\t\t\t\t<div class=\"elementor-field-type-text elementor-field-group elementor-column elementor-field-group-nachname elementor-col-50\">\n\t\t\t\t\t\t\t\t\t\t\t\t\t<input size=\"1\" type=\"text\" name=\"form_fields[nachname]\" id=\"form-field-nachname\" class=\"elementor-field elementor-size-lg  elementor-field-textual\" placeholder=\"Nazwisko\">\n\t\t\t\t\t\t\t\t\t\t\t<\/div>\n\t\t\t\t\t\t\t\t<div class=\"elementor-field-type-select elementor-field-group elementor-column elementor-field-group-geschaeftskunden elementor-col-100\">\n\t\t\t\t\t\t\t\t\t\t\t\t<label for=\"form-field-geschaeftskunden\" class=\"elementor-field-label elementor-screen-only\">\n\t\t\t\t\t\t\t\tKlienci biznesowi\t\t\t\t\t\t\t<\/label>\n\t\t\t\t\t\t\t\t<div class=\"elementor-field elementor-select-wrapper remove-before \">\n\t\t\t<div class=\"select-caret-down-wrapper\">\n\t\t\t\t<svg aria-hidden=\"true\" class=\"e-font-icon-svg e-eicon-caret-down\" viewBox=\"0 0 571.4 571.4\" xmlns=\"http:\/\/www.w3.org\/2000\/svg\"><path d=\"M571 393Q571 407 561 418L311 668Q300 679 286 679T261 668L11 418Q0 407 0 393T11 368 36 357H536Q550 357 561 368T571 393Z\"><\/path><\/svg>\t\t\t<\/div>\n\t\t\t<select name=\"form_fields[geschaeftskunden]\" id=\"form-field-geschaeftskunden\" class=\"elementor-field-textual elementor-size-lg\">\n\t\t\t\t\t\t\t\t\t<option value=\"\"><\/option>\n\t\t\t\t\t\t\t\t\t<option value=\"Tak\">Tak<\/option>\n\t\t\t\t\t\t\t\t\t<option value=\"Nie\">Nie<\/option>\n\t\t\t\t\t\t\t<\/select>\n\t\t<\/div>\n\t\t\t\t\t\t<\/div>\n\t\t\t\t\t\t\t\t<div class=\"elementor-field-type-email elementor-field-group elementor-column elementor-field-group-email elementor-col-100 elementor-field-required\">\n\t\t\t\t\t\t\t\t\t\t\t\t<label for=\"form-field-email\" class=\"elementor-field-label elementor-screen-only\">\n\t\t\t\t\t\t\t\te-mail\t\t\t\t\t\t\t<\/label>\n\t\t\t\t\t\t\t\t\t\t\t\t\t\t<input size=\"1\" type=\"email\" name=\"form_fields[email]\" id=\"form-field-email\" class=\"elementor-field elementor-size-lg  elementor-field-textual\" placeholder=\"e-mail\" required=\"required\">\n\t\t\t\t\t\t\t\t\t\t\t<\/div>\n\t\t\t\t\t\t\t\t<div class=\"elementor-field-type-acceptance elementor-field-group elementor-column elementor-field-group-field_114a938 elementor-col-100\">\n\t\t\t\t\t\t\t<div class=\"elementor-field-subgroup\">\n\t\t\t<span class=\"elementor-field-option\">\n\t\t\t\t<input type=\"checkbox\" name=\"form_fields[field_114a938]\" id=\"form-field-field_114a938\" class=\"elementor-field elementor-size-lg  elementor-acceptance-field\">\n\t\t\t\t<label for=\"form-field-field_114a938\">Akceptuj\u0119 polityk\u0119 prywatno\u015bci<\/label>\t\t\t<\/span>\n\t\t<\/div>\n\t\t\t\t\t\t<\/div>\n\t\t\t\t\t\t\t\t<div class=\"elementor-field-group elementor-column elementor-field-type-submit elementor-col-50 e-form__buttons\">\n\t\t\t\t\t<button class=\"elementor-button elementor-size-sm\" type=\"submit\">\n\t\t\t\t\t\t<span class=\"elementor-button-content-wrapper\">\n\t\t\t\t\t\t\t\t\t\t\t\t\t\t\t\t\t\t\t\t\t\t<span class=\"elementor-button-text\">Subskrybuj teraz<\/span>\n\t\t\t\t\t\t\t\t\t\t\t\t\t<\/span>\n\t\t\t\t\t<\/button>\n\t\t\t\t<\/div>\n\t\t\t<\/div>\n\t\t<\/form>\n\t\t\t\t\t\t<\/div>\n\t\t\t\t<\/div>\n\t\t\t\t<div class=\"elementor-element elementor-element-446baf4 elementor-widget elementor-widget-html\" data-id=\"446baf4\" data-element_type=\"widget\" data-e-type=\"widget\" data-widget_type=\"html.default\">\n\t\t\t\t<div class=\"elementor-widget-container\">\n\t\t\t\t\t\n<div class=\"elementor-element elementor-element-c7396e6 elementor-button-align-stretch elementor-widget elementor-widget-form is-mac\" data-id=\"c7396e6\" data-element_type=\"widget\" data-settings=\"{\"step_next_label\":\"Next\",\"step_previous_label\":\"Previous\",\"step_type\":\"none\",\"step_icon_shape\":\"none\",\"button_width\":\"100\"}\" data-widget_type=\"form.default\">\n    <div class=\"elementor-widget-container\">\n  <form method=\"post\" action=\"https:\/\/newsletter.anfibio.com\/app\/sub\/\" target=\"_new\">\n  <\/form><form id=\"subscribe\" method=\"post\" action=\"https:\/\/www.newstroll.de\/app\/sub\/\" target=\"_new\" class=\"elementor-form\">\n    <div class=\"elementor-form-fields-wrapper elementor-labels-above\">\n      <div class=\"elementor-field-type-select elementor-field-group elementor-column elementor-field-group-sprache elementor-col-100 elementor-field-required\">\n        <label for=\"form-field-sprache\" class=\"elementor-field-label elementor-field-label elementor-screen-only\">Wybierz j\u0119zyk<\/label>\n        <div class=\"elementor-field elementor-select-wrapper \">\n          <select name=\"gruppe\" class=\"form-control elementor-field elementor-size-lg  elementor-field-textual\">\n            <option value=\"110106\">J\u0119zyk | J\u0119zyk: Niemiecki<\/option>\n            <option value=\"110109\">J\u0119zyk | J\u0119zyk: Angielski<\/option>\n          <\/select>\n        <\/div>\n      <\/div>\n      <div class=\"elementor-field-type-text elementor-field-group elementor-column elementor-field-group-vorname elementor-col-100\">\n        <label for=\"Vorname\" class=\"elementor-field-label elementor-field-label elementor-screen-only\">Imi\u0119<\/label>\n        <input type=\"text\" class=\"form-control elementor-field elementor-size-lg  elementor-field-textual\" name=\"Vorname\" placeholder=\"Imi\u0119\">\n      <\/div>\n      <div class=\"elementor-field-type-select elementor-field-group elementor-column elementor-field-group-geschaeftskunden elementor-col-100\">\n        <label for=\"Nachname\" class=\"elementor-field-label elementor-field-label elementor-screen-only\">Nazwisko<\/label>\n        <input type=\"text\" class=\"form-control elementor-field elementor-size-lg  elementor-field-textual\" name=\"Nachname\" placeholder=\"Nazwisko\">\n      <\/div>\n      <div class=\"elementor-field-type-select elementor-field-group elementor-column elementor-field-group-geschaeftskunden elementor-col-100\">\n        <label for=\"form-field-geschaeftskunden\" class=\"elementor-field-label elementor-field-label elementor-screen-only\">Klienci biznesowi<\/label>\n        <div class=\"elementor-field elementor-select-wrapper \">\n          <select class=\"form-control elementor-field elementor-size-lg  elementor-field-textual\" name=\"B2B\">\n            <option value=\"Nein\">Klient biznesowy: Nie<\/option>\n            <option value=\"Ja\">Klient biznesowy: tak<\/option>\n          <\/select>\n        <\/div>\n      <\/div>\n      <div class=\"elementor-field-type-email elementor-field-group elementor-column elementor-field-group-email elementor-col-100 elementor-field-required\">\n        <label for=\"form-field-email\" class=\"elementor-field-label elementor-field-label elementor-screen-only\">E-mail*<\/label>\n        <input type=\"email\" class=\"form-control elementor-field elementor-size-lg  elementor-field-textual\" name=\"email\" placeholder=\"Tw\u00f3j adres e-mail*\" required=\"required\" aria-required=\"true\">\n      <\/div>\n \n\n    <div class=\" elementor-column elementor-field-type-submit elementor-col-50 \">\n      <button type=\"submit\" value=\"Zapisz si\u0119 do naszego newslettera\" class=\"elementor-button elementor-size-sm\"> <span class=\"elementor-button-text\">Subskrybuj teraz<\/span><\/button><\/div>\n      <div class=\" elementor-column elementor-field-type-submit elementor-col-50 \">\n      <input class=\"btn\" type=\"submit\" name=\"optout\" value=\"Rezygnacja z subskrypcji newslettera\" style=\"color:#326496;\">\n    <\/div>   <\/div>\n    <br><br>    <p>Wi\u0119cej informacji na temat ochrony danych, pomiaru wydajno\u015bci i prawa do rezygnacji mo\u017cna znale\u017a\u0107 w naszej <a href=\"https:\/\/www.anfibio.com\/pl\/?page_id=37083\" target=\"_blank\">polityce prywatno\u015bci<\/a>.<\/p>\n  <\/form>\n\n<\/div>\n<\/div>\t\t\t\t<\/div>\n\t\t\t\t<\/div>\n\t\t\t\t\t<\/div>\n\t\t<\/div>\n\t\t\t\t\t<\/div>\n\t\t<\/section>\n\t\t\t\t\t<\/div>\n\t\t<\/div>\n\t\t\t\t\t<\/div>\n\t\t<\/section>\n\t\t\t\t<section class=\"elementor-section elementor-top-section elementor-element elementor-element-1d01b59 elementor-section-stretched elementor-section-boxed elementor-section-height-default elementor-section-height-default\" data-id=\"1d01b59\" data-element_type=\"section\" data-e-type=\"section\" data-settings=\"{&quot;stretch_section&quot;:&quot;section-stretched&quot;,&quot;background_background&quot;:&quot;classic&quot;}\">\n\t\t\t\t\t\t\t<div class=\"elementor-background-overlay\"><\/div>\n\t\t\t\t\t\t\t<div class=\"elementor-container elementor-column-gap-default\">\n\t\t\t\t\t<div class=\"elementor-column elementor-col-100 elementor-top-column elementor-element elementor-element-f07b8a6\" data-id=\"f07b8a6\" data-element_type=\"column\" data-e-type=\"column\">\n\t\t\t<div class=\"elementor-widget-wrap elementor-element-populated\">\n\t\t\t\t\t\t<div class=\"elementor-element elementor-element-c1c52c5 elementor-widget elementor-widget-spacer\" data-id=\"c1c52c5\" data-element_type=\"widget\" data-e-type=\"widget\" data-widget_type=\"spacer.default\">\n\t\t\t\t<div class=\"elementor-widget-container\">\n\t\t\t\t\t\t\t<div class=\"elementor-spacer\">\n\t\t\t<div class=\"elementor-spacer-inner\"><\/div>\n\t\t<\/div>\n\t\t\t\t\t\t<\/div>\n\t\t\t\t<\/div>\n\t\t\t\t\t<\/div>\n\t\t<\/div>\n\t\t\t\t\t<\/div>\n\t\t<\/section>\n\t\t\t\t<\/div>\n\t\t","protected":false},"excerpt":{"rendered":"<p>Nasz biuletyn Nowo\u015bci produktowe, informacje o wydarzeniach i raporty z podr\u00f3\u017cy Nigdy wi\u0119cej nie przegap \u017cadnych nowo\u015bci! Dzi\u0119ki naszemu newsletterowi b\u0119dziesz zawsze na bie\u017c\u0105co. Skrzynka odbiorcza e-mail zawsze pozostanie pod kontrol\u0105 &#8211; nasz biuletyn wysy\u0142amy tylko raz na trzy miesi\u0105ce, ale jest on pe\u0142en ekscytuj\u0105cych temat\u00f3w. Dane nie b\u0119d\u0105 przekazywane stronom trzecim. Rejestracj\u0119 mo\u017cna anulowa\u0107 [&hellip;]<\/p>\n","protected":false},"author":5,"featured_media":0,"parent":0,"menu_order":0,"comment_status":"closed","ping_status":"closed","template":"","meta":{"_acf_changed":false,"footnotes":""},"class_list":["post-37168","page","type-page","status-publish","hentry"],"acf":[],"yoast_head":"<!-- This site is optimized with the Yoast SEO plugin v27.3 - https:\/\/yoast.com\/product\/yoast-seo-wordpress\/ -->\n<title>Newsletter | Anfibio Packrafting<\/title>\n<meta name=\"description\" content=\"B\u0105d\u017a pierwszym, kt\u00f3ry otrzyma nowo\u015bci produktowe, informacje o wydarzeniach i raporty z podr\u00f3\u017cy dzi\u0119ki biuletynowi Anfibio Packrafting.\" \/>\n<meta name=\"robots\" content=\"index, follow, max-snippet:-1, max-image-preview:large, max-video-preview:-1\" \/>\n<link rel=\"canonical\" href=\"https:\/\/www.anfibio.com\/pl\/newsletter\/\" \/>\n<meta property=\"og:locale\" content=\"pl_PL\" \/>\n<meta property=\"og:type\" content=\"article\" \/>\n<meta property=\"og:title\" content=\"Newsletter | Anfibio Packrafting\" \/>\n<meta property=\"og:description\" content=\"B\u0105d\u017a pierwszym, kt\u00f3ry otrzyma nowo\u015bci produktowe, informacje o wydarzeniach i raporty z podr\u00f3\u017cy dzi\u0119ki biuletynowi Anfibio Packrafting.\" \/>\n<meta property=\"og:url\" content=\"https:\/\/www.anfibio.com\/pl\/newsletter\/\" \/>\n<meta property=\"og:site_name\" content=\"Anfibio\" \/>\n<meta property=\"article:modified_time\" content=\"2026-01-12T13:36:15+00:00\" \/>\n<meta name=\"twitter:card\" content=\"summary_large_image\" \/>\n<meta name=\"twitter:label1\" content=\"Szacowany czas czytania\" \/>\n\t<meta name=\"twitter:data1\" content=\"1 minuta\" \/>\n<!-- \/ Yoast SEO plugin. -->","yoast_head_json":{"title":"Newsletter | Anfibio Packrafting","description":"B\u0105d\u017a pierwszym, kt\u00f3ry otrzyma nowo\u015bci produktowe, informacje o wydarzeniach i raporty z podr\u00f3\u017cy dzi\u0119ki biuletynowi Anfibio Packrafting.","robots":{"index":"index","follow":"follow","max-snippet":"max-snippet:-1","max-image-preview":"max-image-preview:large","max-video-preview":"max-video-preview:-1"},"canonical":"https:\/\/www.anfibio.com\/pl\/newsletter\/","og_locale":"pl_PL","og_type":"article","og_title":"Newsletter | Anfibio Packrafting","og_description":"B\u0105d\u017a pierwszym, kt\u00f3ry otrzyma nowo\u015bci produktowe, informacje o wydarzeniach i raporty z podr\u00f3\u017cy dzi\u0119ki biuletynowi Anfibio Packrafting.","og_url":"https:\/\/www.anfibio.com\/pl\/newsletter\/","og_site_name":"Anfibio","article_modified_time":"2026-01-12T13:36:15+00:00","twitter_card":"summary_large_image","twitter_misc":{"Szacowany czas czytania":"1 minuta"},"schema":{"@context":"https:\/\/schema.org","@graph":[{"@type":"WebPage","@id":"https:\/\/www.anfibio.com\/pl\/newsletter\/","url":"https:\/\/www.anfibio.com\/pl\/newsletter\/","name":"Newsletter | Anfibio Packrafting","isPartOf":{"@id":"https:\/\/www.anfibio.com\/pl\/#website"},"datePublished":"2022-02-09T13:15:17+00:00","dateModified":"2026-01-12T13:36:15+00:00","description":"B\u0105d\u017a pierwszym, kt\u00f3ry otrzyma nowo\u015bci produktowe, informacje o wydarzeniach i raporty z podr\u00f3\u017cy dzi\u0119ki biuletynowi Anfibio Packrafting.","breadcrumb":{"@id":"https:\/\/www.anfibio.com\/pl\/newsletter\/#breadcrumb"},"inLanguage":"pl-PL","potentialAction":[{"@type":"ReadAction","target":["https:\/\/www.anfibio.com\/pl\/newsletter\/"]}]},{"@type":"BreadcrumbList","@id":"https:\/\/www.anfibio.com\/pl\/newsletter\/#breadcrumb","itemListElement":[{"@type":"ListItem","position":1,"name":"Home","item":"https:\/\/www.anfibio.com\/pl\/"},{"@type":"ListItem","position":2,"name":"Newsletter"}]},{"@type":"WebSite","@id":"https:\/\/www.anfibio.com\/pl\/#website","url":"https:\/\/www.anfibio.com\/pl\/","name":"Anfibio Packrafting","description":"","potentialAction":[{"@type":"SearchAction","target":{"@type":"EntryPoint","urlTemplate":"https:\/\/www.anfibio.com\/pl\/?s={search_term_string}"},"query-input":{"@type":"PropertyValueSpecification","valueRequired":true,"valueName":"search_term_string"}}],"inLanguage":"pl-PL"}]}},"_links":{"self":[{"href":"https:\/\/www.anfibio.com\/pl\/wp-json\/wp\/v2\/pages\/37168","targetHints":{"allow":["GET"]}}],"collection":[{"href":"https:\/\/www.anfibio.com\/pl\/wp-json\/wp\/v2\/pages"}],"about":[{"href":"https:\/\/www.anfibio.com\/pl\/wp-json\/wp\/v2\/types\/page"}],"author":[{"embeddable":true,"href":"https:\/\/www.anfibio.com\/pl\/wp-json\/wp\/v2\/users\/5"}],"replies":[{"embeddable":true,"href":"https:\/\/www.anfibio.com\/pl\/wp-json\/wp\/v2\/comments?post=37168"}],"version-history":[{"count":2,"href":"https:\/\/www.anfibio.com\/pl\/wp-json\/wp\/v2\/pages\/37168\/revisions"}],"predecessor-version":[{"id":37191,"href":"https:\/\/www.anfibio.com\/pl\/wp-json\/wp\/v2\/pages\/37168\/revisions\/37191"}],"wp:attachment":[{"href":"https:\/\/www.anfibio.com\/pl\/wp-json\/wp\/v2\/media?parent=37168"}],"curies":[{"name":"wp","href":"https:\/\/api.w.org\/{rel}","templated":true}]}}