{"id":37259,"date":"2022-06-08T14:10:51","date_gmt":"2022-06-08T14:10:51","guid":{"rendered":"https:\/\/www.anfibio.com\/linki\/"},"modified":"2026-01-12T13:36:37","modified_gmt":"2026-01-12T13:36:37","slug":"linki","status":"publish","type":"page","link":"https:\/\/www.anfibio.com\/pl\/linki\/","title":{"rendered":"Linki"},"content":{"rendered":"\t\t<div data-elementor-type=\"wp-page\" data-elementor-id=\"37259\" class=\"elementor elementor-37259 elementor-18619\" data-elementor-post-type=\"page\">\n\t\t\t\t\t\t<section class=\"elementor-section elementor-top-section elementor-element elementor-element-b2b8a1b elementor-section-stretched elementor-section-boxed elementor-section-height-default elementor-section-height-default\" data-id=\"b2b8a1b\" data-element_type=\"section\" data-e-type=\"section\" data-settings=\"{&quot;stretch_section&quot;:&quot;section-stretched&quot;,&quot;background_background&quot;:&quot;classic&quot;}\">\n\t\t\t\t\t\t\t<div class=\"elementor-background-overlay\"><\/div>\n\t\t\t\t\t\t\t<div class=\"elementor-container elementor-column-gap-default\">\n\t\t\t\t\t<div class=\"elementor-column elementor-col-100 elementor-top-column elementor-element elementor-element-57b731b\" data-id=\"57b731b\" data-element_type=\"column\" data-e-type=\"column\" data-settings=\"{&quot;background_background&quot;:&quot;classic&quot;}\">\n\t\t\t<div class=\"elementor-widget-wrap elementor-element-populated\">\n\t\t\t\t\t\t<div class=\"elementor-element elementor-element-59e2a57 elementor-widget elementor-widget-text-editor\" data-id=\"59e2a57\" data-element_type=\"widget\" data-e-type=\"widget\" data-widget_type=\"text-editor.default\">\n\t\t\t\t\t\t\t\t\t<p>Tymczasowa nagana<\/p>\t\t\t\t\t\t\t\t<\/div>\n\t\t\t\t<section class=\"elementor-section elementor-inner-section elementor-element elementor-element-50f4d8b elementor-section-boxed elementor-section-height-default elementor-section-height-default\" data-id=\"50f4d8b\" data-element_type=\"section\" data-e-type=\"section\" data-settings=\"{&quot;background_background&quot;:&quot;classic&quot;}\">\n\t\t\t\t\t\t<div class=\"elementor-container elementor-column-gap-default\">\n\t\t\t\t\t<div class=\"elementor-column elementor-col-100 elementor-inner-column elementor-element elementor-element-0e96780\" data-id=\"0e96780\" data-element_type=\"column\" data-e-type=\"column\">\n\t\t\t<div class=\"elementor-widget-wrap elementor-element-populated\">\n\t\t\t\t\t\t<div class=\"elementor-element elementor-element-03f26ab elementor-align-center elementor-mobile-align-center elementor-widget elementor-widget-button\" data-id=\"03f26ab\" data-element_type=\"widget\" data-e-type=\"widget\" data-widget_type=\"button.default\">\n\t\t\t\t\t\t\t\t\t\t<a class=\"elementor-button elementor-button-link elementor-size-sm\" href=\"https:\/\/www.packrafting.de\/2022\/08\/seilfaehre-tutorial.html\" target=\"_blank\">\n\t\t\t\t\t\t<span class=\"elementor-button-content-wrapper\">\n\t\t\t\t\t\t\t\t\t<span class=\"elementor-button-text\">Aktualny link<\/span>\n\t\t\t\t\t<\/span>\n\t\t\t\t\t<\/a>\n\t\t\t\t\t\t\t\t<\/div>\n\t\t\t\t\t<\/div>\n\t\t<\/div>\n\t\t\t\t\t<\/div>\n\t\t<\/section>\n\t\t\t\t<div class=\"elementor-element elementor-element-48dbfc8 elementor-widget elementor-widget-text-editor\" data-id=\"48dbfc8\" data-element_type=\"widget\" data-e-type=\"widget\" data-widget_type=\"text-editor.default\">\n\t\t\t\t\t\t\t\t\t<p>Firma i marka<\/p>\t\t\t\t\t\t\t\t<\/div>\n\t\t\t\t<section class=\"elementor-section elementor-inner-section elementor-element elementor-element-55f5ec3 elementor-section-boxed elementor-section-height-default elementor-section-height-default\" data-id=\"55f5ec3\" data-element_type=\"section\" data-e-type=\"section\" data-settings=\"{&quot;background_background&quot;:&quot;classic&quot;}\">\n\t\t\t\t\t\t<div class=\"elementor-container elementor-column-gap-default\">\n\t\t\t\t\t<div class=\"elementor-column elementor-col-100 elementor-inner-column elementor-element elementor-element-d15e599\" data-id=\"d15e599\" data-element_type=\"column\" data-e-type=\"column\">\n\t\t\t<div class=\"elementor-widget-wrap elementor-element-populated\">\n\t\t\t\t\t\t<div class=\"elementor-element elementor-element-727955e elementor-widget elementor-widget-image\" data-id=\"727955e\" data-element_type=\"widget\" data-e-type=\"widget\" data-widget_type=\"image.default\">\n\t\t\t\t\t\t\t\t\t\t\t\t\t\t\t\t<a href=\"https:\/\/www.anfibio.com\/pl\/\" target=\"_blank\">\n\t\t\t\t\t\t\t<img fetchpriority=\"high\" decoding=\"async\" width=\"1024\" height=\"423\" src=\"https:\/\/www.anfibio.com\/wp-content\/uploads\/2022\/06\/Logo_Anfibio_de_4c-com-punkt-grau-1024x423.png\" class=\"attachment-large size-large wp-image-18632\" alt=\"\" srcset=\"https:\/\/www.anfibio.com\/wp-content\/uploads\/2022\/06\/Logo_Anfibio_de_4c-com-punkt-grau-1024x423.png 1024w, https:\/\/www.anfibio.com\/wp-content\/uploads\/2022\/06\/Logo_Anfibio_de_4c-com-punkt-grau-300x124.png 300w, https:\/\/www.anfibio.com\/wp-content\/uploads\/2022\/06\/Logo_Anfibio_de_4c-com-punkt-grau-768x317.png 768w, https:\/\/www.anfibio.com\/wp-content\/uploads\/2022\/06\/Logo_Anfibio_de_4c-com-punkt-grau-1536x635.png 1536w, https:\/\/www.anfibio.com\/wp-content\/uploads\/2022\/06\/Logo_Anfibio_de_4c-com-punkt-grau.png 2009w\" sizes=\"(max-width: 1024px) 100vw, 1024px\" \/>\t\t\t\t\t\t\t\t<\/a>\n\t\t\t\t\t\t\t\t\t\t\t\t\t\t\t<\/div>\n\t\t\t\t\t<\/div>\n\t\t<\/div>\n\t\t\t\t\t<\/div>\n\t\t<\/section>\n\t\t\t\t<div class=\"elementor-element elementor-element-8ce9ac5 elementor-widget elementor-widget-text-editor\" data-id=\"8ce9ac5\" data-element_type=\"widget\" data-e-type=\"widget\" data-widget_type=\"text-editor.default\">\n\t\t\t\t\t\t\t\t\t<p>Punkt kompleksowej obs\u0142ugi dla packraftingu<\/p>\t\t\t\t\t\t\t\t<\/div>\n\t\t\t\t<section class=\"elementor-section elementor-inner-section elementor-element elementor-element-b9a1568 elementor-section-boxed elementor-section-height-default elementor-section-height-default\" data-id=\"b9a1568\" data-element_type=\"section\" data-e-type=\"section\" data-settings=\"{&quot;background_background&quot;:&quot;classic&quot;}\">\n\t\t\t\t\t\t<div class=\"elementor-container elementor-column-gap-default\">\n\t\t\t\t\t<div class=\"elementor-column elementor-col-100 elementor-inner-column elementor-element elementor-element-f5fffd8\" data-id=\"f5fffd8\" data-element_type=\"column\" data-e-type=\"column\">\n\t\t\t<div class=\"elementor-widget-wrap elementor-element-populated\">\n\t\t\t\t\t\t<div class=\"elementor-element elementor-element-c31fcb6 elementor-widget elementor-widget-image\" data-id=\"c31fcb6\" data-element_type=\"widget\" data-e-type=\"widget\" data-widget_type=\"image.default\">\n\t\t\t\t\t\t\t\t\t\t\t\t\t\t\t\t<a href=\"https:\/\/www.packrafting-store.de\/\" target=\"_blank\">\n\t\t\t\t\t\t\t<img decoding=\"async\" width=\"800\" height=\"187\" src=\"https:\/\/www.anfibio.com\/wp-content\/uploads\/2022\/06\/web-Logo_Anfibio_2_StoreB_rgb.png\" class=\"attachment-large size-large wp-image-18634\" alt=\"\" srcset=\"https:\/\/www.anfibio.com\/wp-content\/uploads\/2022\/06\/web-Logo_Anfibio_2_StoreB_rgb.png 800w, https:\/\/www.anfibio.com\/wp-content\/uploads\/2022\/06\/web-Logo_Anfibio_2_StoreB_rgb-300x70.png 300w, https:\/\/www.anfibio.com\/wp-content\/uploads\/2022\/06\/web-Logo_Anfibio_2_StoreB_rgb-768x180.png 768w\" sizes=\"(max-width: 800px) 100vw, 800px\" \/>\t\t\t\t\t\t\t\t<\/a>\n\t\t\t\t\t\t\t\t\t\t\t\t\t\t\t<\/div>\n\t\t\t\t\t<\/div>\n\t\t<\/div>\n\t\t\t\t\t<\/div>\n\t\t<\/section>\n\t\t\t\t<div class=\"elementor-element elementor-element-84cf2cb elementor-widget elementor-widget-text-editor\" data-id=\"84cf2cb\" data-element_type=\"widget\" data-e-type=\"widget\" data-widget_type=\"text-editor.default\">\n\t\t\t\t\t\t\t\t\t<p>Wycieczki, porady i spo\u0142eczno\u015b\u0107<\/p>\t\t\t\t\t\t\t\t<\/div>\n\t\t\t\t<section class=\"elementor-section elementor-inner-section elementor-element elementor-element-4b5f821 elementor-section-boxed elementor-section-height-default elementor-section-height-default\" data-id=\"4b5f821\" data-element_type=\"section\" data-e-type=\"section\" data-settings=\"{&quot;background_background&quot;:&quot;classic&quot;}\">\n\t\t\t\t\t\t<div class=\"elementor-container elementor-column-gap-default\">\n\t\t\t\t\t<div class=\"elementor-column elementor-col-100 elementor-inner-column elementor-element elementor-element-e8ea5a4\" data-id=\"e8ea5a4\" data-element_type=\"column\" data-e-type=\"column\">\n\t\t\t<div class=\"elementor-widget-wrap elementor-element-populated\">\n\t\t\t\t\t\t<div class=\"elementor-element elementor-element-a1fdba0 elementor-widget elementor-widget-image\" data-id=\"a1fdba0\" data-element_type=\"widget\" data-e-type=\"widget\" data-widget_type=\"image.default\">\n\t\t\t\t\t\t\t\t\t\t\t\t\t\t\t\t<a href=\"https:\/\/www.packrafting.de\/\" target=\"_blank\">\n\t\t\t\t\t\t\t<img decoding=\"async\" width=\"1024\" height=\"239\" src=\"https:\/\/www.anfibio.com\/wp-content\/uploads\/2022\/07\/Logo_Anfibio_2_BlogB_rgb-1024x239.png\" class=\"attachment-large size-large wp-image-19808\" alt=\"\" srcset=\"https:\/\/www.anfibio.com\/wp-content\/uploads\/2022\/07\/Logo_Anfibio_2_BlogB_rgb-1024x239.png 1024w, https:\/\/www.anfibio.com\/wp-content\/uploads\/2022\/07\/Logo_Anfibio_2_BlogB_rgb-300x70.png 300w, https:\/\/www.anfibio.com\/wp-content\/uploads\/2022\/07\/Logo_Anfibio_2_BlogB_rgb-768x180.png 768w, https:\/\/www.anfibio.com\/wp-content\/uploads\/2022\/07\/Logo_Anfibio_2_BlogB_rgb-1536x359.png 1536w, https:\/\/www.anfibio.com\/wp-content\/uploads\/2022\/07\/Logo_Anfibio_2_BlogB_rgb-2048x479.png 2048w\" sizes=\"(max-width: 1024px) 100vw, 1024px\" \/>\t\t\t\t\t\t\t\t<\/a>\n\t\t\t\t\t\t\t\t\t\t\t\t\t\t\t<\/div>\n\t\t\t\t\t<\/div>\n\t\t<\/div>\n\t\t\t\t\t<\/div>\n\t\t<\/section>\n\t\t\t\t<div class=\"elementor-element elementor-element-e1e0695 elementor-widget elementor-widget-text-editor\" data-id=\"e1e0695\" data-element_type=\"widget\" data-e-type=\"widget\" data-widget_type=\"text-editor.default\">\n\t\t\t\t\t\t\t\t\t<p>Nowe produkty, oferty i wydarzenia<\/p>\t\t\t\t\t\t\t\t<\/div>\n\t\t\t\t<section class=\"elementor-section elementor-inner-section elementor-element elementor-element-1ee7f8b elementor-section-boxed elementor-section-height-default elementor-section-height-default\" data-id=\"1ee7f8b\" data-element_type=\"section\" data-e-type=\"section\" data-settings=\"{&quot;background_background&quot;:&quot;classic&quot;}\">\n\t\t\t\t\t\t<div class=\"elementor-container elementor-column-gap-default\">\n\t\t\t\t\t<div class=\"elementor-column elementor-col-100 elementor-inner-column elementor-element elementor-element-794c6d0\" data-id=\"794c6d0\" data-element_type=\"column\" data-e-type=\"column\">\n\t\t\t<div class=\"elementor-widget-wrap elementor-element-populated\">\n\t\t\t\t\t\t<div class=\"elementor-element elementor-element-8b11bdd elementor-widget elementor-widget-image\" data-id=\"8b11bdd\" data-element_type=\"widget\" data-e-type=\"widget\" data-widget_type=\"image.default\">\n\t\t\t\t\t\t\t\t\t\t\t\t\t\t\t\t<a href=\"https:\/\/www.anfibio.com\/pl\/?page_id=37168\" target=\"_blank\">\n\t\t\t\t\t\t\t<img loading=\"lazy\" decoding=\"async\" width=\"1024\" height=\"205\" src=\"https:\/\/www.anfibio.com\/wp-content\/uploads\/2022\/07\/Logo_Packraft_Newsletter-1024x205.png\" class=\"attachment-large size-large wp-image-19806\" alt=\"\" srcset=\"https:\/\/www.anfibio.com\/wp-content\/uploads\/2022\/07\/Logo_Packraft_Newsletter-1024x205.png 1024w, https:\/\/www.anfibio.com\/wp-content\/uploads\/2022\/07\/Logo_Packraft_Newsletter-300x60.png 300w, https:\/\/www.anfibio.com\/wp-content\/uploads\/2022\/07\/Logo_Packraft_Newsletter-768x154.png 768w, https:\/\/www.anfibio.com\/wp-content\/uploads\/2022\/07\/Logo_Packraft_Newsletter-1536x307.png 1536w, https:\/\/www.anfibio.com\/wp-content\/uploads\/2022\/07\/Logo_Packraft_Newsletter.png 1829w\" sizes=\"(max-width: 1024px) 100vw, 1024px\" \/>\t\t\t\t\t\t\t\t<\/a>\n\t\t\t\t\t\t\t\t\t\t\t\t\t\t\t<\/div>\n\t\t\t\t\t<\/div>\n\t\t<\/div>\n\t\t\t\t\t<\/div>\n\t\t<\/section>\n\t\t\t\t<div class=\"elementor-element elementor-element-33620c3 elementor-widget elementor-widget-text-editor\" data-id=\"33620c3\" data-element_type=\"widget\" data-e-type=\"widget\" data-widget_type=\"text-editor.default\">\n\t\t\t\t\t\t\t\t\t<p>Nasze marki packraft\u00f3w<\/p>\t\t\t\t\t\t\t\t<\/div>\n\t\t\t\t<section class=\"elementor-section elementor-inner-section elementor-element elementor-element-99139ef elementor-section-boxed elementor-section-height-default elementor-section-height-default\" data-id=\"99139ef\" data-element_type=\"section\" data-e-type=\"section\" data-settings=\"{&quot;background_background&quot;:&quot;classic&quot;}\">\n\t\t\t\t\t\t<div class=\"elementor-container elementor-column-gap-default\">\n\t\t\t\t\t<div class=\"elementor-column elementor-col-100 elementor-inner-column elementor-element elementor-element-c79c780\" data-id=\"c79c780\" data-element_type=\"column\" data-e-type=\"column\">\n\t\t\t<div class=\"elementor-widget-wrap elementor-element-populated\">\n\t\t\t\t\t\t<div class=\"elementor-element elementor-element-1303ce9 elementor-widget elementor-widget-image\" data-id=\"1303ce9\" data-element_type=\"widget\" data-e-type=\"widget\" data-widget_type=\"image.default\">\n\t\t\t\t\t\t\t\t\t\t\t\t\t\t\t\t<a href=\"https:\/\/www.packrafting-store.de\/Packrafts\/Anfibio-Packrafts:::43_64.html\" target=\"_blank\">\n\t\t\t\t\t\t\t<img loading=\"lazy\" decoding=\"async\" width=\"1024\" height=\"368\" src=\"https:\/\/www.anfibio.com\/wp-content\/uploads\/2022\/02\/anfibio-packrafting-store-logo-apg.png\" class=\"attachment-large size-large wp-image-12248\" alt=\"Anfibio Packrafting Gear Logo\" srcset=\"https:\/\/www.anfibio.com\/wp-content\/uploads\/2022\/02\/anfibio-packrafting-store-logo-apg.png 1024w, https:\/\/www.anfibio.com\/wp-content\/uploads\/2022\/02\/anfibio-packrafting-store-logo-apg-300x108.png 300w, https:\/\/www.anfibio.com\/wp-content\/uploads\/2022\/02\/anfibio-packrafting-store-logo-apg-768x276.png 768w\" sizes=\"(max-width: 1024px) 100vw, 1024px\" \/>\t\t\t\t\t\t\t\t<\/a>\n\t\t\t\t\t\t\t\t\t\t\t\t\t\t\t<\/div>\n\t\t\t\t\t<\/div>\n\t\t<\/div>\n\t\t\t\t\t<\/div>\n\t\t<\/section>\n\t\t\t\t<section class=\"elementor-section elementor-inner-section elementor-element elementor-element-04964a9 elementor-section-boxed elementor-section-height-default elementor-section-height-default\" data-id=\"04964a9\" data-element_type=\"section\" data-e-type=\"section\" data-settings=\"{&quot;background_background&quot;:&quot;classic&quot;}\">\n\t\t\t\t\t\t<div class=\"elementor-container elementor-column-gap-default\">\n\t\t\t\t\t<div class=\"elementor-column elementor-col-100 elementor-inner-column elementor-element elementor-element-35c82a9\" data-id=\"35c82a9\" data-element_type=\"column\" data-e-type=\"column\">\n\t\t\t<div class=\"elementor-widget-wrap elementor-element-populated\">\n\t\t\t\t\t\t<div class=\"elementor-element elementor-element-986944b elementor-widget elementor-widget-image\" data-id=\"986944b\" data-element_type=\"widget\" data-e-type=\"widget\" data-widget_type=\"image.default\">\n\t\t\t\t\t\t\t\t\t\t\t\t\t\t\t\t<a href=\"https:\/\/www.packrafting-store.de\/Packrafts\/MRS-Packrafts:::43_65.html\" target=\"_blank\">\n\t\t\t\t\t\t\t<img loading=\"lazy\" decoding=\"async\" width=\"1024\" height=\"429\" src=\"https:\/\/www.anfibio.com\/wp-content\/uploads\/2022\/07\/LOGO-1-1024x429.png\" class=\"attachment-large size-large wp-image-19811\" alt=\"\" srcset=\"https:\/\/www.anfibio.com\/wp-content\/uploads\/2022\/07\/LOGO-1-1024x429.png 1024w, https:\/\/www.anfibio.com\/wp-content\/uploads\/2022\/07\/LOGO-1-300x126.png 300w, https:\/\/www.anfibio.com\/wp-content\/uploads\/2022\/07\/LOGO-1-768x321.png 768w, https:\/\/www.anfibio.com\/wp-content\/uploads\/2022\/07\/LOGO-1-1536x643.png 1536w, https:\/\/www.anfibio.com\/wp-content\/uploads\/2022\/07\/LOGO-1.png 1904w\" sizes=\"(max-width: 1024px) 100vw, 1024px\" \/>\t\t\t\t\t\t\t\t<\/a>\n\t\t\t\t\t\t\t\t\t\t\t\t\t\t\t<\/div>\n\t\t\t\t\t<\/div>\n\t\t<\/div>\n\t\t\t\t\t<\/div>\n\t\t<\/section>\n\t\t\t\t<section class=\"elementor-section elementor-inner-section elementor-element elementor-element-7170ccc elementor-section-boxed elementor-section-height-default elementor-section-height-default\" data-id=\"7170ccc\" data-element_type=\"section\" data-e-type=\"section\" data-settings=\"{&quot;background_background&quot;:&quot;classic&quot;}\">\n\t\t\t\t\t\t<div class=\"elementor-container elementor-column-gap-default\">\n\t\t\t\t\t<div class=\"elementor-column elementor-col-100 elementor-inner-column elementor-element elementor-element-4c5e07c\" data-id=\"4c5e07c\" data-element_type=\"column\" data-e-type=\"column\">\n\t\t\t<div class=\"elementor-widget-wrap elementor-element-populated\">\n\t\t\t\t\t\t<div class=\"elementor-element elementor-element-821edd7 elementor-widget elementor-widget-image\" data-id=\"821edd7\" data-element_type=\"widget\" data-e-type=\"widget\" data-widget_type=\"image.default\">\n\t\t\t\t\t\t\t\t\t\t\t\t\t\t\t\t<a href=\"https:\/\/www.packrafting-store.de\/Packrafts\/Andere-Marken:::43_66.html\" target=\"_blank\">\n\t\t\t\t\t\t\t<img loading=\"lazy\" decoding=\"async\" width=\"1024\" height=\"580\" src=\"https:\/\/www.anfibio.com\/wp-content\/uploads\/2022\/07\/Trademark-GP-Logo-schwarz-1024x580.png\" class=\"attachment-large size-large wp-image-19960\" alt=\"\" srcset=\"https:\/\/www.anfibio.com\/wp-content\/uploads\/2022\/07\/Trademark-GP-Logo-schwarz-1024x580.png 1024w, https:\/\/www.anfibio.com\/wp-content\/uploads\/2022\/07\/Trademark-GP-Logo-schwarz-300x170.png 300w, https:\/\/www.anfibio.com\/wp-content\/uploads\/2022\/07\/Trademark-GP-Logo-schwarz-768x435.png 768w, https:\/\/www.anfibio.com\/wp-content\/uploads\/2022\/07\/Trademark-GP-Logo-schwarz-1536x870.png 1536w, https:\/\/www.anfibio.com\/wp-content\/uploads\/2022\/07\/Trademark-GP-Logo-schwarz.png 2000w\" sizes=\"(max-width: 1024px) 100vw, 1024px\" \/>\t\t\t\t\t\t\t\t<\/a>\n\t\t\t\t\t\t\t\t\t\t\t\t\t\t\t<\/div>\n\t\t\t\t\t<\/div>\n\t\t<\/div>\n\t\t\t\t\t<\/div>\n\t\t<\/section>\n\t\t\t\t\t<\/div>\n\t\t<\/div>\n\t\t\t\t\t<\/div>\n\t\t<\/section>\n\t\t\t\t<section class=\"elementor-section elementor-top-section elementor-element elementor-element-429ab21b elementor-section-stretched elementor-section-boxed elementor-section-height-default elementor-section-height-default\" data-id=\"429ab21b\" data-element_type=\"section\" data-e-type=\"section\" data-settings=\"{&quot;stretch_section&quot;:&quot;section-stretched&quot;,&quot;background_background&quot;:&quot;classic&quot;}\">\n\t\t\t\t\t\t\t<div class=\"elementor-background-overlay\"><\/div>\n\t\t\t\t\t\t\t<div class=\"elementor-container elementor-column-gap-default\">\n\t\t\t\t\t<div class=\"elementor-column elementor-col-100 elementor-top-column elementor-element elementor-element-719a3ec1\" data-id=\"719a3ec1\" data-element_type=\"column\" data-e-type=\"column\">\n\t\t\t<div class=\"elementor-widget-wrap elementor-element-populated\">\n\t\t\t\t\t\t<div class=\"elementor-element elementor-element-798b7270 elementor-widget elementor-widget-spacer\" data-id=\"798b7270\" data-element_type=\"widget\" data-e-type=\"widget\" data-widget_type=\"spacer.default\">\n\t\t\t\t\t\t\t<div class=\"elementor-spacer\">\n\t\t\t<div class=\"elementor-spacer-inner\"><\/div>\n\t\t<\/div>\n\t\t\t\t\t\t<\/div>\n\t\t\t\t\t<\/div>\n\t\t<\/div>\n\t\t\t\t\t<\/div>\n\t\t<\/section>\n\t\t\t\t<\/div>\n\t\t","protected":false},"excerpt":{"rendered":"<p>Tymczasowa nagana Aktualny link Firma i marka Punkt kompleksowej obs\u0142ugi dla packraftingu Wycieczki, porady i spo\u0142eczno\u015b\u0107 Nowe produkty, oferty i wydarzenia Nasze marki packraft\u00f3w<\/p>\n","protected":false},"author":6,"featured_media":0,"parent":0,"menu_order":0,"comment_status":"closed","ping_status":"closed","template":"","meta":{"_acf_changed":false,"footnotes":""},"class_list":["post-37259","page","type-page","status-publish","hentry"],"acf":[],"yoast_head":"<!-- This site is optimized with the Yoast SEO plugin v27.3 - https:\/\/yoast.com\/product\/yoast-seo-wordpress\/ -->\n<title>Linki i referencje | Anfibio Packrafting<\/title>\n<meta name=\"robots\" content=\"index, follow, max-snippet:-1, max-image-preview:large, max-video-preview:-1\" \/>\n<link rel=\"canonical\" href=\"https:\/\/www.anfibio.com\/pl\/linki\/\" \/>\n<meta property=\"og:locale\" content=\"pl_PL\" \/>\n<meta property=\"og:type\" content=\"article\" \/>\n<meta property=\"og:title\" content=\"Linki i referencje | Anfibio Packrafting\" \/>\n<meta property=\"og:description\" content=\"Tymczasowa nagana Aktualny link Firma i marka Punkt kompleksowej obs\u0142ugi dla packraftingu Wycieczki, porady i spo\u0142eczno\u015b\u0107 Nowe produkty, oferty i wydarzenia Nasze marki packraft\u00f3w\" \/>\n<meta property=\"og:url\" content=\"https:\/\/www.anfibio.com\/pl\/linki\/\" \/>\n<meta property=\"og:site_name\" content=\"Anfibio\" \/>\n<meta property=\"article:modified_time\" content=\"2026-01-12T13:36:37+00:00\" \/>\n<meta property=\"og:image\" content=\"https:\/\/www.anfibio.com\/wp-content\/uploads\/2022\/06\/Logo_Anfibio_de_4c-com-punkt-grau-1024x423.png\" \/>\n<meta name=\"twitter:card\" content=\"summary_large_image\" \/>\n<!-- \/ Yoast SEO plugin. -->","yoast_head_json":{"title":"Linki i referencje | Anfibio Packrafting","robots":{"index":"index","follow":"follow","max-snippet":"max-snippet:-1","max-image-preview":"max-image-preview:large","max-video-preview":"max-video-preview:-1"},"canonical":"https:\/\/www.anfibio.com\/pl\/linki\/","og_locale":"pl_PL","og_type":"article","og_title":"Linki i referencje | Anfibio Packrafting","og_description":"Tymczasowa nagana Aktualny link Firma i marka Punkt kompleksowej obs\u0142ugi dla packraftingu Wycieczki, porady i spo\u0142eczno\u015b\u0107 Nowe produkty, oferty i wydarzenia Nasze marki packraft\u00f3w","og_url":"https:\/\/www.anfibio.com\/pl\/linki\/","og_site_name":"Anfibio","article_modified_time":"2026-01-12T13:36:37+00:00","og_image":[{"url":"https:\/\/www.anfibio.com\/wp-content\/uploads\/2022\/06\/Logo_Anfibio_de_4c-com-punkt-grau-1024x423.png","type":"","width":"","height":""}],"twitter_card":"summary_large_image","schema":{"@context":"https:\/\/schema.org","@graph":[{"@type":"WebPage","@id":"https:\/\/www.anfibio.com\/pl\/linki\/","url":"https:\/\/www.anfibio.com\/pl\/linki\/","name":"Linki i referencje | Anfibio Packrafting","isPartOf":{"@id":"https:\/\/www.anfibio.com\/pl\/#website"},"primaryImageOfPage":{"@id":"https:\/\/www.anfibio.com\/pl\/linki\/#primaryimage"},"image":{"@id":"https:\/\/www.anfibio.com\/pl\/linki\/#primaryimage"},"thumbnailUrl":"https:\/\/www.anfibio.com\/wp-content\/uploads\/2022\/06\/Logo_Anfibio_de_4c-com-punkt-grau-1024x423.png","datePublished":"2022-06-08T14:10:51+00:00","dateModified":"2026-01-12T13:36:37+00:00","breadcrumb":{"@id":"https:\/\/www.anfibio.com\/pl\/linki\/#breadcrumb"},"inLanguage":"pl-PL","potentialAction":[{"@type":"ReadAction","target":["https:\/\/www.anfibio.com\/pl\/linki\/"]}]},{"@type":"ImageObject","inLanguage":"pl-PL","@id":"https:\/\/www.anfibio.com\/pl\/linki\/#primaryimage","url":"https:\/\/www.anfibio.com\/wp-content\/uploads\/2022\/06\/Logo_Anfibio_de_4c-com-punkt-grau-1024x423.png","contentUrl":"https:\/\/www.anfibio.com\/wp-content\/uploads\/2022\/06\/Logo_Anfibio_de_4c-com-punkt-grau-1024x423.png"},{"@type":"BreadcrumbList","@id":"https:\/\/www.anfibio.com\/pl\/linki\/#breadcrumb","itemListElement":[{"@type":"ListItem","position":1,"name":"Home","item":"https:\/\/www.anfibio.com\/pl\/"},{"@type":"ListItem","position":2,"name":"Linki"}]},{"@type":"WebSite","@id":"https:\/\/www.anfibio.com\/pl\/#website","url":"https:\/\/www.anfibio.com\/pl\/","name":"Anfibio Packrafting","description":"","potentialAction":[{"@type":"SearchAction","target":{"@type":"EntryPoint","urlTemplate":"https:\/\/www.anfibio.com\/pl\/?s={search_term_string}"},"query-input":{"@type":"PropertyValueSpecification","valueRequired":true,"valueName":"search_term_string"}}],"inLanguage":"pl-PL"}]}},"_links":{"self":[{"href":"https:\/\/www.anfibio.com\/pl\/wp-json\/wp\/v2\/pages\/37259","targetHints":{"allow":["GET"]}}],"collection":[{"href":"https:\/\/www.anfibio.com\/pl\/wp-json\/wp\/v2\/pages"}],"about":[{"href":"https:\/\/www.anfibio.com\/pl\/wp-json\/wp\/v2\/types\/page"}],"author":[{"embeddable":true,"href":"https:\/\/www.anfibio.com\/pl\/wp-json\/wp\/v2\/users\/6"}],"replies":[{"embeddable":true,"href":"https:\/\/www.anfibio.com\/pl\/wp-json\/wp\/v2\/comments?post=37259"}],"version-history":[{"count":2,"href":"https:\/\/www.anfibio.com\/pl\/wp-json\/wp\/v2\/pages\/37259\/revisions"}],"predecessor-version":[{"id":37261,"href":"https:\/\/www.anfibio.com\/pl\/wp-json\/wp\/v2\/pages\/37259\/revisions\/37261"}],"wp:attachment":[{"href":"https:\/\/www.anfibio.com\/pl\/wp-json\/wp\/v2\/media?parent=37259"}],"curies":[{"name":"wp","href":"https:\/\/api.w.org\/{rel}","templated":true}]}}