{"id":35399,"date":"2021-11-16T21:15:45","date_gmt":"2021-11-16T21:15:45","guid":{"rendered":"https:\/\/www.anfibio.com\/impressao\/"},"modified":"2025-11-03T11:58:13","modified_gmt":"2025-11-03T11:58:13","slug":"impressao","status":"publish","type":"page","link":"https:\/\/www.anfibio.com\/pt-br\/impressao\/","title":{"rendered":"Impress\u00e3o"},"content":{"rendered":"\t\t<div data-elementor-type=\"wp-page\" data-elementor-id=\"35399\" class=\"elementor elementor-35399 elementor-2380\" data-elementor-post-type=\"page\">\n\t\t\t\t\t\t<section class=\"elementor-section elementor-top-section elementor-element elementor-element-17a6f4c1 elementor-section-stretched elementor-section-boxed elementor-section-height-default elementor-section-height-default\" data-id=\"17a6f4c1\" data-element_type=\"section\" data-e-type=\"section\" id=\"veranstalter\" data-settings=\"{&quot;stretch_section&quot;:&quot;section-stretched&quot;,&quot;background_background&quot;:&quot;classic&quot;}\">\n\t\t\t\t\t\t\t<div class=\"elementor-background-overlay\"><\/div>\n\t\t\t\t\t\t\t<div class=\"elementor-container elementor-column-gap-default\">\n\t\t\t\t\t<div class=\"elementor-column elementor-col-100 elementor-top-column elementor-element elementor-element-76390581\" data-id=\"76390581\" data-element_type=\"column\" data-e-type=\"column\">\n\t\t\t<div class=\"elementor-widget-wrap elementor-element-populated\">\n\t\t\t\t\t\t<div class=\"elementor-element elementor-element-c7a8edb elementor-widget elementor-widget-heading\" data-id=\"c7a8edb\" data-element_type=\"widget\" data-e-type=\"widget\" data-widget_type=\"heading.default\">\n\t\t\t\t\t<h1 class=\"elementor-heading-title elementor-size-default\">Impress\u00e3o<\/h1>\t\t\t\t<\/div>\n\t\t\t\t<div class=\"elementor-element elementor-element-65de6b0 elementor-widget elementor-widget-heading\" data-id=\"65de6b0\" data-element_type=\"widget\" data-e-type=\"widget\" data-widget_type=\"heading.default\">\n\t\t\t\t\t<h2 class=\"elementor-heading-title elementor-size-default\">Informa\u00e7\u00f5es de acordo com o \u00a7 5 TMG<\/h2>\t\t\t\t<\/div>\n\t\t\t\t<div class=\"elementor-element elementor-element-099daa4 elementor-widget elementor-widget-text-editor\" data-id=\"099daa4\" data-element_type=\"widget\" data-e-type=\"widget\" data-widget_type=\"text-editor.default\">\n\t\t\t\t\t\t\t\t\t<p>Anfibio Packrafting, Schellin &amp; Kreinacker GbR<br>K\u00f6rnerplatz 6<br>04107 Leipzig<\/p>\t\t\t\t\t\t\t\t<\/div>\n\t\t\t\t<div class=\"elementor-element elementor-element-bb497f7 elementor-widget elementor-widget-heading\" data-id=\"bb497f7\" data-element_type=\"widget\" data-e-type=\"widget\" data-widget_type=\"heading.default\">\n\t\t\t\t\t<h2 class=\"elementor-heading-title elementor-size-default\">Representado por<\/h2>\t\t\t\t<\/div>\n\t\t\t\t<div class=\"elementor-element elementor-element-1d5f6f7 elementor-widget elementor-widget-text-editor\" data-id=\"1d5f6f7\" data-element_type=\"widget\" data-e-type=\"widget\" data-widget_type=\"text-editor.default\">\n\t\t\t\t\t\t\t\t\t<p>Marc Kreinacker e Sven Schellin<\/p>\t\t\t\t\t\t\t\t<\/div>\n\t\t\t\t<div class=\"elementor-element elementor-element-8a5fa67 elementor-widget elementor-widget-heading\" data-id=\"8a5fa67\" data-element_type=\"widget\" data-e-type=\"widget\" data-widget_type=\"heading.default\">\n\t\t\t\t\t<h2 class=\"elementor-heading-title elementor-size-default\">Entre em contato conosco<\/h2>\t\t\t\t<\/div>\n\t\t\t\t<div class=\"elementor-element elementor-element-3013d94 elementor-widget elementor-widget-text-editor\" data-id=\"3013d94\" data-element_type=\"widget\" data-e-type=\"widget\" data-widget_type=\"text-editor.default\">\n\t\t\t\t\t\t\t\t\t<p>Telefone: +49(0)341-39281264<\/p>\n<p>E-mail: info@anfibio.com<\/p>\t\t\t\t\t\t\t\t<\/div>\n\t\t\t\t<div class=\"elementor-element elementor-element-1123b55 elementor-widget elementor-widget-heading\" data-id=\"1123b55\" data-element_type=\"widget\" data-e-type=\"widget\" data-widget_type=\"heading.default\">\n\t\t\t\t\t<h2 class=\"elementor-heading-title elementor-size-default\">Imposto sobre valor agregado<\/h2>\t\t\t\t<\/div>\n\t\t\t\t<div class=\"elementor-element elementor-element-f468e7a elementor-widget elementor-widget-text-editor\" data-id=\"f468e7a\" data-element_type=\"widget\" data-e-type=\"widget\" data-widget_type=\"text-editor.default\">\n\t\t\t\t\t\t\t\t\tN\u00famero de identifica\u00e7\u00e3o do imposto sobre vendas de acordo com o \u00a727 da lei do imposto sobre vendas: DE815376306\t\t\t\t\t\t\t\t<\/div>\n\t\t\t\t<div class=\"elementor-element elementor-element-002169c elementor-widget elementor-widget-heading\" data-id=\"002169c\" data-element_type=\"widget\" data-e-type=\"widget\" data-widget_type=\"heading.default\">\n\t\t\t\t\t<h2 class=\"elementor-heading-title elementor-size-default\">Resolu\u00e7\u00e3o de disputas<\/h2>\t\t\t\t<\/div>\n\t\t\t\t<div class=\"elementor-element elementor-element-98539ad elementor-widget elementor-widget-text-editor\" data-id=\"98539ad\" data-element_type=\"widget\" data-e-type=\"widget\" data-widget_type=\"text-editor.default\">\n\t\t\t\t\t\t\t\t\tA Comiss\u00e3o Europeia fornece uma plataforma para resolu\u00e7\u00e3o de disputas on-line (OS): https:\/\/ec.europa.eu\/consumers\/odr.\n\nVoc\u00ea pode encontrar nosso endere\u00e7o de e-mail acima no aviso legal.\n\nN\u00e3o estamos dispostos ou obrigados a participar de procedimentos de resolu\u00e7\u00e3o de disputas perante um conselho de arbitragem de consumidores.\t\t\t\t\t\t\t\t<\/div>\n\t\t\t\t<div class=\"elementor-element elementor-element-9f08680 elementor-widget elementor-widget-heading\" data-id=\"9f08680\" data-element_type=\"widget\" data-e-type=\"widget\" data-widget_type=\"heading.default\">\n\t\t\t\t\t<h2 class=\"elementor-heading-title elementor-size-default\">Responsabilidade pelo conte\u00fado<\/h2>\t\t\t\t<\/div>\n\t\t\t\t<div class=\"elementor-element elementor-element-794f52f elementor-widget elementor-widget-text-editor\" data-id=\"794f52f\" data-element_type=\"widget\" data-e-type=\"widget\" data-widget_type=\"text-editor.default\">\n\t\t\t\t\t\t\t\t\tComo provedor de servi\u00e7os, somos respons\u00e1veis por nosso pr\u00f3prio conte\u00fado nessas p\u00e1ginas, de acordo com a Se\u00e7\u00e3o 7 (1) da TMG (Lei Alem\u00e3 de Telem\u00eddia) e a legisla\u00e7\u00e3o geral. De acordo com os \u00a7\u00a7 8 a 10 da TMG, entretanto, n\u00f3s, como provedores de servi\u00e7os, n\u00e3o somos obrigados a monitorar informa\u00e7\u00f5es transmitidas ou armazenadas de terceiros ou a investigar circunst\u00e2ncias que indiquem atividade ilegal.  \n\nAs obriga\u00e7\u00f5es de remover ou bloquear o uso de informa\u00e7\u00f5es de acordo com a legisla\u00e7\u00e3o geral n\u00e3o s\u00e3o afetadas por isso. Entretanto, a responsabilidade a esse respeito s\u00f3 \u00e9 poss\u00edvel a partir do momento em que tomamos conhecimento de uma infra\u00e7\u00e3o espec\u00edfica. Assim que tomarmos conhecimento de tais infra\u00e7\u00f5es, removeremos esse conte\u00fado imediatamente.  \t\t\t\t\t\t\t\t<\/div>\n\t\t\t\t<div class=\"elementor-element elementor-element-9aad64f elementor-widget elementor-widget-heading\" data-id=\"9aad64f\" data-element_type=\"widget\" data-e-type=\"widget\" data-widget_type=\"heading.default\">\n\t\t\t\t\t<h2 class=\"elementor-heading-title elementor-size-default\">Responsabilidade por links<\/h2>\t\t\t\t<\/div>\n\t\t\t\t<div class=\"elementor-element elementor-element-40e6d14 elementor-widget elementor-widget-text-editor\" data-id=\"40e6d14\" data-element_type=\"widget\" data-e-type=\"widget\" data-widget_type=\"text-editor.default\">\n\t\t\t\t\t\t\t\t\t<p>Nosso site cont\u00e9m links para sites externos de terceiros sobre cujo conte\u00fado n\u00e3o temos influ\u00eancia. Portanto, n\u00e3o podemos aceitar qualquer responsabilidade por esse conte\u00fado de terceiros. O respectivo provedor ou operador das p\u00e1ginas \u00e9 sempre respons\u00e1vel pelo conte\u00fado das p\u00e1ginas vinculadas. As p\u00e1ginas vinculadas foram verificadas quanto a poss\u00edveis viola\u00e7\u00f5es legais no momento da vincula\u00e7\u00e3o. N\u00e3o foi poss\u00edvel reconhecer conte\u00fados ilegais no momento da vincula\u00e7\u00e3o.    <\/p><p>Entretanto, o monitoramento permanente do conte\u00fado das p\u00e1ginas vinculadas n\u00e3o \u00e9 razo\u00e1vel sem evid\u00eancias concretas de uma infra\u00e7\u00e3o. Se tomarmos conhecimento de qualquer infra\u00e7\u00e3o legal, removeremos esses links imediatamente. <\/p>\t\t\t\t\t\t\t\t<\/div>\n\t\t\t\t<div class=\"elementor-element elementor-element-1b7e5b8 elementor-widget elementor-widget-heading\" data-id=\"1b7e5b8\" data-element_type=\"widget\" data-e-type=\"widget\" data-widget_type=\"heading.default\">\n\t\t\t\t\t<h2 class=\"elementor-heading-title elementor-size-default\">Direitos autorais<\/h2>\t\t\t\t<\/div>\n\t\t\t\t<div class=\"elementor-element elementor-element-7701fa5 elementor-widget elementor-widget-text-editor\" data-id=\"7701fa5\" data-element_type=\"widget\" data-e-type=\"widget\" data-widget_type=\"text-editor.default\">\n\t\t\t\t\t\t\t\t\t<p>O conte\u00fado e os trabalhos criados pelos operadores do site nestas p\u00e1ginas est\u00e3o sujeitos \u00e0 lei alem\u00e3 de direitos autorais. A duplica\u00e7\u00e3o, o processamento, a distribui\u00e7\u00e3o e qualquer tipo de utiliza\u00e7\u00e3o fora dos limites da lei de direitos autorais requerem o consentimento por escrito do respectivo autor ou criador. Os downloads e c\u00f3pias deste site s\u00e3o permitidos somente para uso privado e n\u00e3o comercial.  <\/p>\n<p>&nbsp;<\/p>\n<p>Na medida em que o conte\u00fado deste site n\u00e3o foi criado pela operadora, os direitos autorais de terceiros s\u00e3o respeitados. Em particular, o conte\u00fado de terceiros \u00e9 rotulado como tal. Se, mesmo assim, voc\u00ea tomar conhecimento de uma viola\u00e7\u00e3o de direitos autorais, informe-nos adequadamente. Se tomarmos conhecimento de qualquer infra\u00e7\u00e3o, removeremos esse conte\u00fado imediatamente.   <\/p>\n<p>&nbsp;<\/p>\n<p>Cr\u00e9ditos da imagem: Todos os direitos reservados.<\/p>\n<p>&nbsp;<\/p>\n<p>Fotos: Thomas Butzmann, <span style=\"color: var( --e-global-color-21c35d7 );font-family: Exo, sans-serif\">Sven Schellin, Marc Kreinacker <\/span><span style=\"color: var( --e-global-color-21c35d7 );font-family: Exo, sans-serif\">, Lutz R\u00f6\u00dfiger, Lisa Kristin Schr\u00f6tter, Christian Martischius, Daniel Viol, Denis Closen, Gabriel Gersch, Holger Lieberenz, Matthias Henke, Mirko Fitschener, Tim Heide, Gerard Anton, Chris Scott, Felix Fogelstaller, Theo Larn-Jones, Gordon Bieling, Hans J\u00f6rg Ransmayr, Kilian Reil, Nils Junker, Peter Sikker, Richard L\u00f6wenherz, Robert Neu, Sebastian Schweizer, Steve Graepel, Joni Palom\u00e4ki, Patosan Manriquez, Alan Klee, Taulant Hoxha, Juliane Hermelbracht, Nicholas Brooks, Peggy Fischer, Tobias Schorcht <\/span><span style=\"font-family: Exo, sans-serif;color: var( --e-global-color-21c35d7 )\">, Anthony Komarnicki, <\/span><span style=\"font-family: Exo, sans-serif\"><sup>PlasticBank\u00ae<\/sup>, Hans-Georg Moll, Jan Vincent Kleine, <\/span>erlebe.bayern &#8211; Thomas Linkel, Mi\u0161ka Izakovi\u010dov\u00e1, Paul Taylor<\/p>\n<p><br><\/p>\n<p>\u00cdcones: www.flaticon.com<\/p>\n<p><br><\/p>\n<p>Web design: digitalwert\u00ae Agentur f\u00fcr digitale Wertsch\u00f6pfung GmbH<\/p>\n<p><br><\/p>\n<p>Conte\u00fado: Anfibio Packrafting, Schellin &amp; Kreinacker GbR<\/p>\t\t\t\t\t\t\t\t<\/div>\n\t\t\t\t\t<\/div>\n\t\t<\/div>\n\t\t\t\t\t<\/div>\n\t\t<\/section>\n\t\t\t\t<section class=\"elementor-section elementor-top-section elementor-element elementor-element-c472f95 elementor-section-stretched elementor-section-boxed elementor-section-height-default elementor-section-height-default\" data-id=\"c472f95\" data-element_type=\"section\" data-e-type=\"section\" data-settings=\"{&quot;stretch_section&quot;:&quot;section-stretched&quot;,&quot;background_background&quot;:&quot;classic&quot;}\">\n\t\t\t\t\t\t\t<div class=\"elementor-background-overlay\"><\/div>\n\t\t\t\t\t\t\t<div class=\"elementor-container elementor-column-gap-default\">\n\t\t\t\t\t<div class=\"elementor-column elementor-col-100 elementor-top-column elementor-element elementor-element-4856a25\" data-id=\"4856a25\" data-element_type=\"column\" data-e-type=\"column\">\n\t\t\t<div class=\"elementor-widget-wrap elementor-element-populated\">\n\t\t\t\t\t\t<div class=\"elementor-element elementor-element-f56098f elementor-widget elementor-widget-spacer\" data-id=\"f56098f\" data-element_type=\"widget\" data-e-type=\"widget\" data-widget_type=\"spacer.default\">\n\t\t\t\t\t\t\t<div class=\"elementor-spacer\">\n\t\t\t<div class=\"elementor-spacer-inner\"><\/div>\n\t\t<\/div>\n\t\t\t\t\t\t<\/div>\n\t\t\t\t\t<\/div>\n\t\t<\/div>\n\t\t\t\t\t<\/div>\n\t\t<\/section>\n\t\t\t\t<\/div>\n\t\t","protected":false},"excerpt":{"rendered":"<p>Impress\u00e3o Informa\u00e7\u00f5es de acordo com o \u00a7 5 TMG Anfibio Packrafting, Schellin &amp; Kreinacker GbRK\u00f6rnerplatz 604107 Leipzig Representado por Marc Kreinacker e Sven Schellin Entre em contato conosco Telefone: +49(0)341-39281264 E-mail: info@anfibio.com Imposto sobre valor agregado N\u00famero de identifica\u00e7\u00e3o do imposto sobre vendas de acordo com o \u00a727 da lei do imposto sobre vendas: DE815376306 [&hellip;]<\/p>\n","protected":false},"author":6,"featured_media":0,"parent":0,"menu_order":7,"comment_status":"closed","ping_status":"closed","template":"","meta":{"_acf_changed":false,"footnotes":""},"class_list":["post-35399","page","type-page","status-publish","hentry"],"acf":[],"yoast_head":"<!-- This site is optimized with the Yoast SEO plugin v27.3 - https:\/\/yoast.com\/product\/yoast-seo-wordpress\/ -->\n<title>Impress\u00e3o | Anfibio Packrafting<\/title>\n<meta name=\"description\" content=\"Aqui voc\u00ea pode encontrar a marca da Anfibio Packrafting!\" \/>\n<meta name=\"robots\" content=\"index, follow, max-snippet:-1, max-image-preview:large, max-video-preview:-1\" \/>\n<link rel=\"canonical\" href=\"https:\/\/www.anfibio.com\/pt-br\/impressao\/\" \/>\n<meta property=\"og:locale\" content=\"pt_BR\" \/>\n<meta property=\"og:type\" content=\"article\" \/>\n<meta property=\"og:title\" content=\"Impress\u00e3o | Anfibio Packrafting\" \/>\n<meta property=\"og:description\" content=\"Aqui voc\u00ea pode encontrar a marca da Anfibio Packrafting!\" \/>\n<meta property=\"og:url\" content=\"https:\/\/www.anfibio.com\/pt-br\/impressao\/\" \/>\n<meta property=\"og:site_name\" content=\"Anfibio\" \/>\n<meta property=\"article:modified_time\" content=\"2025-11-03T11:58:13+00:00\" \/>\n<meta name=\"twitter:card\" content=\"summary_large_image\" \/>\n<meta name=\"twitter:label1\" content=\"Est. tempo de leitura\" \/>\n\t<meta name=\"twitter:data1\" content=\"3 minutos\" \/>\n<!-- \/ Yoast SEO plugin. -->","yoast_head_json":{"title":"Impress\u00e3o | Anfibio Packrafting","description":"Aqui voc\u00ea pode encontrar a marca da Anfibio Packrafting!","robots":{"index":"index","follow":"follow","max-snippet":"max-snippet:-1","max-image-preview":"max-image-preview:large","max-video-preview":"max-video-preview:-1"},"canonical":"https:\/\/www.anfibio.com\/pt-br\/impressao\/","og_locale":"pt_BR","og_type":"article","og_title":"Impress\u00e3o | Anfibio Packrafting","og_description":"Aqui voc\u00ea pode encontrar a marca da Anfibio Packrafting!","og_url":"https:\/\/www.anfibio.com\/pt-br\/impressao\/","og_site_name":"Anfibio","article_modified_time":"2025-11-03T11:58:13+00:00","twitter_card":"summary_large_image","twitter_misc":{"Est. tempo de leitura":"3 minutos"},"schema":{"@context":"https:\/\/schema.org","@graph":[{"@type":"WebPage","@id":"https:\/\/www.anfibio.com\/pt-br\/impressao\/","url":"https:\/\/www.anfibio.com\/pt-br\/impressao\/","name":"Impress\u00e3o | Anfibio Packrafting","isPartOf":{"@id":"https:\/\/www.anfibio.com\/pt-br\/#website"},"datePublished":"2021-11-16T21:15:45+00:00","dateModified":"2025-11-03T11:58:13+00:00","description":"Aqui voc\u00ea pode encontrar a marca da Anfibio Packrafting!","breadcrumb":{"@id":"https:\/\/www.anfibio.com\/pt-br\/impressao\/#breadcrumb"},"inLanguage":"pt-BR","potentialAction":[{"@type":"ReadAction","target":["https:\/\/www.anfibio.com\/pt-br\/impressao\/"]}]},{"@type":"BreadcrumbList","@id":"https:\/\/www.anfibio.com\/pt-br\/impressao\/#breadcrumb","itemListElement":[{"@type":"ListItem","position":1,"name":"Home","item":"https:\/\/www.anfibio.com\/pt-br\/"},{"@type":"ListItem","position":2,"name":"Impress\u00e3o"}]},{"@type":"WebSite","@id":"https:\/\/www.anfibio.com\/pt-br\/#website","url":"https:\/\/www.anfibio.com\/pt-br\/","name":"Anfibio Packrafting","description":"","potentialAction":[{"@type":"SearchAction","target":{"@type":"EntryPoint","urlTemplate":"https:\/\/www.anfibio.com\/pt-br\/?s={search_term_string}"},"query-input":{"@type":"PropertyValueSpecification","valueRequired":true,"valueName":"search_term_string"}}],"inLanguage":"pt-BR"}]}},"_links":{"self":[{"href":"https:\/\/www.anfibio.com\/pt-br\/wp-json\/wp\/v2\/pages\/35399","targetHints":{"allow":["GET"]}}],"collection":[{"href":"https:\/\/www.anfibio.com\/pt-br\/wp-json\/wp\/v2\/pages"}],"about":[{"href":"https:\/\/www.anfibio.com\/pt-br\/wp-json\/wp\/v2\/types\/page"}],"author":[{"embeddable":true,"href":"https:\/\/www.anfibio.com\/pt-br\/wp-json\/wp\/v2\/users\/6"}],"replies":[{"embeddable":true,"href":"https:\/\/www.anfibio.com\/pt-br\/wp-json\/wp\/v2\/comments?post=35399"}],"version-history":[{"count":0,"href":"https:\/\/www.anfibio.com\/pt-br\/wp-json\/wp\/v2\/pages\/35399\/revisions"}],"wp:attachment":[{"href":"https:\/\/www.anfibio.com\/pt-br\/wp-json\/wp\/v2\/media?parent=35399"}],"curies":[{"name":"wp","href":"https:\/\/api.w.org\/{rel}","templated":true}]}}